{"id":9625,"date":"2025-08-01T18:51:04","date_gmt":"2025-08-01T16:51:04","guid":{"rendered":"https:\/\/bylama.eu\/?page_id=9625"},"modified":"2025-08-01T18:52:23","modified_gmt":"2025-08-01T16:52:23","slug":"blog-bylama","status":"publish","type":"page","link":"https:\/\/bylama.eu\/en\/blog-bylama\/","title":{"rendered":"Blog Bylama"},"content":{"rendered":"<div data-elementor-type=\"wp-page\" data-elementor-id=\"9625\" class=\"elementor elementor-9625\" data-elementor-post-type=\"page\">\n\t\t\t\t<div class=\"elementor-element elementor-element-017adec e-flex e-con-boxed e-con e-parent\" data-id=\"017adec\" data-element_type=\"container\">\n\t\t\t\t\t<div class=\"e-con-inner\">\n\t\t\t\t<div class=\"elementor-element elementor-element-ba652b7 elementor-widget elementor-widget-qi_addons_for_elementor_blog_list\" data-id=\"ba652b7\" data-element_type=\"widget\" data-widget_type=\"qi_addons_for_elementor_blog_list.default\">\n\t\t\t\t<div class=\"elementor-widget-container\">\n\t\t\t\t\t<div class=\"qodef-shortcode qodef-m qodef-addons-blog-list qodef-info-no-icons qodef-image--hover-zoom qodef-qi-grid qodef-layout--qi-columns qodef-col-num--3 qodef-item-layout--boxed qodef-responsive--predefined\" >\n\t<div class=\"qodef-grid-inner\">\n\t\t<article class=\"qodef-e qodef-blog-item qodef-grid-item qodef-item--full post-9213 post type-post status-publish format-standard hentry category-ekspert-bylama-radzi tag-bylama tag-ekologiczne-produkty tag-hipoalergiczne-koldry-z-alpaki tag-poduszki-dla-niemowlat tag-zdrowy-sen-dzieci\">\n\t<div class=\"qodef-e-inner\">\n\t\t<div class=\"qodef-e-media-holder\">\n\t\t\t<div class=\"qodef-e-media\">\n\t<\/div>\n<div itemprop=\"dateCreated\" class=\"qodef-e-info-item qodef-e-info-date entry-date\">\n\t<a itemprop=\"url\" href=\"https:\/\/bylama.eu\/en\/2024\/11\/\">\n\t\t1 Nov\t<\/a>\n<\/div>\n\t\t<\/div>\n\t\t<div class=\"qodef-e-content\">\n\t\t\t\t\t\t\t<div class=\"qodef-e-info qodef-info--top\">\n\t\t\t\t\t<div class=\"qodef-e-info-item qodef-e-info-category\">\n\t\t<a href=\"https:\/\/bylama.eu\/en\/category\/ekspert-bylama-radzi\/\" rel=\"category tag\">ByLama Expert Tips<\/a><\/div>\n<div class=\"qodef-e-info-item qodef-e-info-author\">\n\t<a itemprop=\"author\" class=\"qodef-e-info-author-link\" href=\"https:\/\/bylama.eu\/en\/author\/admin\/\">\n\t\t\t\tadmin\t<\/a>\n<\/div>\n\t\t\t\t<\/div>\n\t\t\t\t\t\t<div class=\"qodef-e-text\">\n\t\t\t\t<h5 itemprop=\"name\" class=\"qodef-e-title entry-title\">\n\t<a itemprop=\"url\" class=\"qodef-e-title-link\" href=\"https:\/\/bylama.eu\/en\/ekspert-bylama-radzi\/okladka-magazyn-mama\/\">\n\t\tbyLama on the Cover of Mama Magazine \u2013 A Great Honor for Our Brand!\t<\/a>\n<\/h5>\n\t\t<p itemprop=\"description\" class=\"qodef-e-excerpt\">\n\t\t\tbyLama on the cover of Mama magazine! Natural alpaca products are the perfect choice for your child's healthy sleep.\t\t<\/p>\n\t\t\t\t<\/div>\n\t\t\t\t\t\t\t<div class=\"qodef-e-info qodef-info--bottom\">\n\t\t\t\t\t\t<div class=\"qodef-e-read-more\">\n\t\t<a class=\"qodef-shortcode qodef-m qodef-qi-button qodef-html--link qodef-layout--filled qodef-type--standard qodef-icon--right qodef-hover--icon-move-horizontal-short\" href=\"https:\/\/bylama.eu\/en\/ekspert-bylama-radzi\/okladka-magazyn-mama\/\" target=\"_self\">\t<span class=\"qodef-m-text\">Read more &gt;&gt;<\/span>\t<\/a>\t<\/div>\n\t\t\t\t<\/div>\n\t\t\t\t\t<\/div>\n\t<\/div>\n<\/article>\n<article class=\"qodef-e qodef-blog-item qodef-grid-item qodef-item--full post-1139 post type-post status-publish format-standard hentry category-ekspert-bylama-radzi tag-koldry-z-alpaki tag-luksusowe-koldry tag-proces-produkcji-kolder tag-produkcja-kolder tag-sortowanie-i-przetwarzanie-welny tag-szycie-kolder-z-alpaki tag-termoregulacyjne-koldry tag-testowanie-kolder tag-welna-alpaki-z-nowej-zelandii tag-zbieranie-welny-alpaki\">\n\t<div class=\"qodef-e-inner\">\n\t\t<div class=\"qodef-e-media-holder\">\n\t\t\t<div class=\"qodef-e-media\">\n\t<\/div>\n<div itemprop=\"dateCreated\" class=\"qodef-e-info-item qodef-e-info-date entry-date\">\n\t<a itemprop=\"url\" href=\"https:\/\/bylama.eu\/en\/2023\/12\/\">\n\t\t12 Dec\t<\/a>\n<\/div>\n\t\t<\/div>\n\t\t<div class=\"qodef-e-content\">\n\t\t\t\t\t\t\t<div class=\"qodef-e-info qodef-info--top\">\n\t\t\t\t\t<div class=\"qodef-e-info-item qodef-e-info-category\">\n\t\t<a href=\"https:\/\/bylama.eu\/en\/category\/ekspert-bylama-radzi\/\" rel=\"category tag\">ByLama Expert Tips<\/a><\/div>\n<div class=\"qodef-e-info-item qodef-e-info-author\">\n\t<a itemprop=\"author\" class=\"qodef-e-info-author-link\" href=\"https:\/\/bylama.eu\/en\/author\/admin\/\">\n\t\t\t\tadmin\t<\/a>\n<\/div>\n\t\t\t\t<\/div>\n\t\t\t\t\t\t<div class=\"qodef-e-text\">\n\t\t\t\t<h5 itemprop=\"name\" class=\"qodef-e-title entry-title\">\n\t<a itemprop=\"url\" class=\"qodef-e-title-link\" href=\"https:\/\/bylama.eu\/en\/ekspert-bylama-radzi\/wyjatkowy-proces-produkcji-kolder-z-alpaki-od-zbierania-welny-do-gotowego-produktu\/\">\n\t\tThe Unique Production Process of Alpaca Duvets: From Wool Collection to the Final Product\t<\/a>\n<\/h5>\n\t\t<p itemprop=\"description\" class=\"qodef-e-excerpt\">\n\t\t\tHow are alpaca duvets made? Discover the production process that starts with collecting wool in New Zealand and ends with testing the quality of the finished products. Take care of your...\t\t<\/p>\n\t\t\t\t<\/div>\n\t\t\t\t\t\t\t<div class=\"qodef-e-info qodef-info--bottom\">\n\t\t\t\t\t\t<div class=\"qodef-e-read-more\">\n\t\t<a class=\"qodef-shortcode qodef-m qodef-qi-button qodef-html--link qodef-layout--filled qodef-type--standard qodef-icon--right qodef-hover--icon-move-horizontal-short\" href=\"https:\/\/bylama.eu\/en\/ekspert-bylama-radzi\/wyjatkowy-proces-produkcji-kolder-z-alpaki-od-zbierania-welny-do-gotowego-produktu\/\" target=\"_self\">\t<span class=\"qodef-m-text\">Read more &gt;&gt;<\/span>\t<\/a>\t<\/div>\n\t\t\t\t<\/div>\n\t\t\t\t\t<\/div>\n\t<\/div>\n<\/article>\n<article class=\"qodef-e qodef-blog-item qodef-grid-item qodef-item--full post-1154 post type-post status-publish format-standard hentry category-ekspert-bylama-radzi tag-alpaka-vs-inne-materialy tag-dziecko tag-hypoalergiczne-koldry tag-koldry-dla-alergikow tag-koldry-dla-dzieci tag-koldry-termoregulacyjne tag-koldry-z-alpaki tag-luksusowe-koldry tag-produkty-dla-dzieci tag-sen tag-trwale-koldry tag-welna-alpaki-z-nowej-zelandii tag-zdrowy-sen tag-zrownowazona-produkcja-kolder\">\n\t<div class=\"qodef-e-inner\">\n\t\t<div class=\"qodef-e-media-holder\">\n\t\t\t<div class=\"qodef-e-media\">\n\t<\/div>\n<div itemprop=\"dateCreated\" class=\"qodef-e-info-item qodef-e-info-date entry-date\">\n\t<a itemprop=\"url\" href=\"https:\/\/bylama.eu\/en\/2023\/11\/\">\n\t\t16 Nov\t<\/a>\n<\/div>\n\t\t<\/div>\n\t\t<div class=\"qodef-e-content\">\n\t\t\t\t\t\t\t<div class=\"qodef-e-info qodef-info--top\">\n\t\t\t\t\t<div class=\"qodef-e-info-item qodef-e-info-category\">\n\t\t<a href=\"https:\/\/bylama.eu\/en\/category\/ekspert-bylama-radzi\/\" rel=\"category tag\">ByLama Expert Tips<\/a><\/div>\n<div class=\"qodef-e-info-item qodef-e-info-author\">\n\t<a itemprop=\"author\" class=\"qodef-e-info-author-link\" href=\"https:\/\/bylama.eu\/en\/author\/admin\/\">\n\t\t\t\tadmin\t<\/a>\n<\/div>\n\t\t\t\t<\/div>\n\t\t\t\t\t\t<div class=\"qodef-e-text\">\n\t\t\t\t<h5 itemprop=\"name\" class=\"qodef-e-title entry-title\">\n\t<a itemprop=\"url\" class=\"qodef-e-title-link\" href=\"https:\/\/bylama.eu\/en\/ekspert-bylama-radzi\/porownanie-kolder-z-alpaki-z-innymi-materialami-dlaczego-sa-lepsze\/\">\n\t\tComparison of Alpaca Duvets with Other Materials: What Makes Them Superior?\t<\/a>\n<\/h5>\n\t\t<p itemprop=\"description\" class=\"qodef-e-excerpt\">\n\t\t\tAre you wondering which duvet is best for your sleep? Find out why alpaca duvets outshine other materials in terms of softness and thermal regulation.\t\t<\/p>\n\t\t\t\t<\/div>\n\t\t\t\t\t\t\t<div class=\"qodef-e-info qodef-info--bottom\">\n\t\t\t\t\t\t<div class=\"qodef-e-read-more\">\n\t\t<a class=\"qodef-shortcode qodef-m qodef-qi-button qodef-html--link qodef-layout--filled qodef-type--standard qodef-icon--right qodef-hover--icon-move-horizontal-short\" href=\"https:\/\/bylama.eu\/en\/ekspert-bylama-radzi\/porownanie-kolder-z-alpaki-z-innymi-materialami-dlaczego-sa-lepsze\/\" target=\"_self\">\t<span class=\"qodef-m-text\">Read more &gt;&gt;<\/span>\t<\/a>\t<\/div>\n\t\t\t\t<\/div>\n\t\t\t\t\t<\/div>\n\t<\/div>\n<\/article>\n<article class=\"qodef-e qodef-blog-item qodef-grid-item qodef-item--full post-5442 post type-post status-publish format-standard hentry category-ekspert-bylama-radzi tag-cena-kolder-z-alpaki tag-dlaczego-koldry-sa-drogie tag-dziecko tag-jakosc-kolder-z-alpaki tag-koldry-dla-dzieci tag-koldry-z-alpaki tag-luksusowe-koldry tag-niskogatunkowa-welna tag-produkcja-kolder tag-produkty-dla-dzieci tag-sen tag-tanie-koldry tag-trwalosc-kolder tag-welna-alpaki\">\n\t<div class=\"qodef-e-inner\">\n\t\t<div class=\"qodef-e-media-holder\">\n\t\t\t<div class=\"qodef-e-media\">\n\t<\/div>\n<div itemprop=\"dateCreated\" class=\"qodef-e-info-item qodef-e-info-date entry-date\">\n\t<a itemprop=\"url\" href=\"https:\/\/bylama.eu\/en\/2023\/09\/\">\n\t\t12 Sep\t<\/a>\n<\/div>\n\t\t<\/div>\n\t\t<div class=\"qodef-e-content\">\n\t\t\t\t\t\t\t<div class=\"qodef-e-info qodef-info--top\">\n\t\t\t\t\t<div class=\"qodef-e-info-item qodef-e-info-category\">\n\t\t<a href=\"https:\/\/bylama.eu\/en\/category\/ekspert-bylama-radzi\/\" rel=\"category tag\">ByLama Expert Tips<\/a><\/div>\n<div class=\"qodef-e-info-item qodef-e-info-author\">\n\t<a itemprop=\"author\" class=\"qodef-e-info-author-link\" href=\"https:\/\/bylama.eu\/en\/author\/admin\/\">\n\t\t\t\tadmin\t<\/a>\n<\/div>\n\t\t\t\t<\/div>\n\t\t\t\t\t\t<div class=\"qodef-e-text\">\n\t\t\t\t<h5 itemprop=\"name\" class=\"qodef-e-title entry-title\">\n\t<a itemprop=\"url\" class=\"qodef-e-title-link\" href=\"https:\/\/bylama.eu\/en\/ekspert-bylama-radzi\/dlaczego-koldry-z-alpaki-sa-drozsze-poznaj-tajemnice-cenowej-roznicy\/\">\n\t\tThe Price Difference Explained: Why Alpaca Duvets Cost More and Why Cheaper Alternatives May Be Lower Quality\t<\/a>\n<\/h5>\n\t\t<p itemprop=\"description\" class=\"qodef-e-excerpt\">\n\t\t\tThe price of an alpaca duvet may raise questions. Does more expensive mean better? Find out what lies behind the higher price of alpaca duvets and why cheaper alternatives may not offer the same benefits.\t\t<\/p>\n\t\t\t\t<\/div>\n\t\t\t\t\t\t\t<div class=\"qodef-e-info qodef-info--bottom\">\n\t\t\t\t\t\t<div class=\"qodef-e-read-more\">\n\t\t<a class=\"qodef-shortcode qodef-m qodef-qi-button qodef-html--link qodef-layout--filled qodef-type--standard qodef-icon--right qodef-hover--icon-move-horizontal-short\" href=\"https:\/\/bylama.eu\/en\/ekspert-bylama-radzi\/dlaczego-koldry-z-alpaki-sa-drozsze-poznaj-tajemnice-cenowej-roznicy\/\" target=\"_self\">\t<span class=\"qodef-m-text\">Read more &gt;&gt;<\/span>\t<\/a>\t<\/div>\n\t\t\t\t<\/div>\n\t\t\t\t\t<\/div>\n\t<\/div>\n<\/article>\n\t<\/div>\n\t<\/div>\n\t\t\t\t<\/div>\n\t\t\t\t<\/div>\n\t\t\t\t\t<\/div>\n\t\t\t\t<\/div>\n\t\t\t\t<\/div>","protected":false},"excerpt":{"rendered":"<p>1 lis Bez kategoriiEkspert ByLama Radzi admin byLama na Ok\u0142adce Magazynu Mama \u2013 Wielkie Wyr\u00f3\u017cnienie dla Naszej Marki! byLama na ok\u0142adce magazynu Mama! Naturalne produkty z alpaki to idealny wyb\u00f3r dla zdrowego snu Twojego dziecka. Czytaj wi\u0119cej &gt;&gt; 12 gru Ekspert ByLama Radzi admin Wyj\u0105tkowy proces produkcji ko\u0142der z Alpaki: Od zbierania we\u0142ny po ko\u0144cowy [&hellip;]<\/p>","protected":false},"author":1,"featured_media":0,"parent":0,"menu_order":0,"comment_status":"closed","ping_status":"closed","template":"","meta":{"footnotes":""},"class_list":["post-9625","page","type-page","status-publish","hentry"],"yoast_head":"<!-- This site is optimized with the Yoast SEO Premium plugin v25.0 (Yoast SEO v26.7) - https:\/\/yoast.com\/wordpress\/plugins\/seo\/ -->\n<title>Luksusowe Produkty z Alpaki | Ko\u0142dry i Poduszki na bylama.eu - byLama<\/title>\n<meta name=\"description\" content=\"Odkryj luksusowe produkty z alpaki na bylama.eu \u2013 ko\u0142dry, poduszki i po\u015bciel, kt\u00f3re zapewni\u0105 Ci zdrowy i komfortowy sen. Sprawd\u017a nasz\u0105 ofert\u0119 i zainwestuj w naturalne, hipoalergiczne rozwi\u0105zania dla Twojego domu.\" \/>\n<meta name=\"robots\" content=\"index, follow, max-snippet:-1, max-image-preview:large, max-video-preview:-1\" \/>\n<link rel=\"canonical\" href=\"https:\/\/bylama.eu\/en\/blog-bylama\/\" \/>\n<meta property=\"og:locale\" content=\"en_GB\" \/>\n<meta property=\"og:type\" content=\"article\" \/>\n<meta property=\"og:title\" content=\"Blog Bylama\" \/>\n<meta property=\"og:description\" content=\"Odkryj luksusowe produkty z alpaki na bylama.eu \u2013 ko\u0142dry, poduszki i po\u015bciel, kt\u00f3re zapewni\u0105 Ci zdrowy i komfortowy sen. Sprawd\u017a nasz\u0105 ofert\u0119 i zainwestuj w naturalne, hipoalergiczne rozwi\u0105zania dla Twojego domu.\" \/>\n<meta property=\"og:url\" content=\"https:\/\/bylama.eu\/en\/blog-bylama\/\" \/>\n<meta property=\"og:site_name\" content=\"byLama\" \/>\n<meta property=\"article:publisher\" content=\"https:\/\/www.facebook.com\/bylama.eu\" \/>\n<meta property=\"article:modified_time\" content=\"2025-08-01T16:52:23+00:00\" \/>\n<meta name=\"twitter:card\" content=\"summary_large_image\" \/>\n<meta name=\"twitter:label1\" content=\"Estimated reading time\" \/>\n\t<meta name=\"twitter:data1\" content=\"2 minutes\" \/>\n<script type=\"application\/ld+json\" class=\"yoast-schema-graph\">{\"@context\":\"https:\/\/schema.org\",\"@graph\":[{\"@type\":\"WebPage\",\"@id\":\"https:\/\/bylama.eu\/blog-bylama\/\",\"url\":\"https:\/\/bylama.eu\/blog-bylama\/\",\"name\":\"Luksusowe Produkty z Alpaki | Ko\u0142dry i Poduszki na bylama.eu - byLama\",\"isPartOf\":{\"@id\":\"https:\/\/bylama.eu\/#website\"},\"datePublished\":\"2025-08-01T16:51:04+00:00\",\"dateModified\":\"2025-08-01T16:52:23+00:00\",\"description\":\"Odkryj luksusowe produkty z alpaki na bylama.eu \u2013 ko\u0142dry, poduszki i po\u015bciel, kt\u00f3re zapewni\u0105 Ci zdrowy i komfortowy sen. Sprawd\u017a nasz\u0105 ofert\u0119 i zainwestuj w naturalne, hipoalergiczne rozwi\u0105zania dla Twojego domu.\",\"breadcrumb\":{\"@id\":\"https:\/\/bylama.eu\/blog-bylama\/#breadcrumb\"},\"inLanguage\":\"en-GB\",\"potentialAction\":[{\"@type\":\"ReadAction\",\"target\":[\"https:\/\/bylama.eu\/blog-bylama\/\"]}]},{\"@type\":\"BreadcrumbList\",\"@id\":\"https:\/\/bylama.eu\/blog-bylama\/#breadcrumb\",\"itemListElement\":[{\"@type\":\"ListItem\",\"position\":1,\"name\":\"Home\",\"item\":\"https:\/\/bylama.eu\/\"},{\"@type\":\"ListItem\",\"position\":2,\"name\":\"Blog Bylama\"}]},{\"@type\":\"WebSite\",\"@id\":\"https:\/\/bylama.eu\/#website\",\"url\":\"https:\/\/bylama.eu\/\",\"name\":\"byLama\",\"description\":\"Naturalny Komfort Snu\",\"publisher\":{\"@id\":\"https:\/\/bylama.eu\/#organization\"},\"alternateName\":\"byLama.eu\",\"potentialAction\":[{\"@type\":\"SearchAction\",\"target\":{\"@type\":\"EntryPoint\",\"urlTemplate\":\"https:\/\/bylama.eu\/?s={search_term_string}\"},\"query-input\":{\"@type\":\"PropertyValueSpecification\",\"valueRequired\":true,\"valueName\":\"search_term_string\"}}],\"inLanguage\":\"en-GB\"},{\"@type\":\"Organization\",\"@id\":\"https:\/\/bylama.eu\/#organization\",\"name\":\"byLama\",\"alternateName\":\"bylama.eu\",\"url\":\"https:\/\/bylama.eu\/\",\"logo\":{\"@type\":\"ImageObject\",\"inLanguage\":\"en-GB\",\"@id\":\"https:\/\/bylama.eu\/#\/schema\/logo\/image\/\",\"url\":\"https:\/\/bylama.eu\/wp-content\/uploads\/2024\/09\/Logo.jpeg\",\"contentUrl\":\"https:\/\/bylama.eu\/wp-content\/uploads\/2024\/09\/Logo.jpeg\",\"width\":2000,\"height\":2000,\"caption\":\"byLama\"},\"image\":{\"@id\":\"https:\/\/bylama.eu\/#\/schema\/logo\/image\/\"},\"sameAs\":[\"https:\/\/www.facebook.com\/bylama.eu\",\"https:\/\/www.instagram.com\/bylama.eu\"]}]}<\/script>\n<!-- \/ Yoast SEO Premium plugin. -->","yoast_head_json":{"title":"Luksusowe Produkty z Alpaki | Ko\u0142dry i Poduszki na bylama.eu - byLama","description":"Odkryj luksusowe produkty z alpaki na bylama.eu \u2013 ko\u0142dry, poduszki i po\u015bciel, kt\u00f3re zapewni\u0105 Ci zdrowy i komfortowy sen. Sprawd\u017a nasz\u0105 ofert\u0119 i zainwestuj w naturalne, hipoalergiczne rozwi\u0105zania dla Twojego domu.","robots":{"index":"index","follow":"follow","max-snippet":"max-snippet:-1","max-image-preview":"max-image-preview:large","max-video-preview":"max-video-preview:-1"},"canonical":"https:\/\/bylama.eu\/en\/blog-bylama\/","og_locale":"en_GB","og_type":"article","og_title":"Blog Bylama","og_description":"Odkryj luksusowe produkty z alpaki na bylama.eu \u2013 ko\u0142dry, poduszki i po\u015bciel, kt\u00f3re zapewni\u0105 Ci zdrowy i komfortowy sen. Sprawd\u017a nasz\u0105 ofert\u0119 i zainwestuj w naturalne, hipoalergiczne rozwi\u0105zania dla Twojego domu.","og_url":"https:\/\/bylama.eu\/en\/blog-bylama\/","og_site_name":"byLama","article_publisher":"https:\/\/www.facebook.com\/bylama.eu","article_modified_time":"2025-08-01T16:52:23+00:00","twitter_card":"summary_large_image","twitter_misc":{"Estimated reading time":"2 minutes"},"schema":{"@context":"https:\/\/schema.org","@graph":[{"@type":"WebPage","@id":"https:\/\/bylama.eu\/blog-bylama\/","url":"https:\/\/bylama.eu\/blog-bylama\/","name":"Luksusowe Produkty z Alpaki | Ko\u0142dry i Poduszki na bylama.eu - byLama","isPartOf":{"@id":"https:\/\/bylama.eu\/#website"},"datePublished":"2025-08-01T16:51:04+00:00","dateModified":"2025-08-01T16:52:23+00:00","description":"Odkryj luksusowe produkty z alpaki na bylama.eu \u2013 ko\u0142dry, poduszki i po\u015bciel, kt\u00f3re zapewni\u0105 Ci zdrowy i komfortowy sen. Sprawd\u017a nasz\u0105 ofert\u0119 i zainwestuj w naturalne, hipoalergiczne rozwi\u0105zania dla Twojego domu.","breadcrumb":{"@id":"https:\/\/bylama.eu\/blog-bylama\/#breadcrumb"},"inLanguage":"en-GB","potentialAction":[{"@type":"ReadAction","target":["https:\/\/bylama.eu\/blog-bylama\/"]}]},{"@type":"BreadcrumbList","@id":"https:\/\/bylama.eu\/blog-bylama\/#breadcrumb","itemListElement":[{"@type":"ListItem","position":1,"name":"Home","item":"https:\/\/bylama.eu\/"},{"@type":"ListItem","position":2,"name":"Blog Bylama"}]},{"@type":"WebSite","@id":"https:\/\/bylama.eu\/#website","url":"https:\/\/bylama.eu\/","name":"byLama","description":"Naturalny Komfort Snu","publisher":{"@id":"https:\/\/bylama.eu\/#organization"},"alternateName":"byLama.eu","potentialAction":[{"@type":"SearchAction","target":{"@type":"EntryPoint","urlTemplate":"https:\/\/bylama.eu\/?s={search_term_string}"},"query-input":{"@type":"PropertyValueSpecification","valueRequired":true,"valueName":"search_term_string"}}],"inLanguage":"en-GB"},{"@type":"Organization","@id":"https:\/\/bylama.eu\/#organization","name":"byLama","alternateName":"bylama.eu","url":"https:\/\/bylama.eu\/","logo":{"@type":"ImageObject","inLanguage":"en-GB","@id":"https:\/\/bylama.eu\/#\/schema\/logo\/image\/","url":"https:\/\/bylama.eu\/wp-content\/uploads\/2024\/09\/Logo.jpeg","contentUrl":"https:\/\/bylama.eu\/wp-content\/uploads\/2024\/09\/Logo.jpeg","width":2000,"height":2000,"caption":"byLama"},"image":{"@id":"https:\/\/bylama.eu\/#\/schema\/logo\/image\/"},"sameAs":["https:\/\/www.facebook.com\/bylama.eu","https:\/\/www.instagram.com\/bylama.eu"]}]}},"_links":{"self":[{"href":"https:\/\/bylama.eu\/en\/wp-json\/wp\/v2\/pages\/9625","targetHints":{"allow":["GET"]}}],"collection":[{"href":"https:\/\/bylama.eu\/en\/wp-json\/wp\/v2\/pages"}],"about":[{"href":"https:\/\/bylama.eu\/en\/wp-json\/wp\/v2\/types\/page"}],"author":[{"embeddable":true,"href":"https:\/\/bylama.eu\/en\/wp-json\/wp\/v2\/users\/1"}],"replies":[{"embeddable":true,"href":"https:\/\/bylama.eu\/en\/wp-json\/wp\/v2\/comments?post=9625"}],"version-history":[{"count":4,"href":"https:\/\/bylama.eu\/en\/wp-json\/wp\/v2\/pages\/9625\/revisions"}],"predecessor-version":[{"id":9629,"href":"https:\/\/bylama.eu\/en\/wp-json\/wp\/v2\/pages\/9625\/revisions\/9629"}],"wp:attachment":[{"href":"https:\/\/bylama.eu\/en\/wp-json\/wp\/v2\/media?parent=9625"}],"curies":[{"name":"wp","href":"https:\/\/api.w.org\/{rel}","templated":true}]}}