{"id":5263,"date":"2024-02-11T11:59:25","date_gmt":"2024-02-11T11:59:25","guid":{"rendered":"http:\/\/bylama.eu\/?page_id=5263"},"modified":"2024-09-21T23:07:05","modified_gmt":"2024-09-21T21:07:05","slug":"zwroty-i-reklamacje-bylama","status":"publish","type":"page","link":"https:\/\/bylama.eu\/en\/zwroty-i-reklamacje-bylama\/","title":{"rendered":"Returns and Complaints"},"content":{"rendered":"<div data-elementor-type=\"wp-page\" data-elementor-id=\"5263\" class=\"elementor elementor-5263\" data-elementor-post-type=\"page\">\n\t\t\t\t<div class=\"elementor-element elementor-element-2de37873 e-flex e-con-boxed e-con e-parent\" data-id=\"2de37873\" data-element_type=\"container\">\n\t\t\t\t\t<div class=\"e-con-inner\">\n\t\t\t\t<div class=\"elementor-element elementor-element-316e2753 elementor-widget elementor-widget-text-editor\" data-id=\"316e2753\" data-element_type=\"widget\" data-widget_type=\"text-editor.default\">\n\t\t\t\t<div class=\"elementor-widget-container\">\n\t\t\t\t\t\t\t\t\t\n<h2 class=\"wp-block-heading\">Returns and Complaints<\/h2>\n\n<h4><strong>Standard Return<\/strong><\/h4>\n<p>1. The returned goods must show no signs of use, be properly secured and packaged, and include the return form.<br \/>2. The goods should be returned to the store address:<\/p>\n<p><br \/>Franzo Group Sp. Z o.o.<br \/>ul. Lipowa 1<br \/>63-023 Sul\u0119cin<\/p>\n<p><br \/>3. The shipping costs are borne by the buyer.<br \/>4. The Seller will respond to the return as soon as possible, no later than 14 calendar days from the date of receiving the returned product.<br \/>5. In accordance with Article 34, paragraph 4 of the Consumer Rights Act, the Consumer is liable for any reduction in the value of the item resulting from its use beyond what is necessary to establish the nature, characteristics, and functioning of the item.<br \/>6. The refund will be made using the same method as the original payment. In the case of cash on delivery shipments, the refund will be made to the bank account number provided in the return form.<br \/>7. The basis for initiating the return procedure is a correctly completed return form along with the signature of the person making the return (first and last name).<\/p>\n<p>Attention! Please make sure that the items delivered to our online store are correct, as we do not take responsibility for items not purchased at byLama.eu.<\/p>\n<p><strong>Claim<\/strong><\/p>\n<ol type=\"1\">\n<li>Goods returned under complaint should be clean.<\/li>\n<li>The goods under complaint must be properly secured, packaged, and returned to the store address: <br \/><br \/>Franzo Group Sp. Z o.o.<br \/>ul. Lipowa 1<br \/>63-023 Sul\u0119cin<br \/><br \/>along with the attached return form.\u00a0<\/li>\n<li>The seller will respond to the complaint as soon as possible, but no later than 14 calendar days from the date of its submission.<\/li>\n<\/ol>\n<p>\u00a0<\/p>\n<p>Attention! A properly completed return form and the signature of the person making the complaint are required to initiate the complaint procedure. (Along with the information that the product return is to be considered as a complaint.)<\/p>\n<h4><strong>Not subject to complaint<\/strong><\/h4>\n<ol type=\"1\">\n<li>Mechanical damage such as: tearing, cracking, stretching, pilling, abrasion.<\/li>\n<li>Discoloration (staining) of goods,<\/li>\n<li>Damage to movable parts such as: locks, zippers, snaps, buttons, Velcro, etc.<\/li>\n<li>Products improperly maintained or used contrary to the instructions on the product label,<\/li>\n<li>Cracking of prints,<\/li>\n<li>Differences between the actual appearance of the delivered goods and the photos displayed in the online store, if they result from the individual settings of the customer's computer \u2013 color, texture appearance, proportions, etc.<\/li>\n<\/ol>\n\t\t\t\t\t\t\t\t<\/div>\n\t\t\t\t<\/div>\n\t\t\t\t\t<\/div>\n\t\t\t\t<\/div>\n\t\t\t\t<\/div>","protected":false},"excerpt":{"rendered":"<p>Zwroty i Reklamacje Zwrot standardowy 1. Zwracany towar nie mo\u017ce nosi\u0107 \u015blad\u00f3w u\u017cytkowania, nale\u017cy go odpowiednio zabezpieczy\u0107 i\u00a0zapakowa\u0107 oraz do\u0142\u0105czy\u0107 formularz zwrotu.2. Towar nale\u017cy odes\u0142a\u0107 na adres sklepu: Franzo Group Sp. Z o.o.ul. Lipowa 163-023 Sul\u0119cin 3. Koszty wysy\u0142ek ponosi kupuj\u0105cy.4. Sprzedawca ustosunkuje si\u0119 do zwrotu w\u00a0mo\u017cliwie najkr\u00f3tszym terminie, nie p\u00f3\u017aniej ni\u017c 14 dni kalendarzowych, [&hellip;]<\/p>","protected":false},"author":1,"featured_media":0,"parent":0,"menu_order":0,"comment_status":"closed","ping_status":"closed","template":"","meta":{"footnotes":""},"class_list":["post-5263","page","type-page","status-publish","hentry"],"yoast_head":"<!-- This site is optimized with the Yoast SEO Premium plugin v25.0 (Yoast SEO v26.7) - https:\/\/yoast.com\/wordpress\/plugins\/seo\/ -->\n<title>Luksusowe Produkty z Alpaki | Ko\u0142dry i Poduszki na bylama.eu - byLama<\/title>\n<meta name=\"description\" content=\"Odkryj luksusowe produkty z alpaki na bylama.eu \u2013 ko\u0142dry, poduszki i po\u015bciel, kt\u00f3re zapewni\u0105 Ci zdrowy i komfortowy sen. Sprawd\u017a nasz\u0105 ofert\u0119 i zainwestuj w naturalne, hipoalergiczne rozwi\u0105zania dla Twojego domu.\" \/>\n<meta name=\"robots\" content=\"noindex, follow\" \/>\n<meta property=\"og:locale\" content=\"en_GB\" \/>\n<meta property=\"og:type\" content=\"article\" \/>\n<meta property=\"og:title\" content=\"Zwroty i Reklamacje\" \/>\n<meta property=\"og:description\" content=\"Odkryj luksusowe produkty z alpaki na bylama.eu \u2013 ko\u0142dry, poduszki i po\u015bciel, kt\u00f3re zapewni\u0105 Ci zdrowy i komfortowy sen. Sprawd\u017a nasz\u0105 ofert\u0119 i zainwestuj w naturalne, hipoalergiczne rozwi\u0105zania dla Twojego domu.\" \/>\n<meta property=\"og:url\" content=\"https:\/\/bylama.eu\/en\/zwroty-i-reklamacje-bylama\/\" \/>\n<meta property=\"og:site_name\" content=\"byLama\" \/>\n<meta property=\"article:publisher\" content=\"https:\/\/www.facebook.com\/bylama.eu\" \/>\n<meta property=\"article:modified_time\" content=\"2024-09-21T21:07:05+00:00\" \/>\n<meta name=\"twitter:card\" content=\"summary_large_image\" \/>\n<meta name=\"twitter:label1\" content=\"Estimated reading time\" \/>\n\t<meta name=\"twitter:data1\" content=\"2 minutes\" \/>\n<script type=\"application\/ld+json\" class=\"yoast-schema-graph\">{\"@context\":\"https:\/\/schema.org\",\"@graph\":[{\"@type\":\"WebPage\",\"@id\":\"https:\/\/bylama.eu\/zwroty-i-reklamacje-bylama\/\",\"url\":\"https:\/\/bylama.eu\/zwroty-i-reklamacje-bylama\/\",\"name\":\"Luksusowe Produkty z Alpaki | Ko\u0142dry i Poduszki na bylama.eu - byLama\",\"isPartOf\":{\"@id\":\"https:\/\/bylama.eu\/#website\"},\"datePublished\":\"2024-02-11T11:59:25+00:00\",\"dateModified\":\"2024-09-21T21:07:05+00:00\",\"description\":\"Odkryj luksusowe produkty z alpaki na bylama.eu \u2013 ko\u0142dry, poduszki i po\u015bciel, kt\u00f3re zapewni\u0105 Ci zdrowy i komfortowy sen. Sprawd\u017a nasz\u0105 ofert\u0119 i zainwestuj w naturalne, hipoalergiczne rozwi\u0105zania dla Twojego domu.\",\"breadcrumb\":{\"@id\":\"https:\/\/bylama.eu\/zwroty-i-reklamacje-bylama\/#breadcrumb\"},\"inLanguage\":\"en-GB\",\"potentialAction\":[{\"@type\":\"ReadAction\",\"target\":[\"https:\/\/bylama.eu\/zwroty-i-reklamacje-bylama\/\"]}]},{\"@type\":\"BreadcrumbList\",\"@id\":\"https:\/\/bylama.eu\/zwroty-i-reklamacje-bylama\/#breadcrumb\",\"itemListElement\":[{\"@type\":\"ListItem\",\"position\":1,\"name\":\"Home\",\"item\":\"https:\/\/bylama.eu\/\"},{\"@type\":\"ListItem\",\"position\":2,\"name\":\"Zwroty i Reklamacje\"}]},{\"@type\":\"WebSite\",\"@id\":\"https:\/\/bylama.eu\/#website\",\"url\":\"https:\/\/bylama.eu\/\",\"name\":\"byLama\",\"description\":\"Naturalny Komfort Snu\",\"publisher\":{\"@id\":\"https:\/\/bylama.eu\/#organization\"},\"alternateName\":\"byLama.eu\",\"potentialAction\":[{\"@type\":\"SearchAction\",\"target\":{\"@type\":\"EntryPoint\",\"urlTemplate\":\"https:\/\/bylama.eu\/?s={search_term_string}\"},\"query-input\":{\"@type\":\"PropertyValueSpecification\",\"valueRequired\":true,\"valueName\":\"search_term_string\"}}],\"inLanguage\":\"en-GB\"},{\"@type\":\"Organization\",\"@id\":\"https:\/\/bylama.eu\/#organization\",\"name\":\"byLama\",\"alternateName\":\"bylama.eu\",\"url\":\"https:\/\/bylama.eu\/\",\"logo\":{\"@type\":\"ImageObject\",\"inLanguage\":\"en-GB\",\"@id\":\"https:\/\/bylama.eu\/#\/schema\/logo\/image\/\",\"url\":\"https:\/\/bylama.eu\/wp-content\/uploads\/2024\/09\/Logo.jpeg\",\"contentUrl\":\"https:\/\/bylama.eu\/wp-content\/uploads\/2024\/09\/Logo.jpeg\",\"width\":2000,\"height\":2000,\"caption\":\"byLama\"},\"image\":{\"@id\":\"https:\/\/bylama.eu\/#\/schema\/logo\/image\/\"},\"sameAs\":[\"https:\/\/www.facebook.com\/bylama.eu\",\"https:\/\/www.instagram.com\/bylama.eu\"]}]}<\/script>\n<!-- \/ Yoast SEO Premium plugin. -->","yoast_head_json":{"title":"Luksusowe Produkty z Alpaki | Ko\u0142dry i Poduszki na bylama.eu - byLama","description":"Odkryj luksusowe produkty z alpaki na bylama.eu \u2013 ko\u0142dry, poduszki i po\u015bciel, kt\u00f3re zapewni\u0105 Ci zdrowy i komfortowy sen. Sprawd\u017a nasz\u0105 ofert\u0119 i zainwestuj w naturalne, hipoalergiczne rozwi\u0105zania dla Twojego domu.","robots":{"index":"noindex","follow":"follow"},"og_locale":"en_GB","og_type":"article","og_title":"Zwroty i Reklamacje","og_description":"Odkryj luksusowe produkty z alpaki na bylama.eu \u2013 ko\u0142dry, poduszki i po\u015bciel, kt\u00f3re zapewni\u0105 Ci zdrowy i komfortowy sen. Sprawd\u017a nasz\u0105 ofert\u0119 i zainwestuj w naturalne, hipoalergiczne rozwi\u0105zania dla Twojego domu.","og_url":"https:\/\/bylama.eu\/en\/zwroty-i-reklamacje-bylama\/","og_site_name":"byLama","article_publisher":"https:\/\/www.facebook.com\/bylama.eu","article_modified_time":"2024-09-21T21:07:05+00:00","twitter_card":"summary_large_image","twitter_misc":{"Estimated reading time":"2 minutes"},"schema":{"@context":"https:\/\/schema.org","@graph":[{"@type":"WebPage","@id":"https:\/\/bylama.eu\/zwroty-i-reklamacje-bylama\/","url":"https:\/\/bylama.eu\/zwroty-i-reklamacje-bylama\/","name":"Luksusowe Produkty z Alpaki | Ko\u0142dry i Poduszki na bylama.eu - byLama","isPartOf":{"@id":"https:\/\/bylama.eu\/#website"},"datePublished":"2024-02-11T11:59:25+00:00","dateModified":"2024-09-21T21:07:05+00:00","description":"Odkryj luksusowe produkty z alpaki na bylama.eu \u2013 ko\u0142dry, poduszki i po\u015bciel, kt\u00f3re zapewni\u0105 Ci zdrowy i komfortowy sen. Sprawd\u017a nasz\u0105 ofert\u0119 i zainwestuj w naturalne, hipoalergiczne rozwi\u0105zania dla Twojego domu.","breadcrumb":{"@id":"https:\/\/bylama.eu\/zwroty-i-reklamacje-bylama\/#breadcrumb"},"inLanguage":"en-GB","potentialAction":[{"@type":"ReadAction","target":["https:\/\/bylama.eu\/zwroty-i-reklamacje-bylama\/"]}]},{"@type":"BreadcrumbList","@id":"https:\/\/bylama.eu\/zwroty-i-reklamacje-bylama\/#breadcrumb","itemListElement":[{"@type":"ListItem","position":1,"name":"Home","item":"https:\/\/bylama.eu\/"},{"@type":"ListItem","position":2,"name":"Zwroty i Reklamacje"}]},{"@type":"WebSite","@id":"https:\/\/bylama.eu\/#website","url":"https:\/\/bylama.eu\/","name":"byLama","description":"Naturalny Komfort Snu","publisher":{"@id":"https:\/\/bylama.eu\/#organization"},"alternateName":"byLama.eu","potentialAction":[{"@type":"SearchAction","target":{"@type":"EntryPoint","urlTemplate":"https:\/\/bylama.eu\/?s={search_term_string}"},"query-input":{"@type":"PropertyValueSpecification","valueRequired":true,"valueName":"search_term_string"}}],"inLanguage":"en-GB"},{"@type":"Organization","@id":"https:\/\/bylama.eu\/#organization","name":"byLama","alternateName":"bylama.eu","url":"https:\/\/bylama.eu\/","logo":{"@type":"ImageObject","inLanguage":"en-GB","@id":"https:\/\/bylama.eu\/#\/schema\/logo\/image\/","url":"https:\/\/bylama.eu\/wp-content\/uploads\/2024\/09\/Logo.jpeg","contentUrl":"https:\/\/bylama.eu\/wp-content\/uploads\/2024\/09\/Logo.jpeg","width":2000,"height":2000,"caption":"byLama"},"image":{"@id":"https:\/\/bylama.eu\/#\/schema\/logo\/image\/"},"sameAs":["https:\/\/www.facebook.com\/bylama.eu","https:\/\/www.instagram.com\/bylama.eu"]}]}},"_links":{"self":[{"href":"https:\/\/bylama.eu\/en\/wp-json\/wp\/v2\/pages\/5263","targetHints":{"allow":["GET"]}}],"collection":[{"href":"https:\/\/bylama.eu\/en\/wp-json\/wp\/v2\/pages"}],"about":[{"href":"https:\/\/bylama.eu\/en\/wp-json\/wp\/v2\/types\/page"}],"author":[{"embeddable":true,"href":"https:\/\/bylama.eu\/en\/wp-json\/wp\/v2\/users\/1"}],"replies":[{"embeddable":true,"href":"https:\/\/bylama.eu\/en\/wp-json\/wp\/v2\/comments?post=5263"}],"version-history":[{"count":0,"href":"https:\/\/bylama.eu\/en\/wp-json\/wp\/v2\/pages\/5263\/revisions"}],"wp:attachment":[{"href":"https:\/\/bylama.eu\/en\/wp-json\/wp\/v2\/media?parent=5263"}],"curies":[{"name":"wp","href":"https:\/\/api.w.org\/{rel}","templated":true}]}}