{"id":5247,"date":"2024-02-11T11:46:42","date_gmt":"2024-02-11T11:46:42","guid":{"rendered":"http:\/\/bylama.eu\/?page_id=5247"},"modified":"2024-09-21T23:03:06","modified_gmt":"2024-09-21T21:03:06","slug":"polityka-cookies-bylama","status":"publish","type":"page","link":"https:\/\/bylama.eu\/en\/polityka-cookies-bylama\/","title":{"rendered":"Cookies Policy"},"content":{"rendered":"<div data-elementor-type=\"wp-page\" data-elementor-id=\"5247\" class=\"elementor elementor-5247\" data-elementor-post-type=\"page\">\n\t\t\t\t<div class=\"elementor-element elementor-element-2de37873 e-flex e-con-boxed e-con e-parent\" data-id=\"2de37873\" data-element_type=\"container\">\n\t\t\t\t\t<div class=\"e-con-inner\">\n\t\t\t\t<div class=\"elementor-element elementor-element-316e2753 elementor-widget elementor-widget-text-editor\" data-id=\"316e2753\" data-element_type=\"widget\" data-widget_type=\"text-editor.default\">\n\t\t\t\t<div class=\"elementor-widget-container\">\n\t\t\t\t\t\t\t\t\t\n<h2 class=\"wp-block-heading\">Cookies Policy<\/h2>\n\n<p style=\"font-weight: 400;\">This Cookies Policy (hereinafter referred to as the \u201cPolicy\u201d) applies to the website operating at the address <strong>www.byLama.eu<\/strong>(hereinafter referred to as the \u201cWebsite\u201d) and is intended to inform Users about the types of Cookies used on the Website, the purposes for which they are used, and the methods of disabling Cookies in the web browser.<\/p>\n<p style=\"font-weight: 400;\"><b>DEFINITIONS<\/b><\/p>\n<ol>\n<li>User \u2013 any natural person visiting the website or using one or more of its services or functionalities.<\/li>\n<li>Cookies \u2013 text files sent by the website and stored on the hard drive of a computer, smartphone, or other end device used by the User to connect to the Internet.<\/li>\n<li>Portals \u2013 social media platforms, in particular Facebook and Instagram, whose plugins are used to enable the User to click the \u201cLike\u201d or \u201cShare\u201d buttons.<\/li>\n<\/ol>\n<p style=\"font-weight: 400;\"><b>TYPES OF COOKIES USED ON THE WEBSITE<\/b><\/p>\n<ol>\n<li>The Website uses two main types of Cookies: \u201csession\u201d Cookies and \u201cpersistent\u201d Cookies.\n<ol>\n<li>\u201cSession\u201d Cookies are temporary files that are stored on the User\u2019s device until they log out, leave the website, or close the software (web browser).<\/li>\n<li>\u201cPersistent\u201d Cookies are stored on the User\u2019s device for the period specified in the Cookie parameters or until they are deleted by the User.<\/li>\n<\/ol>\n<\/li>\n<li>The website also uses the following specific types of Cookies:\n<ol>\n<li>first-party \u2013 originating from the website,<\/li>\n<li>third-party \u2013 originating from external websites,<\/li>\n<li>configuration \u2013 enabling the adjustment of functionalities on the website,<\/li>\n<li>functional \u2013 allowing the Website to remember functionalities preferred by the User,<\/li>\n<li>necessary \u2013 enabling the use of services available on the Website,<\/li>\n<li>advertising \u2013 allowing the delivery of advertising content tailored to the User\u2019s interests.<\/li>\n<\/ol>\n<\/li>\n<\/ol>\n<p style=\"font-weight: 400;\"><b>\u00a0<\/b><\/p>\n<p style=\"font-weight: 400;\"><b>PURPOSES OF USING COOKIES<\/b><\/p>\n<p style=\"font-weight: 400;\">Cookies are used for the following purposes:<\/p>\n<ol>\n<li>remembering the login status,<\/li>\n<li>remembering the contents of the User\u2019s shopping cart,<\/li>\n<li>remembering the User\u2019s website display preferences,<\/li>\n<li>creating statistics and reports on the Website\u2019s performance and traffic,<\/li>\n<li>personalizing the appearance of the Website by displaying products of interest to the User based on the information collected about their previous activity on the Website.<\/li>\n<\/ol>\n<p style=\"font-weight: 400;\"><b>GOOGLE ANALYTICS<\/b><\/p>\n<ol>\n<li>Google Analytics uses \u201cCookies\u201d technology to enable the Website to analyze how the User interacts with its webpages.<\/li>\n<li>Google collects data obtained from placing Cookies on devices on its servers and uses this information to create reports and provide other services related to internet traffic and usage.<\/li>\n<li>Detailed information regarding User data protection can be found at:<\/li>\n<\/ol>\n<p style=\"font-weight: 400;\"><b>SOCIAL MEDIA PLUGINS<\/b><\/p>\n<ol>\n<li>The website uses plugins provided by the following Social Media Platforms:<\/li>\n<\/ol>\n<ul>\n<li>Facebook,<\/li>\n<li>Instagram,<\/li>\n<\/ul>\n<ol>\n<li>The above-mentioned plugins enable the website to connect with the social media platforms so that the User can click the \u201cLike\u201d or \u201cShare\u201d buttons.<\/li>\n<li>If the User is logged in to the Social Media Platforms, they may link the User\u2019s profile with their profile on those Platforms and receive information that the User has visited the website.<\/li>\n<li>If the User is not logged in to the Social Media Platforms, these Platforms may still be able to receive the User\u2019s data.<\/li>\n<li>If the User uses the plugins by clicking the \u201cLike\u201d or \u201cShare\u201d buttons, information about the use of these buttons will also be sent to the servers of the Social Media Platforms.<\/li>\n<li>If the User does not want their data to be linked to their profiles on the Social Media Platforms, they can log out of these Platforms. The User can also install plugins that prevent the Platforms from collecting their data.<\/li>\n<\/ol>\n<p style=\"font-weight: 400;\"><b>VIDEO PLAYER PLUGIN<\/b><\/p>\n<ol>\n<li>To allow Users to play video files, the Website uses plugins from the YouTube service.<\/li>\n<li>When the User opens the website and clicks the plugin button, a connection is established with YouTube\u2019s servers. The YouTube server will receive information that the User has visited the website.<\/li>\n<li>If the User does not want YouTube to receive information that they have visited the website, they can log out of their YouTube account and also install plugins that prevent YouTube from collecting their data.<\/li>\n<li>More information about how YouTube processes data can be found at: <b><em>https:\/\/www.byLama.eu\/polityka-cookies\/<\/em><\/b><\/li>\n<\/ol>\n<p style=\"font-weight: 400;\"><b>GOOGLE ADS<\/b><\/p>\n<ol>\n<li>Google Ads uses \u201cCookies\u201d technology to enable the Website to evaluate the accuracy and effectiveness of its advertising activities conducted through the Ads network.<\/li>\n<li>Google collects data obtained from placing Cookies on devices on its servers and uses this information to create reports and provide other services related to internet traffic and usage.<\/li>\n<li>These data are never combined with the User\u2019s Personal Data and are used solely for statistical analysis and system error correction mechanisms.<\/li>\n<li>The data are processed for 12 months from the last activity, after which the Cookie is deleted.<\/li>\n<li>The User can disable Cookies used for marketing purposes in their Google account settings. Additionally, within the Website\u2019s Cookie settings, the User can disable the use of Cookies for marketing purposes.<\/li>\n<li>More information about data processing within Google AdWords can be found at:<\/li>\n<\/ol>\n<p style=\"font-weight: 400;\"><b>DISABLING COOKIES<\/b><\/p>\n<ol>\n<li>The User can disable Cookies by accessing the settings of the browser they are using.<\/li>\n<li>Detailed information on how to disable Cookies can be found in the \u201cHelp\u201d section of the browser, which the User can access by pressing the F1 key in the browser.<\/li>\n<li>Disabling Cookies may prevent the use of certain website functionalities.<\/li>\n<\/ol>\n\t\t\t\t\t\t\t\t<\/div>\n\t\t\t\t<\/div>\n\t\t\t\t\t<\/div>\n\t\t\t\t<\/div>\n\t\t\t\t<\/div>","protected":false},"excerpt":{"rendered":"<p>Polityka Cookies Niniejsza polityka Cookies (dalej jako: \u201ePolityka\u201d) dotyczy strony internetowej dzia\u0142aj\u0105cej pod adresem www.byLama.eu: (dalej jako: \u201eStrona Internetowa\u201d) i s\u0142u\u017cy poinformowaniu U\u017cytkownik\u00f3w o rodzajach plik\u00f3w Cookies wykorzystywanych na stronie internetowej, celach ich wykorzystywania i sposobach wy\u0142\u0105czenia obs\u0142ugi plik\u00f3w Cookies w przegl\u0105darce internetowej. DEFINICJE U\u017cytkownik \u2013 ka\u017cda osoba fizyczna odwiedzaj\u0105ca stron\u0119 internetow\u0105 lub\u00a0korzystaj\u0105ca z\u00a0jednej albo\u00a0kilku [&hellip;]<\/p>","protected":false},"author":1,"featured_media":0,"parent":0,"menu_order":0,"comment_status":"closed","ping_status":"closed","template":"","meta":{"footnotes":""},"class_list":["post-5247","page","type-page","status-publish","hentry"],"yoast_head":"<!-- This site is optimized with the Yoast SEO Premium plugin v25.0 (Yoast SEO v26.7) - https:\/\/yoast.com\/wordpress\/plugins\/seo\/ -->\n<title>Luksusowe Produkty z Alpaki | Ko\u0142dry i Poduszki na bylama.eu - byLama<\/title>\n<meta name=\"description\" content=\"Odkryj luksusowe produkty z alpaki na bylama.eu \u2013 ko\u0142dry, poduszki i po\u015bciel, kt\u00f3re zapewni\u0105 Ci zdrowy i komfortowy sen. Sprawd\u017a nasz\u0105 ofert\u0119 i zainwestuj w naturalne, hipoalergiczne rozwi\u0105zania dla Twojego domu.\" \/>\n<meta name=\"robots\" content=\"noindex, follow\" \/>\n<meta property=\"og:locale\" content=\"en_GB\" \/>\n<meta property=\"og:type\" content=\"article\" \/>\n<meta property=\"og:title\" content=\"Polityka Cookies\" \/>\n<meta property=\"og:description\" content=\"Odkryj luksusowe produkty z alpaki na bylama.eu \u2013 ko\u0142dry, poduszki i po\u015bciel, kt\u00f3re zapewni\u0105 Ci zdrowy i komfortowy sen. Sprawd\u017a nasz\u0105 ofert\u0119 i zainwestuj w naturalne, hipoalergiczne rozwi\u0105zania dla Twojego domu.\" \/>\n<meta property=\"og:url\" content=\"https:\/\/bylama.eu\/en\/polityka-cookies-bylama\/\" \/>\n<meta property=\"og:site_name\" content=\"byLama\" \/>\n<meta property=\"article:publisher\" content=\"https:\/\/www.facebook.com\/bylama.eu\" \/>\n<meta property=\"article:modified_time\" content=\"2024-09-21T21:03:06+00:00\" \/>\n<meta name=\"twitter:card\" content=\"summary_large_image\" \/>\n<meta name=\"twitter:label1\" content=\"Estimated reading time\" \/>\n\t<meta name=\"twitter:data1\" content=\"5 minutes\" \/>\n<script type=\"application\/ld+json\" class=\"yoast-schema-graph\">{\"@context\":\"https:\/\/schema.org\",\"@graph\":[{\"@type\":\"WebPage\",\"@id\":\"https:\/\/bylama.eu\/polityka-cookies-bylama\/\",\"url\":\"https:\/\/bylama.eu\/polityka-cookies-bylama\/\",\"name\":\"Luksusowe Produkty z Alpaki | Ko\u0142dry i Poduszki na bylama.eu - byLama\",\"isPartOf\":{\"@id\":\"https:\/\/bylama.eu\/#website\"},\"datePublished\":\"2024-02-11T11:46:42+00:00\",\"dateModified\":\"2024-09-21T21:03:06+00:00\",\"description\":\"Odkryj luksusowe produkty z alpaki na bylama.eu \u2013 ko\u0142dry, poduszki i po\u015bciel, kt\u00f3re zapewni\u0105 Ci zdrowy i komfortowy sen. Sprawd\u017a nasz\u0105 ofert\u0119 i zainwestuj w naturalne, hipoalergiczne rozwi\u0105zania dla Twojego domu.\",\"breadcrumb\":{\"@id\":\"https:\/\/bylama.eu\/polityka-cookies-bylama\/#breadcrumb\"},\"inLanguage\":\"en-GB\",\"potentialAction\":[{\"@type\":\"ReadAction\",\"target\":[\"https:\/\/bylama.eu\/polityka-cookies-bylama\/\"]}]},{\"@type\":\"BreadcrumbList\",\"@id\":\"https:\/\/bylama.eu\/polityka-cookies-bylama\/#breadcrumb\",\"itemListElement\":[{\"@type\":\"ListItem\",\"position\":1,\"name\":\"Home\",\"item\":\"https:\/\/bylama.eu\/\"},{\"@type\":\"ListItem\",\"position\":2,\"name\":\"Polityka Cookies\"}]},{\"@type\":\"WebSite\",\"@id\":\"https:\/\/bylama.eu\/#website\",\"url\":\"https:\/\/bylama.eu\/\",\"name\":\"byLama\",\"description\":\"Naturalny Komfort Snu\",\"publisher\":{\"@id\":\"https:\/\/bylama.eu\/#organization\"},\"alternateName\":\"byLama.eu\",\"potentialAction\":[{\"@type\":\"SearchAction\",\"target\":{\"@type\":\"EntryPoint\",\"urlTemplate\":\"https:\/\/bylama.eu\/?s={search_term_string}\"},\"query-input\":{\"@type\":\"PropertyValueSpecification\",\"valueRequired\":true,\"valueName\":\"search_term_string\"}}],\"inLanguage\":\"en-GB\"},{\"@type\":\"Organization\",\"@id\":\"https:\/\/bylama.eu\/#organization\",\"name\":\"byLama\",\"alternateName\":\"bylama.eu\",\"url\":\"https:\/\/bylama.eu\/\",\"logo\":{\"@type\":\"ImageObject\",\"inLanguage\":\"en-GB\",\"@id\":\"https:\/\/bylama.eu\/#\/schema\/logo\/image\/\",\"url\":\"https:\/\/bylama.eu\/wp-content\/uploads\/2024\/09\/Logo.jpeg\",\"contentUrl\":\"https:\/\/bylama.eu\/wp-content\/uploads\/2024\/09\/Logo.jpeg\",\"width\":2000,\"height\":2000,\"caption\":\"byLama\"},\"image\":{\"@id\":\"https:\/\/bylama.eu\/#\/schema\/logo\/image\/\"},\"sameAs\":[\"https:\/\/www.facebook.com\/bylama.eu\",\"https:\/\/www.instagram.com\/bylama.eu\"]}]}<\/script>\n<!-- \/ Yoast SEO Premium plugin. -->","yoast_head_json":{"title":"Luksusowe Produkty z Alpaki | Ko\u0142dry i Poduszki na bylama.eu - byLama","description":"Odkryj luksusowe produkty z alpaki na bylama.eu \u2013 ko\u0142dry, poduszki i po\u015bciel, kt\u00f3re zapewni\u0105 Ci zdrowy i komfortowy sen. Sprawd\u017a nasz\u0105 ofert\u0119 i zainwestuj w naturalne, hipoalergiczne rozwi\u0105zania dla Twojego domu.","robots":{"index":"noindex","follow":"follow"},"og_locale":"en_GB","og_type":"article","og_title":"Polityka Cookies","og_description":"Odkryj luksusowe produkty z alpaki na bylama.eu \u2013 ko\u0142dry, poduszki i po\u015bciel, kt\u00f3re zapewni\u0105 Ci zdrowy i komfortowy sen. Sprawd\u017a nasz\u0105 ofert\u0119 i zainwestuj w naturalne, hipoalergiczne rozwi\u0105zania dla Twojego domu.","og_url":"https:\/\/bylama.eu\/en\/polityka-cookies-bylama\/","og_site_name":"byLama","article_publisher":"https:\/\/www.facebook.com\/bylama.eu","article_modified_time":"2024-09-21T21:03:06+00:00","twitter_card":"summary_large_image","twitter_misc":{"Estimated reading time":"5 minutes"},"schema":{"@context":"https:\/\/schema.org","@graph":[{"@type":"WebPage","@id":"https:\/\/bylama.eu\/polityka-cookies-bylama\/","url":"https:\/\/bylama.eu\/polityka-cookies-bylama\/","name":"Luksusowe Produkty z Alpaki | Ko\u0142dry i Poduszki na bylama.eu - byLama","isPartOf":{"@id":"https:\/\/bylama.eu\/#website"},"datePublished":"2024-02-11T11:46:42+00:00","dateModified":"2024-09-21T21:03:06+00:00","description":"Odkryj luksusowe produkty z alpaki na bylama.eu \u2013 ko\u0142dry, poduszki i po\u015bciel, kt\u00f3re zapewni\u0105 Ci zdrowy i komfortowy sen. Sprawd\u017a nasz\u0105 ofert\u0119 i zainwestuj w naturalne, hipoalergiczne rozwi\u0105zania dla Twojego domu.","breadcrumb":{"@id":"https:\/\/bylama.eu\/polityka-cookies-bylama\/#breadcrumb"},"inLanguage":"en-GB","potentialAction":[{"@type":"ReadAction","target":["https:\/\/bylama.eu\/polityka-cookies-bylama\/"]}]},{"@type":"BreadcrumbList","@id":"https:\/\/bylama.eu\/polityka-cookies-bylama\/#breadcrumb","itemListElement":[{"@type":"ListItem","position":1,"name":"Home","item":"https:\/\/bylama.eu\/"},{"@type":"ListItem","position":2,"name":"Polityka Cookies"}]},{"@type":"WebSite","@id":"https:\/\/bylama.eu\/#website","url":"https:\/\/bylama.eu\/","name":"byLama","description":"Naturalny Komfort Snu","publisher":{"@id":"https:\/\/bylama.eu\/#organization"},"alternateName":"byLama.eu","potentialAction":[{"@type":"SearchAction","target":{"@type":"EntryPoint","urlTemplate":"https:\/\/bylama.eu\/?s={search_term_string}"},"query-input":{"@type":"PropertyValueSpecification","valueRequired":true,"valueName":"search_term_string"}}],"inLanguage":"en-GB"},{"@type":"Organization","@id":"https:\/\/bylama.eu\/#organization","name":"byLama","alternateName":"bylama.eu","url":"https:\/\/bylama.eu\/","logo":{"@type":"ImageObject","inLanguage":"en-GB","@id":"https:\/\/bylama.eu\/#\/schema\/logo\/image\/","url":"https:\/\/bylama.eu\/wp-content\/uploads\/2024\/09\/Logo.jpeg","contentUrl":"https:\/\/bylama.eu\/wp-content\/uploads\/2024\/09\/Logo.jpeg","width":2000,"height":2000,"caption":"byLama"},"image":{"@id":"https:\/\/bylama.eu\/#\/schema\/logo\/image\/"},"sameAs":["https:\/\/www.facebook.com\/bylama.eu","https:\/\/www.instagram.com\/bylama.eu"]}]}},"_links":{"self":[{"href":"https:\/\/bylama.eu\/en\/wp-json\/wp\/v2\/pages\/5247","targetHints":{"allow":["GET"]}}],"collection":[{"href":"https:\/\/bylama.eu\/en\/wp-json\/wp\/v2\/pages"}],"about":[{"href":"https:\/\/bylama.eu\/en\/wp-json\/wp\/v2\/types\/page"}],"author":[{"embeddable":true,"href":"https:\/\/bylama.eu\/en\/wp-json\/wp\/v2\/users\/1"}],"replies":[{"embeddable":true,"href":"https:\/\/bylama.eu\/en\/wp-json\/wp\/v2\/comments?post=5247"}],"version-history":[{"count":0,"href":"https:\/\/bylama.eu\/en\/wp-json\/wp\/v2\/pages\/5247\/revisions"}],"wp:attachment":[{"href":"https:\/\/bylama.eu\/en\/wp-json\/wp\/v2\/media?parent=5247"}],"curies":[{"name":"wp","href":"https:\/\/api.w.org\/{rel}","templated":true}]}}