{"id":1844,"date":"2022-12-16T10:43:18","date_gmt":"2022-12-16T10:43:18","guid":{"rendered":"https:\/\/playgrow.qodeinteractive.com\/?page_id=1844"},"modified":"2025-07-28T18:12:22","modified_gmt":"2025-07-28T16:12:22","slug":"kontakt-2","status":"publish","type":"page","link":"https:\/\/bylama.eu\/en\/kontakt-2\/","title":{"rendered":"CONTACT"},"content":{"rendered":"<div data-elementor-type=\"wp-page\" data-elementor-id=\"1844\" class=\"elementor elementor-1844\" data-elementor-post-type=\"page\">\n\t\t\t\t\t\t<section class=\"elementor-section elementor-top-section elementor-element elementor-element-7a62f81 elementor-section-full_width qodef-elementor-content-grid elementor-section-height-default elementor-section-height-default\" data-id=\"7a62f81\" data-element_type=\"section\">\n\t\t\t\t\t\t<div class=\"elementor-container elementor-column-gap-default\">\n\t\t\t\t\t<div class=\"elementor-column elementor-col-50 elementor-top-column elementor-element elementor-element-edeafa9\" data-id=\"edeafa9\" data-element_type=\"column\">\n\t\t\t<div class=\"elementor-widget-wrap elementor-element-populated\">\n\t\t\t\t\t\t<div class=\"elementor-element elementor-element-06990ab elementor-widget elementor-widget-playgrow_core_section_title\" data-id=\"06990ab\" data-element_type=\"widget\" data-widget_type=\"playgrow_core_section_title.default\">\n\t\t\t\t<div class=\"elementor-widget-container\">\n\t\t\t\t\t<div class=\"qodef-shortcode qodef-m  qodef-section-title qodef-alignment--left\">\n\t\t<h2 class=\"qodef-m-title\" >\n\t\t\t\t\tHAVE QUESTIONS? <\/BR>CONTACT US!\t\t\t<\/h2>\n\t\t<p class=\"qodef-m-text\" style=\"margin-top: 18px\">If you have any questions about our products or potential collaboration \u2013 feel free to reach out to our Team.<\/p>\n<\/div>\n\t\t\t\t<\/div>\n\t\t\t\t<\/div>\n\t\t\t\t<div class=\"elementor-element elementor-element-5f5f79f elementor-widget elementor-widget-text-editor\" data-id=\"5f5f79f\" data-element_type=\"widget\" data-widget_type=\"text-editor.default\">\n\t\t\t\t<div class=\"elementor-widget-container\">\n\t\t\t\t\t\t\t\t\t<p>We're also available for you by phone.<\/p>\t\t\t\t\t\t\t\t<\/div>\n\t\t\t\t<\/div>\n\t\t\t\t<div class=\"elementor-element elementor-element-1791b39 elementor-widget elementor-widget-text-editor\" data-id=\"1791b39\" data-element_type=\"widget\" data-widget_type=\"text-editor.default\">\n\t\t\t\t<div class=\"elementor-widget-container\">\n\t\t\t\t\t\t\t\t\t<p>+48 730 639 375<\/p><p>Mon. \u2013 Frid. \u00a09:00-17:00<\/p>\t\t\t\t\t\t\t\t<\/div>\n\t\t\t\t<\/div>\n\t\t\t\t<section class=\"elementor-section elementor-inner-section elementor-element elementor-element-80d9658 elementor-section-full_width elementor-section-height-default elementor-section-height-default\" data-id=\"80d9658\" data-element_type=\"section\">\n\t\t\t\t\t\t<div class=\"elementor-container elementor-column-gap-default\">\n\t\t\t\t\t<div class=\"elementor-column elementor-col-50 elementor-inner-column elementor-element elementor-element-1d183d1\" data-id=\"1d183d1\" data-element_type=\"column\">\n\t\t\t<div class=\"elementor-widget-wrap elementor-element-populated\">\n\t\t\t\t\t\t<div class=\"elementor-element elementor-element-08c3477 elementor-widget__width-auto elementor-widget elementor-widget-text-editor\" data-id=\"08c3477\" data-element_type=\"widget\" data-widget_type=\"text-editor.default\">\n\t\t\t\t<div class=\"elementor-widget-container\">\n\t\t\t\t\t\t\t\t\t<p>Follow Us!<\/p>\t\t\t\t\t\t\t\t<\/div>\n\t\t\t\t<\/div>\n\t\t\t\t\t<\/div>\n\t\t<\/div>\n\t\t\t\t<div class=\"elementor-column elementor-col-50 elementor-inner-column elementor-element elementor-element-e26b40b\" data-id=\"e26b40b\" data-element_type=\"column\">\n\t\t\t<div class=\"elementor-widget-wrap elementor-element-populated\">\n\t\t\t\t\t\t<div class=\"elementor-element elementor-element-a1c78ac elementor-shape-rounded elementor-grid-0 e-grid-align-center elementor-widget elementor-widget-social-icons\" data-id=\"a1c78ac\" data-element_type=\"widget\" data-widget_type=\"social-icons.default\">\n\t\t\t\t<div class=\"elementor-widget-container\">\n\t\t\t\t\t\t\t<div class=\"elementor-social-icons-wrapper elementor-grid\" role=\"list\">\n\t\t\t\t\t\t\t<span class=\"elementor-grid-item\" role=\"listitem\">\n\t\t\t\t\t<a class=\"elementor-icon elementor-social-icon elementor-social-icon-facebook elementor-repeater-item-3e5ebaa\" href=\"https:\/\/www.facebook.com\/bylama.eu\" target=\"_blank\">\n\t\t\t\t\t\t<span class=\"elementor-screen-only\">Facebook<\/span>\n\t\t\t\t\t\t<svg aria-hidden=\"true\" class=\"e-font-icon-svg e-fab-facebook\" viewbox=\"0 0 512 512\" xmlns=\"http:\/\/www.w3.org\/2000\/svg\"><path d=\"M504 256C504 119 393 8 256 8S8 119 8 256c0 123.78 90.69 226.38 209.25 245V327.69h-63V256h63v-54.64c0-62.15 37-96.48 93.67-96.48 27.14 0 55.52 4.84 55.52 4.84v61h-31.28c-30.8 0-40.41 19.12-40.41 38.73V256h68.78l-11 71.69h-57.78V501C413.31 482.38 504 379.78 504 256z\"><\/path><\/svg>\t\t\t\t\t<\/a>\n\t\t\t\t<\/span>\n\t\t\t\t\t\t\t<span class=\"elementor-grid-item\" role=\"listitem\">\n\t\t\t\t\t<a class=\"elementor-icon elementor-social-icon elementor-social-icon-instagram elementor-repeater-item-a9270f9\" href=\"https:\/\/www.instagram.com\/bylama.eu\" target=\"_blank\">\n\t\t\t\t\t\t<span class=\"elementor-screen-only\">Instagram<\/span>\n\t\t\t\t\t\t<svg aria-hidden=\"true\" class=\"e-font-icon-svg e-fab-instagram\" viewbox=\"0 0 448 512\" xmlns=\"http:\/\/www.w3.org\/2000\/svg\"><path d=\"M224.1 141c-63.6 0-114.9 51.3-114.9 114.9s51.3 114.9 114.9 114.9S339 319.5 339 255.9 287.7 141 224.1 141zm0 189.6c-41.1 0-74.7-33.5-74.7-74.7s33.5-74.7 74.7-74.7 74.7 33.5 74.7 74.7-33.6 74.7-74.7 74.7zm146.4-194.3c0 14.9-12 26.8-26.8 26.8-14.9 0-26.8-12-26.8-26.8s12-26.8 26.8-26.8 26.8 12 26.8 26.8zm76.1 27.2c-1.7-35.9-9.9-67.7-36.2-93.9-26.2-26.2-58-34.4-93.9-36.2-37-2.1-147.9-2.1-184.9 0-35.8 1.7-67.6 9.9-93.9 36.1s-34.4 58-36.2 93.9c-2.1 37-2.1 147.9 0 184.9 1.7 35.9 9.9 67.7 36.2 93.9s58 34.4 93.9 36.2c37 2.1 147.9 2.1 184.9 0 35.9-1.7 67.7-9.9 93.9-36.2 26.2-26.2 34.4-58 36.2-93.9 2.1-37 2.1-147.8 0-184.8zM398.8 388c-7.8 19.6-22.9 34.7-42.6 42.6-29.5 11.7-99.5 9-132.1 9s-102.7 2.6-132.1-9c-19.6-7.8-34.7-22.9-42.6-42.6-11.7-29.5-9-99.5-9-132.1s-2.6-102.7 9-132.1c7.8-19.6 22.9-34.7 42.6-42.6 29.5-11.7 99.5-9 132.1-9s102.7-2.6 132.1 9c19.6 7.8 34.7 22.9 42.6 42.6 11.7 29.5 9 99.5 9 132.1s2.7 102.7-9 132.1z\"><\/path><\/svg>\t\t\t\t\t<\/a>\n\t\t\t\t<\/span>\n\t\t\t\t\t\t\t<span class=\"elementor-grid-item\" role=\"listitem\">\n\t\t\t\t\t<a class=\"elementor-icon elementor-social-icon elementor-social-icon-pinterest elementor-repeater-item-5830358\" href=\"https:\/\/pin.it\/6HHVsBXN0\" target=\"_blank\">\n\t\t\t\t\t\t<span class=\"elementor-screen-only\">Pinterest<\/span>\n\t\t\t\t\t\t<svg aria-hidden=\"true\" class=\"e-font-icon-svg e-fab-pinterest\" viewbox=\"0 0 496 512\" xmlns=\"http:\/\/www.w3.org\/2000\/svg\"><path d=\"M496 256c0 137-111 248-248 248-25.6 0-50.2-3.9-73.4-11.1 10.1-16.5 25.2-43.5 30.8-65 3-11.6 15.4-59 15.4-59 8.1 15.4 31.7 28.5 56.8 28.5 74.8 0 128.7-68.8 128.7-154.3 0-81.9-66.9-143.2-152.9-143.2-107 0-163.9 71.8-163.9 150.1 0 36.4 19.4 81.7 50.3 96.1 4.7 2.2 7.2 1.2 8.3-3.3.8-3.4 5-20.3 6.9-28.1.6-2.5.3-4.7-1.7-7.1-10.1-12.5-18.3-35.3-18.3-56.6 0-54.7 41.4-107.6 112-107.6 60.9 0 103.6 41.5 103.6 100.9 0 67.1-33.9 113.6-78 113.6-24.3 0-42.6-20.1-36.7-44.8 7-29.5 20.5-61.3 20.5-82.6 0-19-10.2-34.9-31.4-34.9-24.9 0-44.9 25.7-44.9 60.2 0 22 7.4 36.8 7.4 36.8s-24.5 103.8-29 123.2c-5 21.4-3 51.6-.9 71.2C65.4 450.9 0 361.1 0 256 0 119 111 8 248 8s248 111 248 248z\"><\/path><\/svg>\t\t\t\t\t<\/a>\n\t\t\t\t<\/span>\n\t\t\t\t\t<\/div>\n\t\t\t\t\t\t<\/div>\n\t\t\t\t<\/div>\n\t\t\t\t\t<\/div>\n\t\t<\/div>\n\t\t\t\t\t<\/div>\n\t\t<\/section>\n\t\t\t\t\t<\/div>\n\t\t<\/div>\n\t\t\t\t<div class=\"elementor-column elementor-col-50 elementor-top-column elementor-element elementor-element-3d776ca\" data-id=\"3d776ca\" data-element_type=\"column\">\n\t\t\t<div class=\"elementor-widget-wrap elementor-element-populated\">\n\t\t\t\t\t\t<div class=\"elementor-element elementor-element-24e032d elementor-widget elementor-widget-wp-widget-playgrow_core_contact_form_7\" data-id=\"24e032d\" data-element_type=\"widget\" data-widget_type=\"wp-widget-playgrow_core_contact_form_7.default\">\n\t\t\t\t<div class=\"elementor-widget-container\">\n\t\t\t\t\t\t\t\t<div class=\"qodef-contact-form-7\">\n\t\t\t\t\n<div class=\"wpcf7 no-js\" id=\"wpcf7-f1874-o1\" lang=\"en-US\" dir=\"ltr\" data-wpcf7-id=\"1874\">\n<div class=\"screen-reader-response\"><p role=\"status\" aria-live=\"polite\" aria-atomic=\"true\"><\/p> <ul><\/ul><\/div>\n<form action=\"\/en\/wp-json\/wp\/v2\/pages\/1844#wpcf7-f1874-o1\" method=\"post\" class=\"wpcf7-form init demo\" aria-label=\"Contact form\" novalidate=\"novalidate\" data-status=\"init\" data-trp-original-action=\"\/en\/wp-json\/wp\/v2\/pages\/1844#wpcf7-f1874-o1\">\n<fieldset class=\"hidden-fields-container\"><input type=\"hidden\" name=\"_wpcf7\" value=\"1874\" \/><input type=\"hidden\" name=\"_wpcf7_version\" value=\"6.1.4\" \/><input type=\"hidden\" name=\"_wpcf7_locale\" value=\"en_US\" \/><input type=\"hidden\" name=\"_wpcf7_unit_tag\" value=\"wpcf7-f1874-o1\" \/><input type=\"hidden\" name=\"_wpcf7_container_post\" value=\"0\" \/><input type=\"hidden\" name=\"_wpcf7_posted_data_hash\" value=\"\" \/>\n<\/fieldset>\n<div class=\"qodef-m-contact qodef-contact-form-7\">\n\n \n\n<div class=\"qodef-grid-inner\">\n\n \n\n<div class=\"qodef-grid-item qodef-col--12\">\n\n \n\n<span class=\"wpcf7-form-control-wrap\" data-name=\"your-name\"><input size=\"40\" maxlength=\"400\" class=\"wpcf7-form-control wpcf7-text wpcf7-validates-as-required\" aria-required=\"true\" aria-invalid=\"false\" placeholder=\"First and Last Name\" value=\"\" type=\"text\" name=\"your-name\" \/><\/span>\n\n \n\n<\/div>\n\n \n\n<div class=\"qodef-grid-item qodef-col--12\">\n\n \n\n<span class=\"wpcf7-form-control-wrap\" data-name=\"your-email\"><input size=\"40\" maxlength=\"400\" class=\"wpcf7-form-control wpcf7-email wpcf7-validates-as-required wpcf7-text wpcf7-validates-as-email\" aria-required=\"true\" aria-invalid=\"false\" placeholder=\"Your Email\" value=\"\" type=\"email\" name=\"your-email\" \/><\/span>\n\n \n\n<\/div>\n\n<div class=\"qodef-grid-item qodef-col--12\">\n\n \n\n<span class=\"wpcf7-form-control-wrap\" data-name=\"your-phone\"><input size=\"40\" maxlength=\"400\" class=\"wpcf7-form-control wpcf7-tel wpcf7-validates-as-required wpcf7-text wpcf7-validates-as-tel\" aria-required=\"true\" aria-invalid=\"false\" placeholder=\"Phone Number\" value=\"\" type=\"tel\" name=\"your-phone\" \/><\/span>\n\n \n\n<\/div>\n\n<div class=\"\">\n\n \n\n<span class=\"wpcf7-form-control-wrap\" data-name=\"your-textarea\"><textarea cols=\"40\" rows=\"10\" maxlength=\"2000\" class=\"wpcf7-form-control wpcf7-textarea\" aria-invalid=\"false\" placeholder=\"Type your message here\" name=\"your-textarea\"><\/textarea><\/span>\n\n \n\n<\/div>\n\n \n\n<div class=\"qodef-grid-item qodef-col--12 qodef-cf-submit\">\n\n \n\n<button class=\"wpcf7-form-control wpcf7-submit qodef-button qodef-size--normal qodef-layout--filled qodef-m\" type=\"submit\"><span class=\"qodef-m-text\">Send Message<\/span><\/button>\n\n \n\n<\/div>\n\n \n\n \n\n<\/div>\n\n \n\n<\/div><div class=\"wpcf7-response-output\" aria-hidden=\"true\"><\/div>\n<input type=\"hidden\" name=\"trp-form-language\" value=\"en\"\/><\/form>\n<\/div>\n\t\t\t<\/div>\n\t\t\t\t\t\t\t<\/div>\n\t\t\t\t<\/div>\n\t\t\t\t\t<\/div>\n\t\t<\/div>\n\t\t\t\t\t<\/div>\n\t\t<\/section>\n\t\t\t\t<section class=\"elementor-section elementor-top-section elementor-element elementor-element-f380a15 elementor-section-full_width elementor-section-height-default elementor-section-height-default\" data-id=\"f380a15\" data-element_type=\"section\" data-settings=\"{&quot;background_background&quot;:&quot;classic&quot;}\">\n\t\t\t\t\t\t<div class=\"elementor-container elementor-column-gap-default\">\n\t\t\t\t\t<div class=\"elementor-column elementor-col-100 elementor-top-column elementor-element elementor-element-de41338\" data-id=\"de41338\" data-element_type=\"column\" data-settings=\"{&quot;background_background&quot;:&quot;classic&quot;}\">\n\t\t\t<div class=\"elementor-widget-wrap elementor-element-populated\">\n\t\t\t\t\t\t<div class=\"elementor-element elementor-element-f4b8370 elementor-widget__width-auto elementor-widget elementor-widget-html\" data-id=\"f4b8370\" data-element_type=\"widget\" data-widget_type=\"html.default\">\n\t\t\t\t<div class=\"elementor-widget-container\">\n\t\t\t\t\t<svg class=\"qode-rainbow\" width=\"170\" xmlns=\"http:\/\/www.w3.org\/2000\/svg\" xml:space=\"preserve\" viewbox=\"0 0 170 90\">\r\n\t<path fill=\"none\" stroke=\"#c1e3d7\" pathlength=\"1\" stroke-linecap=\"round\" stroke-miterlimit=\"10\" stroke-width=\"14\" d=\"M9.7 80.4c.7-40.7 41.9-70.1 79.1-71.2 39.5-1.3 64 29.8 73.1 70.9\"\/>\r\n\t<path fill=\"none\" stroke=\"#fcbfa6\" pathlength=\"1\" stroke-linecap=\"round\" stroke-miterlimit=\"10\" stroke-width=\"14\" d=\"M30.1 81.4c.5-29.4 31.3-50.7 59.2-51.6 29.5-.9 47.9 21.5 54.8 51.3\"\/>\r\n\t<path fill=\"none\" stroke=\"#e0c3a2\" pathlength=\"1\" stroke-linecap=\"round\" stroke-miterlimit=\"10\" stroke-width=\"8\" d=\"M47.2 84.7c.4-21.3 22.1-36.6 41.8-37.3 20.8-.6 33.8 15.6 38.7 37.1\"\/>\r\n\t<path fill=\"none\" stroke=\"#c37324\" pathlength=\"1\" stroke-linecap=\"round\" stroke-miterlimit=\"10\" stroke-width=\"8\" d=\"M58.4 84.7c.3-14.3 16.3-24.7 30.7-25.1 15.4-.4 24.9 10.5 28.4 24.9\"\/>\r\n\t<path fill=\"none\" stroke=\"#2e3e54\" pathlength=\"1\" stroke-linecap=\"round\" stroke-miterlimit=\"10\" stroke-width=\"2\" d=\"M69.6 87.8c1.9-9.2 10.2-15.6 19.4-15.2 8.8.3 16.3 6.9 17.9 15.7\"\/>\r\n\t\t<g>\r\n\t\t<path fill=\"none\" stroke=\"#2e3e54\" pathlength=\"1\" stroke-linecap=\"round\" stroke-miterlimit=\"10\" stroke-width=\"2\" d=\"M70.9 83.2 L67.9 82.3\"\/>\r\n\t\t<path fill=\"none\" stroke=\"#2e3e54\" pathlength=\"1\" stroke-linecap=\"round\" stroke-miterlimit=\"10\" stroke-width=\"2\" d=\"M74.8,77.8c-0.9-0.8-1.9-1.7-2.8-2.5\"\/>\r\n\t\t<path fill=\"none\" stroke=\"#2e3e54\" pathlength=\"1\" stroke-linecap=\"round\" stroke-miterlimit=\"10\" stroke-width=\"2\" d=\"M82.1 73.3 L80.6 69.4\"\/>\r\n\t\t<path fill=\"none\" stroke=\"#2e3e54\" pathlength=\"1\" stroke-linecap=\"round\" stroke-miterlimit=\"10\" stroke-width=\"2\" d=\"M89.6,72.2c-0.1-1.4-0.2-2.9-0.3-4.3\"\/>\r\n\t\t<path fill=\"none\" stroke=\"#2e3e54\" pathlength=\"1\" stroke-linecap=\"round\" stroke-miterlimit=\"10\" stroke-width=\"2\" d=\"M96.7,74.3c0.4-1.3,0.9-2.6,1.3-3.9\"\/>\r\n\t\t<path fill=\"none\" stroke=\"#2e3e54\" pathlength=\"1\" stroke-linecap=\"round\" stroke-miterlimit=\"10\" stroke-width=\"2\" d=\"M102.8 78.9 L104.9 75.9\"\/>\r\n\t\t<path fill=\"none\" stroke=\"#2e3e54\" pathlength=\"1\" stroke-linecap=\"round\" stroke-miterlimit=\"10\" stroke-width=\"2\" d=\"M106.3,84.7c1.1-0.9,2.3-1.8,3.4-2.7\"\/>\r\n\t<\/g>\r\n<\/svg>\t\t\t\t<\/div>\n\t\t\t\t<\/div>\n\t\t\t\t<div class=\"elementor-element elementor-element-f57bf6d elementor-widget elementor-widget-playgrow_core_section_title\" data-id=\"f57bf6d\" data-element_type=\"widget\" data-widget_type=\"playgrow_core_section_title.default\">\n\t\t\t\t<div class=\"elementor-widget-container\">\n\t\t\t\t\t<div class=\"qodef-shortcode qodef-m  qodef-section-title qodef-alignment--center\">\n\t\t<h3 class=\"qodef-m-title\" >\n\t\t\t\t\tbyLama\u2122<\/br>Luxurious Alpaca Duvets and Pillows\t\t\t<\/h3>\n\t<\/div>\n\t\t\t\t<\/div>\n\t\t\t\t<\/div>\n\t\t\t\t<div class=\"elementor-element elementor-element-9063780 elementor-widget elementor-widget-text-editor\" data-id=\"9063780\" data-element_type=\"widget\" data-widget_type=\"text-editor.default\">\n\t\t\t\t<div class=\"elementor-widget-container\">\n\t\t\t\t\t\t\t\t\t<p>Our brand byLama\u2122 was born out of a deep love for ecology and a strong belief in the harmonious coexistence of humans and nature. This very philosophy guides us in creating fully eco-friendly and biodegradable duvets and pillows made from alpaca wool.<\/p><p>We are the only brand in Poland that uses New Zealand alpaca wool in the production of our goods \u2013 a top-quality raw material valued worldwide for its exceptional properties. Our products undergo no chemical processing after shearing, ensuring that the alpaca fiber retains its natural softness, lightness, and hypoallergenic qualities.<\/p><p>The covers of our duvets and pillows are made from natural, exclusively woven cotton, further enhancing user comfort. This combination places byLama\u2122 products at the top of the luxury bedding category.<\/p><h3>with respect for nature and craftsmanship<\/h3><p>Our products are the result of respect for nature, tradition, and human craftsmanship. By using exclusive materials, we strive for perfection in every detail\u2014creating items that are not only functional but also timelessly beautiful.<\/p><p>Our technologist, with 40 years of experience, personally ensures the quality of each product, making byLama\u2122 duvets and pillows truly exceptional and unique on the market. All products are trademark protected and come with numerous certifications confirming their quality.<\/p><h3>perfection in every detail<\/h3><p>Our mission is continuous growth and the pursuit of perfection, allowing us to meet the expectations of even the most demanding customers. With byLama\u2122, you choose luxury, health, and sustainability all in one.<\/p>\t\t\t\t\t\t\t\t<\/div>\n\t\t\t\t<\/div>\n\t\t\t\t<div class=\"elementor-element elementor-element-c926738 elementor-widget elementor-widget-qi_addons_for_elementor_button\" data-id=\"c926738\" data-element_type=\"widget\" data-widget_type=\"qi_addons_for_elementor_button.default\">\n\t\t\t\t<div class=\"elementor-widget-container\">\n\t\t\t\t\t<a class=\"qodef-shortcode qodef-m qodef-qi-button qodef-html--link qodef-layout--filled qodef-type--standard qodef-icon--right qodef-hover--icon-move-horizontal-short\" href=\"https:\/\/bylama.eu\/en\/sklep\/\" target=\"_self\">\n\t<span class=\"qodef-m-text\">GO TO SHOP<\/span>\n\t<\/a>\n\t\t\t\t<\/div>\n\t\t\t\t<\/div>\n\t\t\t\t\t<\/div>\n\t\t<\/div>\n\t\t\t\t\t<\/div>\n\t\t<\/section>\n\t\t\t\t<\/div>","protected":false},"excerpt":{"rendered":"<p>MASZ PYTANIA? SKONTAKTUJ SI\u0118 Z NAMI! Je\u015bli masz jakiekolwiek pytania dotycz\u0105ce naszych produkt\u00f3w lub wsp\u00f3\u0142pracy z nasz\u0105 firm\u0105 &#8211; skontaktuj si\u0119 z naszym Zespo\u0142em. Czekamy na Ciebie r\u00f3wnie\u017c pod numerem telefonu. +48 730 639 375 Pon &#8211; Pt \u00a09:00-17:00 Follow Us! Facebook Instagram Pinterest byLama\u2122Luksusowe ko\u0142dry i poduszki z alpaki Nasza marka byLama\u2122 zosta\u0142a stworzona [&hellip;]<\/p>","protected":false},"author":1,"featured_media":0,"parent":0,"menu_order":0,"comment_status":"closed","ping_status":"closed","template":"page-full-width.php","meta":{"footnotes":""},"class_list":["post-1844","page","type-page","status-publish","hentry"],"yoast_head":"<!-- This site is optimized with the Yoast SEO Premium plugin v25.0 (Yoast SEO v26.7) - https:\/\/yoast.com\/wordpress\/plugins\/seo\/ -->\n<title>Kontakt | byLama \u2013 Skontaktuj si\u0119 z Nami<\/title>\n<meta name=\"description\" content=\"Skontaktuj si\u0119 z byLama \u2013 jeste\u015bmy do Twojej dyspozycji! Zapraszamy do kontaktu przez formularz online, telefon lub e-mail.\" \/>\n<meta name=\"robots\" content=\"index, follow, max-snippet:-1, max-image-preview:large, max-video-preview:-1\" \/>\n<link rel=\"canonical\" href=\"https:\/\/bylama.eu\/en\/kontakt\/\" \/>\n<meta property=\"og:locale\" content=\"en_GB\" \/>\n<meta property=\"og:type\" content=\"article\" \/>\n<meta property=\"og:title\" content=\"KONTAKT\" \/>\n<meta property=\"og:description\" content=\"Skontaktuj si\u0119 z byLama \u2013 jeste\u015bmy do Twojej dyspozycji! Zapraszamy do kontaktu przez formularz online, telefon lub e-mail.\" \/>\n<meta property=\"og:url\" content=\"https:\/\/bylama.eu\/en\/kontakt\/\" \/>\n<meta property=\"og:site_name\" content=\"byLama\" \/>\n<meta property=\"article:publisher\" content=\"https:\/\/www.facebook.com\/bylama.eu\" \/>\n<meta property=\"article:modified_time\" content=\"2025-07-28T16:12:22+00:00\" \/>\n<meta name=\"twitter:card\" content=\"summary_large_image\" \/>\n<meta name=\"twitter:label1\" content=\"Estimated reading time\" \/>\n\t<meta name=\"twitter:data1\" content=\"2 minutes\" \/>\n<script type=\"application\/ld+json\" class=\"yoast-schema-graph\">{\"@context\":\"https:\/\/schema.org\",\"@graph\":[{\"@type\":\"WebPage\",\"@id\":\"https:\/\/bylama.eu\/kontakt-2\/\",\"url\":\"https:\/\/bylama.eu\/kontakt\/\",\"name\":\"Kontakt | byLama \u2013 Skontaktuj si\u0119 z Nami\",\"isPartOf\":{\"@id\":\"https:\/\/bylama.eu\/#website\"},\"datePublished\":\"2022-12-16T10:43:18+00:00\",\"dateModified\":\"2025-07-28T16:12:22+00:00\",\"description\":\"Skontaktuj si\u0119 z byLama \u2013 jeste\u015bmy do Twojej dyspozycji! Zapraszamy do kontaktu przez formularz online, telefon lub e-mail.\",\"breadcrumb\":{\"@id\":\"https:\/\/bylama.eu\/kontakt\/#breadcrumb\"},\"inLanguage\":\"en-GB\",\"potentialAction\":[{\"@type\":\"ReadAction\",\"target\":[\"https:\/\/bylama.eu\/kontakt\/\"]}]},{\"@type\":\"BreadcrumbList\",\"@id\":\"https:\/\/bylama.eu\/kontakt\/#breadcrumb\",\"itemListElement\":[{\"@type\":\"ListItem\",\"position\":1,\"name\":\"Home\",\"item\":\"https:\/\/bylama.eu\/\"},{\"@type\":\"ListItem\",\"position\":2,\"name\":\"kontakt byLama\"}]},{\"@type\":\"WebSite\",\"@id\":\"https:\/\/bylama.eu\/#website\",\"url\":\"https:\/\/bylama.eu\/\",\"name\":\"byLama\",\"description\":\"Naturalny Komfort Snu\",\"publisher\":{\"@id\":\"https:\/\/bylama.eu\/#organization\"},\"alternateName\":\"byLama.eu\",\"potentialAction\":[{\"@type\":\"SearchAction\",\"target\":{\"@type\":\"EntryPoint\",\"urlTemplate\":\"https:\/\/bylama.eu\/?s={search_term_string}\"},\"query-input\":{\"@type\":\"PropertyValueSpecification\",\"valueRequired\":true,\"valueName\":\"search_term_string\"}}],\"inLanguage\":\"en-GB\"},{\"@type\":\"Organization\",\"@id\":\"https:\/\/bylama.eu\/#organization\",\"name\":\"byLama\",\"alternateName\":\"bylama.eu\",\"url\":\"https:\/\/bylama.eu\/\",\"logo\":{\"@type\":\"ImageObject\",\"inLanguage\":\"en-GB\",\"@id\":\"https:\/\/bylama.eu\/#\/schema\/logo\/image\/\",\"url\":\"https:\/\/bylama.eu\/wp-content\/uploads\/2024\/09\/Logo.jpeg\",\"contentUrl\":\"https:\/\/bylama.eu\/wp-content\/uploads\/2024\/09\/Logo.jpeg\",\"width\":2000,\"height\":2000,\"caption\":\"byLama\"},\"image\":{\"@id\":\"https:\/\/bylama.eu\/#\/schema\/logo\/image\/\"},\"sameAs\":[\"https:\/\/www.facebook.com\/bylama.eu\",\"https:\/\/www.instagram.com\/bylama.eu\"]}]}<\/script>\n<!-- \/ Yoast SEO Premium plugin. -->","yoast_head_json":{"title":"Kontakt | byLama \u2013 Skontaktuj si\u0119 z Nami","description":"Skontaktuj si\u0119 z byLama \u2013 jeste\u015bmy do Twojej dyspozycji! Zapraszamy do kontaktu przez formularz online, telefon lub e-mail.","robots":{"index":"index","follow":"follow","max-snippet":"max-snippet:-1","max-image-preview":"max-image-preview:large","max-video-preview":"max-video-preview:-1"},"canonical":"https:\/\/bylama.eu\/en\/kontakt\/","og_locale":"en_GB","og_type":"article","og_title":"KONTAKT","og_description":"Skontaktuj si\u0119 z byLama \u2013 jeste\u015bmy do Twojej dyspozycji! Zapraszamy do kontaktu przez formularz online, telefon lub e-mail.","og_url":"https:\/\/bylama.eu\/en\/kontakt\/","og_site_name":"byLama","article_publisher":"https:\/\/www.facebook.com\/bylama.eu","article_modified_time":"2025-07-28T16:12:22+00:00","twitter_card":"summary_large_image","twitter_misc":{"Estimated reading time":"2 minutes"},"schema":{"@context":"https:\/\/schema.org","@graph":[{"@type":"WebPage","@id":"https:\/\/bylama.eu\/kontakt-2\/","url":"https:\/\/bylama.eu\/kontakt\/","name":"Kontakt | byLama \u2013 Skontaktuj si\u0119 z Nami","isPartOf":{"@id":"https:\/\/bylama.eu\/#website"},"datePublished":"2022-12-16T10:43:18+00:00","dateModified":"2025-07-28T16:12:22+00:00","description":"Skontaktuj si\u0119 z byLama \u2013 jeste\u015bmy do Twojej dyspozycji! Zapraszamy do kontaktu przez formularz online, telefon lub e-mail.","breadcrumb":{"@id":"https:\/\/bylama.eu\/kontakt\/#breadcrumb"},"inLanguage":"en-GB","potentialAction":[{"@type":"ReadAction","target":["https:\/\/bylama.eu\/kontakt\/"]}]},{"@type":"BreadcrumbList","@id":"https:\/\/bylama.eu\/kontakt\/#breadcrumb","itemListElement":[{"@type":"ListItem","position":1,"name":"Home","item":"https:\/\/bylama.eu\/"},{"@type":"ListItem","position":2,"name":"kontakt byLama"}]},{"@type":"WebSite","@id":"https:\/\/bylama.eu\/#website","url":"https:\/\/bylama.eu\/","name":"byLama","description":"Naturalny Komfort Snu","publisher":{"@id":"https:\/\/bylama.eu\/#organization"},"alternateName":"byLama.eu","potentialAction":[{"@type":"SearchAction","target":{"@type":"EntryPoint","urlTemplate":"https:\/\/bylama.eu\/?s={search_term_string}"},"query-input":{"@type":"PropertyValueSpecification","valueRequired":true,"valueName":"search_term_string"}}],"inLanguage":"en-GB"},{"@type":"Organization","@id":"https:\/\/bylama.eu\/#organization","name":"byLama","alternateName":"bylama.eu","url":"https:\/\/bylama.eu\/","logo":{"@type":"ImageObject","inLanguage":"en-GB","@id":"https:\/\/bylama.eu\/#\/schema\/logo\/image\/","url":"https:\/\/bylama.eu\/wp-content\/uploads\/2024\/09\/Logo.jpeg","contentUrl":"https:\/\/bylama.eu\/wp-content\/uploads\/2024\/09\/Logo.jpeg","width":2000,"height":2000,"caption":"byLama"},"image":{"@id":"https:\/\/bylama.eu\/#\/schema\/logo\/image\/"},"sameAs":["https:\/\/www.facebook.com\/bylama.eu","https:\/\/www.instagram.com\/bylama.eu"]}]}},"_links":{"self":[{"href":"https:\/\/bylama.eu\/en\/wp-json\/wp\/v2\/pages\/1844","targetHints":{"allow":["GET"]}}],"collection":[{"href":"https:\/\/bylama.eu\/en\/wp-json\/wp\/v2\/pages"}],"about":[{"href":"https:\/\/bylama.eu\/en\/wp-json\/wp\/v2\/types\/page"}],"author":[{"embeddable":true,"href":"https:\/\/bylama.eu\/en\/wp-json\/wp\/v2\/users\/1"}],"replies":[{"embeddable":true,"href":"https:\/\/bylama.eu\/en\/wp-json\/wp\/v2\/comments?post=1844"}],"version-history":[{"count":23,"href":"https:\/\/bylama.eu\/en\/wp-json\/wp\/v2\/pages\/1844\/revisions"}],"predecessor-version":[{"id":9556,"href":"https:\/\/bylama.eu\/en\/wp-json\/wp\/v2\/pages\/1844\/revisions\/9556"}],"wp:attachment":[{"href":"https:\/\/bylama.eu\/en\/wp-json\/wp\/v2\/media?parent=1844"}],"curies":[{"name":"wp","href":"https:\/\/api.w.org\/{rel}","templated":true}]}}