{"id":6153,"date":"2024-02-19T15:31:33","date_gmt":"2024-02-19T15:31:33","guid":{"rendered":"https:\/\/bylama.eu\/?post_type=product&#038;p=6153"},"modified":"2025-07-28T18:51:56","modified_gmt":"2025-07-28T16:51:56","slug":"poduszka","status":"publish","type":"product","link":"https:\/\/bylama.eu\/de\/produkt\/poduszka\/","title":{"rendered":"Alpakakissen <\/br>(verschiedene Gr\u00f6\u00dfen)"},"content":{"rendered":"<div data-elementor-type=\"wp-post\" data-elementor-id=\"6153\" class=\"elementor elementor-6153\" data-elementor-post-type=\"product\">\n\t\t\t\t<div class=\"elementor-element elementor-element-2e68dee9 e-flex e-con-boxed e-con e-parent\" data-id=\"2e68dee9\" data-element_type=\"container\">\n\t\t\t\t\t<div class=\"e-con-inner\">\n\t\t<div class=\"elementor-element elementor-element-439c7c50 e-con-full e-flex e-con e-child\" data-id=\"439c7c50\" data-element_type=\"container\" data-settings=\"{&quot;background_background&quot;:&quot;classic&quot;}\">\n\t\t\t\t<div class=\"elementor-element elementor-element-228d2c0a elementor-widget elementor-widget-qi_addons_for_elementor_section_title\" data-id=\"228d2c0a\" data-element_type=\"widget\" data-widget_type=\"qi_addons_for_elementor_section_title.default\">\n\t\t\t\t<div class=\"elementor-widget-container\">\n\t\t\t\t\t<div class=\"qodef-shortcode qodef-m qodef-qi-section-title qodef-decoration--italic qodef-link--underline-draw qodef-subtitle-icon--left\">\n\t\t\t\t\t\t<h4 class=\"qodef-m-title\">\n\t\tPFLEGE <\/br> der byLama\u2122-Produkte\t<\/h4>\n\t\t\t<\/div>\n\t\t\t\t<\/div>\n\t\t\t\t<\/div>\n\t\t\t\t<div class=\"elementor-element elementor-element-6dec8d3b elementor-widget elementor-widget-image\" data-id=\"6dec8d3b\" data-element_type=\"widget\" data-widget_type=\"image.default\">\n\t\t\t\t<div class=\"elementor-widget-container\">\n\t\t\t\t\t\t\t\t\t\t\t\t\t\t\t<img decoding=\"async\" src=\"https:\/\/bylama.eu\/wp-content\/uploads\/2022\/12\/PIELEGNACJA.png\" title=\"\" alt=\"\" loading=\"lazy\" \/>\t\t\t\t\t\t\t\t\t\t\t\t\t\t\t<\/div>\n\t\t\t\t<\/div>\n\t\t\t\t<div class=\"elementor-element elementor-element-1220990a elementor-widget elementor-widget-text-editor\" data-id=\"1220990a\" data-element_type=\"widget\" data-widget_type=\"text-editor.default\">\n\t\t\t\t<div class=\"elementor-widget-container\">\n\t\t\t\t\t\t\t\t\t<div>Wir empfehlen, Decken und Kissen regelm\u00e4\u00dfig im Freien auszul\u00fcften \u2013 besonders an sonnigen und warmen Tagen. So bleibt die nat\u00fcrliche Frische unserer Produkte erhalten. In besonderen F\u00e4llen empfehlen wir eine schonende chemische Reinigung und Trocknung bei niedrigen Temperaturen.<\/div><div>\u00a0<\/div><div><strong>Denken Sie daran, stets sicherzustellen, dass Ihre chemische Reinigung die entsprechenden Richtlinien f\u00fcr die Pflege von Wollprodukten einh\u00e4lt.<\/strong><\/div><div>\u00a0<\/div><div><strong>WICHTIG:<\/strong>\u00a0nicht in der Waschmaschine waschen, nicht \u00fcbergie\u00dfen und nicht in hei\u00dfem Wasser einweichen \u2013 auf diese Weise gereinigte Produkte werden besch\u00e4digt und <strong>f\u00e4llt nicht<\/strong> von der Garantie abgedeckt. Das Waschen \u2013 selbst in kaltem Wasser oder im Wollwaschgang \u2013 wird nicht empfohlen, da das mechanische Drehen und Schleudern die Fasern innerhalb der Decke verschieben oder schrumpfen lassen kann.<\/div><div>\u00a0<\/div><div>Punktuelle Reinigung mit kaltem Wasser ist zul\u00e4ssig, ebenso wie das sofortige flache Trocknen des Produkts.<\/div>\t\t\t\t\t\t\t\t<\/div>\n\t\t\t\t<\/div>\n\t\t\t\t<\/div>\n\t\t<div class=\"elementor-element elementor-element-7a2922e6 e-con-full e-flex e-con e-child\" data-id=\"7a2922e6\" data-element_type=\"container\" data-settings=\"{&quot;background_background&quot;:&quot;classic&quot;}\">\n\t\t\t\t<\/div>\n\t\t\t\t\t<\/div>\n\t\t\t\t<\/div>\n\t\t<div class=\"elementor-element elementor-element-1eea6e8 e-flex e-con-boxed e-con e-parent\" data-id=\"1eea6e8\" data-element_type=\"container\">\n\t\t\t\t\t<div class=\"e-con-inner\">\n\t\t<div class=\"elementor-element elementor-element-b9e038d e-con-full e-flex e-con e-child\" data-id=\"b9e038d\" data-element_type=\"container\">\n\t\t\t\t<div class=\"elementor-element elementor-element-b3216e6 elementor-widget elementor-widget-video\" data-id=\"b3216e6\" data-element_type=\"widget\" data-settings=\"{&quot;youtube_url&quot;:&quot;https:\\\/\\\/youtu.be\\\/SbhbgbTr6fU&quot;,&quot;video_type&quot;:&quot;youtube&quot;,&quot;controls&quot;:&quot;yes&quot;}\" data-widget_type=\"video.default\">\n\t\t\t\t<div class=\"elementor-widget-container\">\n\t\t\t\t\t\t\t<div class=\"elementor-wrapper elementor-open-inline\">\n\t\t\t<div class=\"elementor-video\"><\/div>\t\t<\/div>\n\t\t\t\t\t\t<\/div>\n\t\t\t\t<\/div>\n\t\t\t\t<\/div>\n\t\t\t\t\t<\/div>\n\t\t\t\t<\/div>\n\t\t<div class=\"elementor-element elementor-element-f63ca44 e-flex e-con-boxed e-con e-parent\" data-id=\"f63ca44\" data-element_type=\"container\">\n\t\t\t\t\t<div class=\"e-con-inner\">\n\t\t\t\t<div class=\"elementor-element elementor-element-3697e19a elementor-widget elementor-widget-image\" data-id=\"3697e19a\" data-element_type=\"widget\" data-widget_type=\"image.default\">\n\t\t\t\t<div class=\"elementor-widget-container\">\n\t\t\t\t\t\t\t\t\t\t\t\t\t\t\t<img decoding=\"async\" src=\"https:\/\/bylama.eu\/wp-content\/uploads\/2022\/12\/POROWNANIE.png\" title=\"\" alt=\"\" loading=\"lazy\" \/>\t\t\t\t\t\t\t\t\t\t\t\t\t\t\t<\/div>\n\t\t\t\t<\/div>\n\t\t\t\t\t<\/div>\n\t\t\t\t<\/div>\n\t\t\t\t<section class=\"elementor-section elementor-top-section elementor-element elementor-element-214c0e85 elementor-section-full_width qodef-elementor-content-grid elementor-section-stretched elementor-section-height-default elementor-section-height-default\" data-id=\"214c0e85\" data-element_type=\"section\" data-settings=\"{&quot;background_background&quot;:&quot;classic&quot;,&quot;stretch_section&quot;:&quot;section-stretched&quot;}\">\n\t\t\t\t\t\t<div class=\"elementor-container elementor-column-gap-default\">\n\t\t\t\t\t<div class=\"elementor-column elementor-col-100 elementor-top-column elementor-element elementor-element-64502c41\" data-id=\"64502c41\" data-element_type=\"column\">\n\t\t\t<div class=\"elementor-widget-wrap elementor-element-populated\">\n\t\t\t\t\t\t<div class=\"elementor-element elementor-element-31a1bc59 elementor-widget elementor-widget-playgrow_core_section_title\" data-id=\"31a1bc59\" data-element_type=\"widget\" data-widget_type=\"playgrow_core_section_title.default\">\n\t\t\t\t<div class=\"elementor-widget-container\">\n\t\t\t\t\t<div class=\"qodef-shortcode qodef-m  qodef-section-title qodef-alignment--center\">\n\t\t<h3 class=\"qodef-m-title\" >\n\t\t\t\t\tH\u00f6chste Qualit\u00e4t und Zertifikate unserer Wolle\t\t\t<\/h3>\n\t\t<p class=\"qodef-m-text\" style=\"margin-top: 11px\">Unsere Decken und Kissen aus hochwertigsten Materialien sind mit den renommiertesten Qualit\u00e4tszertifikaten versehen. Besonders hervorzuheben ist das **Premium Ultra Fresh**-Zertifikat, das die Hemmung des Wachstums von Bakterien, Pilzen und Schimmel garantiert und so einen hygienischen und gesunden Schlaf erm\u00f6glicht.<\/p>\n<\/div>\n\t\t\t\t<\/div>\n\t\t\t\t<\/div>\n\t\t\t\t<div class=\"elementor-element elementor-element-e66e544 elementor-arrows-position-inside elementor-pagination-position-outside elementor-widget elementor-widget-image-carousel\" data-id=\"e66e544\" data-element_type=\"widget\" data-settings=\"{&quot;slides_to_show&quot;:&quot;4&quot;,&quot;navigation&quot;:&quot;both&quot;,&quot;autoplay&quot;:&quot;yes&quot;,&quot;pause_on_hover&quot;:&quot;yes&quot;,&quot;pause_on_interaction&quot;:&quot;yes&quot;,&quot;autoplay_speed&quot;:5000,&quot;infinite&quot;:&quot;yes&quot;,&quot;speed&quot;:500}\" data-widget_type=\"image-carousel.default\">\n\t\t\t\t<div class=\"elementor-widget-container\">\n\t\t\t\t\t\t\t<div class=\"elementor-image-carousel-wrapper swiper\" role=\"region\" aria-roledescription=\"carousel\" aria-label=\"Karuzela obrazk\u00f3w\" dir=\"ltr\">\n\t\t\t<div class=\"elementor-image-carousel swiper-wrapper\" aria-live=\"off\">\n\t\t\t\t\t\t\t\t<div class=\"swiper-slide\" role=\"group\" aria-roledescription=\"slide\" aria-label=\"1 z 4\" data-no-translation-aria-label=\"\"><figure class=\"swiper-slide-inner\"><img decoding=\"async\" class=\"swiper-slide-image\" src=\"https:\/\/bylama.eu\/wp-content\/uploads\/2025\/05\/3.webp\" alt=\"3\" \/><\/figure><\/div><div class=\"swiper-slide\" role=\"group\" aria-roledescription=\"slide\" aria-label=\"2 z 4\" data-no-translation-aria-label=\"\"><figure class=\"swiper-slide-inner\"><img decoding=\"async\" class=\"swiper-slide-image\" src=\"https:\/\/bylama.eu\/wp-content\/uploads\/2025\/05\/Projekt-bez-nazwy-18.webp\" alt=\"Projekt-bez-nazwy-18\" \/><\/figure><\/div><div class=\"swiper-slide\" role=\"group\" aria-roledescription=\"slide\" aria-label=\"3 z 4\" data-no-translation-aria-label=\"\"><figure class=\"swiper-slide-inner\"><img decoding=\"async\" class=\"swiper-slide-image\" src=\"https:\/\/bylama.eu\/wp-content\/uploads\/2025\/05\/2.webp\" alt=\"2\" \/><\/figure><\/div><div class=\"swiper-slide\" role=\"group\" aria-roledescription=\"slide\" aria-label=\"4 z 4\" data-no-translation-aria-label=\"\"><figure class=\"swiper-slide-inner\"><img decoding=\"async\" class=\"swiper-slide-image\" src=\"https:\/\/bylama.eu\/wp-content\/uploads\/2025\/05\/4.webp\" alt=\"4\" \/><\/figure><\/div>\t\t\t<\/div>\n\t\t\t\t\t\t\t\t\t\t\t\t<div class=\"elementor-swiper-button elementor-swiper-button-prev\" role=\"button\" tabindex=\"0\">\n\t\t\t\t\t\t<svg aria-hidden=\"true\" class=\"e-font-icon-svg e-eicon-chevron-left\" viewbox=\"0 0 1000 1000\" xmlns=\"http:\/\/www.w3.org\/2000\/svg\"><path d=\"M646 125C629 125 613 133 604 142L308 442C296 454 292 471 292 487 292 504 296 521 308 533L604 854C617 867 629 875 646 875 663 875 679 871 692 858 704 846 713 829 713 812 713 796 708 779 692 767L438 487 692 225C700 217 708 204 708 187 708 171 704 154 692 142 675 129 663 125 646 125Z\"><\/path><\/svg>\t\t\t\t\t<\/div>\n\t\t\t\t\t<div class=\"elementor-swiper-button elementor-swiper-button-next\" role=\"button\" tabindex=\"0\">\n\t\t\t\t\t\t<svg aria-hidden=\"true\" class=\"e-font-icon-svg e-eicon-chevron-right\" viewbox=\"0 0 1000 1000\" xmlns=\"http:\/\/www.w3.org\/2000\/svg\"><path d=\"M696 533C708 521 713 504 713 487 713 471 708 454 696 446L400 146C388 133 375 125 354 125 338 125 325 129 313 142 300 154 292 171 292 187 292 204 296 221 308 233L563 492 304 771C292 783 288 800 288 817 288 833 296 850 308 863 321 871 338 875 354 875 371 875 388 867 400 854L696 533Z\"><\/path><\/svg>\t\t\t\t\t<\/div>\n\t\t\t\t\n\t\t\t\t\t\t\t\t\t<div class=\"swiper-pagination\"><\/div>\n\t\t\t\t\t\t\t\t\t<\/div>\n\t\t\t\t\t\t<\/div>\n\t\t\t\t<\/div>\n\t\t\t\t\t<\/div>\n\t\t<\/div>\n\t\t\t\t\t<\/div>\n\t\t<\/section>\n\t\t<div class=\"elementor-element elementor-element-67585ad e-flex e-con-boxed e-con e-parent\" data-id=\"67585ad\" data-element_type=\"container\">\n\t\t\t\t\t<div class=\"e-con-inner\">\n\t\t\t\t<div class=\"elementor-element elementor-element-d0eb141 elementor-widget elementor-widget-text-editor\" data-id=\"d0eb141\" data-element_type=\"widget\" data-widget_type=\"text-editor.default\">\n\t\t\t\t<div class=\"elementor-widget-container\">\n\t\t\t\t\t\t\t\t\t<p><strong><a href=\"https:\/\/bylama.eu\/de\/produkt\/poduszka-dziecieca\/\">Zobacz r\u00f3wnie\u017c poduszk\u0119 dzieci\u0119c\u0105 byLama &#8211; SPRAWD\u0179.<\/a><\/strong><\/p>\t\t\t\t\t\t\t\t<\/div>\n\t\t\t\t<\/div>\n\t\t\t\t\t<\/div>\n\t\t\t\t<\/div>\n\t\t\t\t<\/div>","protected":false},"excerpt":{"rendered":"<h4><strong>Luxuri\u00f6ses, handgefertigtes Kissen byLama\u2122 \u2013 Hypoallergen, \u00f6kologisch, ideal f\u00fcr die ganze Familie<\/strong><\/h4>\n<p>Das Kissen byLama\u2122 ist ein Premium-Produkt, das f\u00fcr Gesundheit, Komfort und einen \u00f6kologischen Lebensstil entwickelt wurde. Gef\u00fcllt mit 100\u202f% hochwertiger neuseel\u00e4ndischer Alpakawolle bietet es unvergleichliche thermoisolierende und hypoallergene Eigenschaften, die herk\u00f6mmliche Marktprodukte \u00fcbertreffen. Alpakawolle ist bekannt daf\u00fcr, keine chemischen Behandlungen zu ben\u00f6tigen, wodurch sie all ihre nat\u00fcrlichen Eigenschaften beh\u00e4lt und einen gesunden Schlaf garantiert.<\/p>\n<p>Das Kissen ist mit exklusiver, dicht gewebter Baumwolle umh\u00fcllt und mit einer Baumwollpaspel sowie dekorativem Garn veredelt, was f\u00fcr ein \u00e4sthetisches Aussehen und hohe Haltbarkeit sorgt. Durch die handwerkliche Fertigung ist jedes Exemplar einzigartig und erf\u00fcllt h\u00f6chste Qualit\u00e4tsstandards.<\/p>","protected":false},"featured_media":9462,"comment_status":"closed","ping_status":"closed","template":"","meta":[],"product_brand":[],"product_cat":[74,72],"product_tag":[521,522,518,519,517,524,516,523,520],"class_list":{"0":"post-6153","1":"product","2":"type-product","3":"status-publish","4":"has-post-thumbnail","6":"product_cat-dla-calej-rodziny","7":"product_cat-poduszki","8":"product_tag-alpaka-do-sypialni","9":"product_tag-ekologiczna-poduszka","10":"product_tag-hipoalergiczne-produkty","11":"product_tag-luksusowy-sen","12":"product_tag-naturalna-posciel","13":"product_tag-poduszki-premium","14":"product_tag-poduszki-z-alpaki","15":"product_tag-wygodne-poduszki","16":"product_tag-zdrowy-sen","18":"first","19":"instock","20":"shipping-taxable","21":"purchasable","22":"product-type-variable"},"yoast_head":"<!-- This site is optimized with the Yoast SEO Premium plugin v25.0 (Yoast SEO v26.7) - https:\/\/yoast.com\/wordpress\/plugins\/seo\/ -->\n<title>Luksusowe Produkty z Alpaki | Poduszki - byLama<\/title>\n<meta name=\"description\" content=\"Luksusowe poduszki z alpaki \u2013 naturalne, hipoalergiczne i idealne dla zdrowego, komfortowego snu. Dodaj odrobin\u0119 luksusu do swojej sypialni.\" \/>\n<meta name=\"robots\" content=\"index, follow, max-snippet:-1, max-image-preview:large, max-video-preview:-1\" \/>\n<link rel=\"canonical\" href=\"https:\/\/bylama.eu\/de\/produkt\/poduszka\/\" \/>\n<meta property=\"og:locale\" content=\"de_DE\" \/>\n<meta property=\"og:type\" content=\"article\" \/>\n<meta property=\"og:title\" content=\"Poduszka z alpaki (r\u00f3\u017cne rozmiary)\" \/>\n<meta property=\"og:description\" content=\"Luksusowe poduszki z alpaki \u2013 naturalne, hipoalergiczne i idealne dla zdrowego, komfortowego snu. Dodaj odrobin\u0119 luksusu do swojej sypialni.\" \/>\n<meta property=\"og:url\" content=\"https:\/\/bylama.eu\/de\/produkt\/poduszka\/\" \/>\n<meta property=\"og:site_name\" content=\"byLama\" \/>\n<meta property=\"article:publisher\" content=\"https:\/\/www.facebook.com\/bylama.eu\" \/>\n<meta property=\"article:modified_time\" content=\"2025-07-28T16:51:56+00:00\" \/>\n<meta property=\"og:image\" content=\"https:\/\/bylama.eu\/wp-content\/uploads\/2024\/02\/Startowe-2-1-1024x858.png\" \/>\n\t<meta property=\"og:image:width\" content=\"1024\" \/>\n\t<meta property=\"og:image:height\" content=\"858\" \/>\n\t<meta property=\"og:image:type\" content=\"image\/png\" \/>\n<meta name=\"twitter:card\" content=\"summary_large_image\" \/>\n<meta name=\"twitter:label1\" content=\"Gesch\u00e4tzte Lesezeit\" \/>\n\t<meta name=\"twitter:data1\" content=\"4\u00a0Minuten\" \/>\n<script type=\"application\/ld+json\" class=\"yoast-schema-graph\">{\"@context\":\"https:\/\/schema.org\",\"@graph\":[{\"@type\":\"WebPage\",\"@id\":\"https:\/\/bylama.eu\/produkt\/poduszka\/\",\"url\":\"https:\/\/bylama.eu\/produkt\/poduszka\/\",\"name\":\"Luksusowe Produkty z Alpaki | Poduszki - byLama\",\"isPartOf\":{\"@id\":\"https:\/\/bylama.eu\/#website\"},\"primaryImageOfPage\":{\"@id\":\"https:\/\/bylama.eu\/produkt\/poduszka\/#primaryimage\"},\"image\":{\"@id\":\"https:\/\/bylama.eu\/produkt\/poduszka\/#primaryimage\"},\"thumbnailUrl\":\"https:\/\/bylama.eu\/wp-content\/uploads\/2024\/02\/Startowe-2-1-scaled.png\",\"datePublished\":\"2024-02-19T15:31:33+00:00\",\"dateModified\":\"2025-07-28T16:51:56+00:00\",\"description\":\"Luksusowe poduszki z alpaki \u2013 naturalne, hipoalergiczne i idealne dla zdrowego, komfortowego snu. Dodaj odrobin\u0119 luksusu do swojej sypialni.\",\"breadcrumb\":{\"@id\":\"https:\/\/bylama.eu\/produkt\/poduszka\/#breadcrumb\"},\"inLanguage\":\"de\",\"potentialAction\":[{\"@type\":\"ReadAction\",\"target\":[\"https:\/\/bylama.eu\/produkt\/poduszka\/\"]}]},{\"@type\":\"ImageObject\",\"inLanguage\":\"de\",\"@id\":\"https:\/\/bylama.eu\/produkt\/poduszka\/#primaryimage\",\"url\":\"https:\/\/bylama.eu\/wp-content\/uploads\/2024\/02\/Startowe-2-1-scaled.png\",\"contentUrl\":\"https:\/\/bylama.eu\/wp-content\/uploads\/2024\/02\/Startowe-2-1-scaled.png\",\"width\":2560,\"height\":2146},{\"@type\":\"BreadcrumbList\",\"@id\":\"https:\/\/bylama.eu\/produkt\/poduszka\/#breadcrumb\",\"itemListElement\":[{\"@type\":\"ListItem\",\"position\":1,\"name\":\"Home\",\"item\":\"https:\/\/bylama.eu\/\"},{\"@type\":\"ListItem\",\"position\":2,\"name\":\"Sklep byLama\",\"item\":\"https:\/\/bylama.eu\/sklep\/\"},{\"@type\":\"ListItem\",\"position\":3,\"name\":\"Poduszka byLama\"}]},{\"@type\":\"WebSite\",\"@id\":\"https:\/\/bylama.eu\/#website\",\"url\":\"https:\/\/bylama.eu\/\",\"name\":\"byLama\",\"description\":\"Naturalny Komfort Snu\",\"publisher\":{\"@id\":\"https:\/\/bylama.eu\/#organization\"},\"alternateName\":\"byLama.eu\",\"potentialAction\":[{\"@type\":\"SearchAction\",\"target\":{\"@type\":\"EntryPoint\",\"urlTemplate\":\"https:\/\/bylama.eu\/?s={search_term_string}\"},\"query-input\":{\"@type\":\"PropertyValueSpecification\",\"valueRequired\":true,\"valueName\":\"search_term_string\"}}],\"inLanguage\":\"de\"},{\"@type\":\"Organization\",\"@id\":\"https:\/\/bylama.eu\/#organization\",\"name\":\"byLama\",\"alternateName\":\"bylama.eu\",\"url\":\"https:\/\/bylama.eu\/\",\"logo\":{\"@type\":\"ImageObject\",\"inLanguage\":\"de\",\"@id\":\"https:\/\/bylama.eu\/#\/schema\/logo\/image\/\",\"url\":\"https:\/\/bylama.eu\/wp-content\/uploads\/2024\/09\/Logo.jpeg\",\"contentUrl\":\"https:\/\/bylama.eu\/wp-content\/uploads\/2024\/09\/Logo.jpeg\",\"width\":2000,\"height\":2000,\"caption\":\"byLama\"},\"image\":{\"@id\":\"https:\/\/bylama.eu\/#\/schema\/logo\/image\/\"},\"sameAs\":[\"https:\/\/www.facebook.com\/bylama.eu\",\"https:\/\/www.instagram.com\/bylama.eu\"]}]}<\/script>\n<!-- \/ Yoast SEO Premium plugin. -->","yoast_head_json":{"title":"Luksusowe Produkty z Alpaki | Poduszki - byLama","description":"Luksusowe poduszki z alpaki \u2013 naturalne, hipoalergiczne i idealne dla zdrowego, komfortowego snu. Dodaj odrobin\u0119 luksusu do swojej sypialni.","robots":{"index":"index","follow":"follow","max-snippet":"max-snippet:-1","max-image-preview":"max-image-preview:large","max-video-preview":"max-video-preview:-1"},"canonical":"https:\/\/bylama.eu\/de\/produkt\/poduszka\/","og_locale":"de_DE","og_type":"article","og_title":"Poduszka z alpaki (r\u00f3\u017cne rozmiary)","og_description":"Luksusowe poduszki z alpaki \u2013 naturalne, hipoalergiczne i idealne dla zdrowego, komfortowego snu. Dodaj odrobin\u0119 luksusu do swojej sypialni.","og_url":"https:\/\/bylama.eu\/de\/produkt\/poduszka\/","og_site_name":"byLama","article_publisher":"https:\/\/www.facebook.com\/bylama.eu","article_modified_time":"2025-07-28T16:51:56+00:00","og_image":[{"width":1024,"height":858,"url":"https:\/\/bylama.eu\/wp-content\/uploads\/2024\/02\/Startowe-2-1-1024x858.png","type":"image\/png"}],"twitter_card":"summary_large_image","twitter_misc":{"Gesch\u00e4tzte Lesezeit":"4\u00a0Minuten"},"schema":{"@context":"https:\/\/schema.org","@graph":[{"@type":"WebPage","@id":"https:\/\/bylama.eu\/produkt\/poduszka\/","url":"https:\/\/bylama.eu\/produkt\/poduszka\/","name":"Luksusowe Produkty z Alpaki | Poduszki - byLama","isPartOf":{"@id":"https:\/\/bylama.eu\/#website"},"primaryImageOfPage":{"@id":"https:\/\/bylama.eu\/produkt\/poduszka\/#primaryimage"},"image":{"@id":"https:\/\/bylama.eu\/produkt\/poduszka\/#primaryimage"},"thumbnailUrl":"https:\/\/bylama.eu\/wp-content\/uploads\/2024\/02\/Startowe-2-1-scaled.png","datePublished":"2024-02-19T15:31:33+00:00","dateModified":"2025-07-28T16:51:56+00:00","description":"Luksusowe poduszki z alpaki \u2013 naturalne, hipoalergiczne i idealne dla zdrowego, komfortowego snu. Dodaj odrobin\u0119 luksusu do swojej sypialni.","breadcrumb":{"@id":"https:\/\/bylama.eu\/produkt\/poduszka\/#breadcrumb"},"inLanguage":"de","potentialAction":[{"@type":"ReadAction","target":["https:\/\/bylama.eu\/produkt\/poduszka\/"]}]},{"@type":"ImageObject","inLanguage":"de","@id":"https:\/\/bylama.eu\/produkt\/poduszka\/#primaryimage","url":"https:\/\/bylama.eu\/wp-content\/uploads\/2024\/02\/Startowe-2-1-scaled.png","contentUrl":"https:\/\/bylama.eu\/wp-content\/uploads\/2024\/02\/Startowe-2-1-scaled.png","width":2560,"height":2146},{"@type":"BreadcrumbList","@id":"https:\/\/bylama.eu\/produkt\/poduszka\/#breadcrumb","itemListElement":[{"@type":"ListItem","position":1,"name":"Home","item":"https:\/\/bylama.eu\/"},{"@type":"ListItem","position":2,"name":"Sklep byLama","item":"https:\/\/bylama.eu\/sklep\/"},{"@type":"ListItem","position":3,"name":"Poduszka byLama"}]},{"@type":"WebSite","@id":"https:\/\/bylama.eu\/#website","url":"https:\/\/bylama.eu\/","name":"byLama","description":"Naturalny Komfort Snu","publisher":{"@id":"https:\/\/bylama.eu\/#organization"},"alternateName":"byLama.eu","potentialAction":[{"@type":"SearchAction","target":{"@type":"EntryPoint","urlTemplate":"https:\/\/bylama.eu\/?s={search_term_string}"},"query-input":{"@type":"PropertyValueSpecification","valueRequired":true,"valueName":"search_term_string"}}],"inLanguage":"de"},{"@type":"Organization","@id":"https:\/\/bylama.eu\/#organization","name":"byLama","alternateName":"bylama.eu","url":"https:\/\/bylama.eu\/","logo":{"@type":"ImageObject","inLanguage":"de","@id":"https:\/\/bylama.eu\/#\/schema\/logo\/image\/","url":"https:\/\/bylama.eu\/wp-content\/uploads\/2024\/09\/Logo.jpeg","contentUrl":"https:\/\/bylama.eu\/wp-content\/uploads\/2024\/09\/Logo.jpeg","width":2000,"height":2000,"caption":"byLama"},"image":{"@id":"https:\/\/bylama.eu\/#\/schema\/logo\/image\/"},"sameAs":["https:\/\/www.facebook.com\/bylama.eu","https:\/\/www.instagram.com\/bylama.eu"]}]}},"_links":{"self":[{"href":"https:\/\/bylama.eu\/de\/wp-json\/wp\/v2\/product\/6153","targetHints":{"allow":["GET"]}}],"collection":[{"href":"https:\/\/bylama.eu\/de\/wp-json\/wp\/v2\/product"}],"about":[{"href":"https:\/\/bylama.eu\/de\/wp-json\/wp\/v2\/types\/product"}],"replies":[{"embeddable":true,"href":"https:\/\/bylama.eu\/de\/wp-json\/wp\/v2\/comments?post=6153"}],"version-history":[{"count":15,"href":"https:\/\/bylama.eu\/de\/wp-json\/wp\/v2\/product\/6153\/revisions"}],"predecessor-version":[{"id":9591,"href":"https:\/\/bylama.eu\/de\/wp-json\/wp\/v2\/product\/6153\/revisions\/9591"}],"wp:featuredmedia":[{"embeddable":true,"href":"https:\/\/bylama.eu\/de\/wp-json\/wp\/v2\/media\/9462"}],"wp:attachment":[{"href":"https:\/\/bylama.eu\/de\/wp-json\/wp\/v2\/media?parent=6153"}],"wp:term":[{"taxonomy":"product_brand","embeddable":true,"href":"https:\/\/bylama.eu\/de\/wp-json\/wp\/v2\/product_brand?post=6153"},{"taxonomy":"product_cat","embeddable":true,"href":"https:\/\/bylama.eu\/de\/wp-json\/wp\/v2\/product_cat?post=6153"},{"taxonomy":"product_tag","embeddable":true,"href":"https:\/\/bylama.eu\/de\/wp-json\/wp\/v2\/product_tag?post=6153"}],"curies":[{"name":"wp","href":"https:\/\/api.w.org\/{rel}","templated":true}]}}