{"id":6133,"date":"2024-02-19T15:27:33","date_gmt":"2024-02-19T15:27:33","guid":{"rendered":"https:\/\/bylama.eu\/?post_type=product&#038;p=6133"},"modified":"2025-07-28T19:00:05","modified_gmt":"2025-07-28T17:00:05","slug":"dzieciecy-komplet-zimowy","status":"publish","type":"product","link":"https:\/\/bylama.eu\/de\/produkt\/dzieciecy-komplet-zimowy\/","title":{"rendered":"Kinderbettw\u00e4sche aus Alpakawolle <\/br>(Winterversion)"},"content":{"rendered":"<div data-elementor-type=\"wp-post\" data-elementor-id=\"6133\" class=\"elementor elementor-6133\" data-elementor-post-type=\"product\">\n\t\t\t\t<div class=\"elementor-element elementor-element-448053e9 e-flex e-con-boxed e-con e-parent\" data-id=\"448053e9\" data-element_type=\"container\">\n\t\t\t\t\t<div class=\"e-con-inner\">\n\t\t<div class=\"elementor-element elementor-element-7128c1eb e-con-full e-flex e-con e-child\" data-id=\"7128c1eb\" data-element_type=\"container\" data-settings=\"{&quot;background_background&quot;:&quot;classic&quot;}\">\n\t\t\t\t<div class=\"elementor-element elementor-element-41976df5 elementor-widget elementor-widget-qi_addons_for_elementor_section_title\" data-id=\"41976df5\" data-element_type=\"widget\" data-widget_type=\"qi_addons_for_elementor_section_title.default\">\n\t\t\t\t<div class=\"elementor-widget-container\">\n\t\t\t\t\t<div class=\"qodef-shortcode qodef-m qodef-qi-section-title qodef-decoration--italic qodef-link--underline-draw qodef-subtitle-icon--left\">\n\t\t\t\t\t\t<h4 class=\"qodef-m-title\">\n\t\tPFLEGE <\/br> der byLama\u2122-Produkte\t<\/h4>\n\t\t\t<\/div>\n\t\t\t\t<\/div>\n\t\t\t\t<\/div>\n\t\t\t\t<div class=\"elementor-element elementor-element-12583061 elementor-widget elementor-widget-image\" data-id=\"12583061\" data-element_type=\"widget\" data-widget_type=\"image.default\">\n\t\t\t\t<div class=\"elementor-widget-container\">\n\t\t\t\t\t\t\t\t\t\t\t\t\t\t\t<img decoding=\"async\" src=\"https:\/\/bylama.eu\/wp-content\/uploads\/2022\/12\/PIELEGNACJA.png\" title=\"\" alt=\"\" loading=\"lazy\" \/>\t\t\t\t\t\t\t\t\t\t\t\t\t\t\t<\/div>\n\t\t\t\t<\/div>\n\t\t\t\t<div class=\"elementor-element elementor-element-41d0cfe8 elementor-widget elementor-widget-text-editor\" data-id=\"41d0cfe8\" data-element_type=\"widget\" data-widget_type=\"text-editor.default\">\n\t\t\t\t<div class=\"elementor-widget-container\">\n\t\t\t\t\t\t\t\t\t<div>Wir empfehlen, Decken und Kissen regelm\u00e4\u00dfig im Freien auszul\u00fcften \u2013 besonders an sonnigen und warmen Tagen. So bleibt die nat\u00fcrliche Frische unserer Produkte erhalten. In besonderen F\u00e4llen empfehlen wir eine schonende chemische Reinigung und Trocknung bei niedrigen Temperaturen.<\/div><div>\u00a0<\/div><div><strong>Denken Sie daran, stets sicherzustellen, dass Ihre chemische Reinigung die entsprechenden Richtlinien f\u00fcr die Pflege von Wollprodukten einh\u00e4lt.<\/strong><\/div><div>\u00a0<\/div><div><strong>WICHTIG:<\/strong>\u00a0nicht in der Waschmaschine waschen, nicht \u00fcbergie\u00dfen und nicht in hei\u00dfem Wasser einweichen \u2013 auf diese Weise gereinigte Produkte werden besch\u00e4digt und <strong>f\u00e4llt nicht<\/strong> von der Garantie abgedeckt. Das Waschen \u2013 selbst in kaltem Wasser oder im Wollwaschgang \u2013 wird nicht empfohlen, da das mechanische Drehen und Schleudern die Fasern innerhalb der Decke verschieben oder schrumpfen lassen kann.<\/div><div>\u00a0<\/div><div>Punktuelle Reinigung mit kaltem Wasser ist zul\u00e4ssig, ebenso wie das sofortige flache Trocknen des Produkts.<\/div>\t\t\t\t\t\t\t\t<\/div>\n\t\t\t\t<\/div>\n\t\t\t\t<\/div>\n\t\t<div class=\"elementor-element elementor-element-6c46f97f e-con-full elementor-hidden-tablet elementor-hidden-mobile e-flex e-con e-child\" data-id=\"6c46f97f\" data-element_type=\"container\" data-settings=\"{&quot;background_background&quot;:&quot;classic&quot;}\">\n\t\t\t\t<\/div>\n\t\t\t\t\t<\/div>\n\t\t\t\t<\/div>\n\t\t<div class=\"elementor-element elementor-element-1eea6e8 e-flex e-con-boxed e-con e-parent\" data-id=\"1eea6e8\" data-element_type=\"container\">\n\t\t\t\t\t<div class=\"e-con-inner\">\n\t\t<div class=\"elementor-element elementor-element-b9e038d e-con-full e-flex e-con e-child\" data-id=\"b9e038d\" data-element_type=\"container\">\n\t\t\t\t<div class=\"elementor-element elementor-element-b3216e6 elementor-widget elementor-widget-video\" data-id=\"b3216e6\" data-element_type=\"widget\" data-settings=\"{&quot;youtube_url&quot;:&quot;https:\\\/\\\/youtu.be\\\/SbhbgbTr6fU&quot;,&quot;video_type&quot;:&quot;youtube&quot;,&quot;controls&quot;:&quot;yes&quot;}\" data-widget_type=\"video.default\">\n\t\t\t\t<div class=\"elementor-widget-container\">\n\t\t\t\t\t\t\t<div class=\"elementor-wrapper elementor-open-inline\">\n\t\t\t<div class=\"elementor-video\"><\/div>\t\t<\/div>\n\t\t\t\t\t\t<\/div>\n\t\t\t\t<\/div>\n\t\t\t\t<\/div>\n\t\t\t\t\t<\/div>\n\t\t\t\t<\/div>\n\t\t<div class=\"elementor-element elementor-element-4d473a6f e-flex e-con-boxed e-con e-parent\" data-id=\"4d473a6f\" data-element_type=\"container\">\n\t\t\t\t\t<div class=\"e-con-inner\">\n\t\t\t\t<div class=\"elementor-element elementor-element-301a13ba elementor-widget elementor-widget-image\" data-id=\"301a13ba\" data-element_type=\"widget\" data-widget_type=\"image.default\">\n\t\t\t\t<div class=\"elementor-widget-container\">\n\t\t\t\t\t\t\t\t\t\t\t\t\t\t\t<img decoding=\"async\" src=\"https:\/\/bylama.eu\/wp-content\/uploads\/2022\/12\/POROWNANIE.png\" title=\"\" alt=\"\" loading=\"lazy\" \/>\t\t\t\t\t\t\t\t\t\t\t\t\t\t\t<\/div>\n\t\t\t\t<\/div>\n\t\t\t\t\t<\/div>\n\t\t\t\t<\/div>\n\t\t\t\t<section class=\"elementor-section elementor-top-section elementor-element elementor-element-214c0e85 elementor-section-full_width qodef-elementor-content-grid elementor-section-stretched elementor-section-height-default elementor-section-height-default\" data-id=\"214c0e85\" data-element_type=\"section\" data-settings=\"{&quot;background_background&quot;:&quot;classic&quot;,&quot;stretch_section&quot;:&quot;section-stretched&quot;}\">\n\t\t\t\t\t\t<div class=\"elementor-container elementor-column-gap-default\">\n\t\t\t\t\t<div class=\"elementor-column elementor-col-100 elementor-top-column elementor-element elementor-element-64502c41\" data-id=\"64502c41\" data-element_type=\"column\">\n\t\t\t<div class=\"elementor-widget-wrap elementor-element-populated\">\n\t\t\t\t\t\t<div class=\"elementor-element elementor-element-31a1bc59 elementor-widget elementor-widget-playgrow_core_section_title\" data-id=\"31a1bc59\" data-element_type=\"widget\" data-widget_type=\"playgrow_core_section_title.default\">\n\t\t\t\t<div class=\"elementor-widget-container\">\n\t\t\t\t\t<div class=\"qodef-shortcode qodef-m  qodef-section-title qodef-alignment--center\">\n\t\t<h3 class=\"qodef-m-title\" >\n\t\t\t\t\tH\u00f6chste Qualit\u00e4t und Zertifikate unserer Wolle\t\t\t<\/h3>\n\t\t<p class=\"qodef-m-text\" style=\"margin-top: 11px\">Unsere Decken und Kissen aus hochwertigsten Materialien sind mit den renommiertesten Qualit\u00e4tszertifikaten versehen. Besonders hervorzuheben ist das **Premium Ultra Fresh**-Zertifikat, das die Hemmung des Wachstums von Bakterien, Pilzen und Schimmel garantiert und so einen hygienischen und gesunden Schlaf erm\u00f6glicht.<\/p>\n<\/div>\n\t\t\t\t<\/div>\n\t\t\t\t<\/div>\n\t\t\t\t<div class=\"elementor-element elementor-element-e66e544 elementor-arrows-position-inside elementor-pagination-position-outside elementor-widget elementor-widget-image-carousel\" data-id=\"e66e544\" data-element_type=\"widget\" data-settings=\"{&quot;slides_to_show&quot;:&quot;4&quot;,&quot;navigation&quot;:&quot;both&quot;,&quot;autoplay&quot;:&quot;yes&quot;,&quot;pause_on_hover&quot;:&quot;yes&quot;,&quot;pause_on_interaction&quot;:&quot;yes&quot;,&quot;autoplay_speed&quot;:5000,&quot;infinite&quot;:&quot;yes&quot;,&quot;speed&quot;:500}\" data-widget_type=\"image-carousel.default\">\n\t\t\t\t<div class=\"elementor-widget-container\">\n\t\t\t\t\t\t\t<div class=\"elementor-image-carousel-wrapper swiper\" role=\"region\" aria-roledescription=\"carousel\" aria-label=\"Karuzela obrazk\u00f3w\" dir=\"ltr\">\n\t\t\t<div class=\"elementor-image-carousel swiper-wrapper\" aria-live=\"off\">\n\t\t\t\t\t\t\t\t<div class=\"swiper-slide\" role=\"group\" aria-roledescription=\"slide\" aria-label=\"1 z 4\" data-no-translation-aria-label=\"\"><figure class=\"swiper-slide-inner\"><img decoding=\"async\" class=\"swiper-slide-image\" src=\"https:\/\/bylama.eu\/wp-content\/uploads\/2025\/05\/3.webp\" alt=\"3\" \/><\/figure><\/div><div class=\"swiper-slide\" role=\"group\" aria-roledescription=\"slide\" aria-label=\"2 z 4\" data-no-translation-aria-label=\"\"><figure class=\"swiper-slide-inner\"><img decoding=\"async\" class=\"swiper-slide-image\" src=\"https:\/\/bylama.eu\/wp-content\/uploads\/2025\/05\/4.webp\" alt=\"4\" \/><\/figure><\/div><div class=\"swiper-slide\" role=\"group\" aria-roledescription=\"slide\" aria-label=\"3 z 4\" data-no-translation-aria-label=\"\"><figure class=\"swiper-slide-inner\"><img decoding=\"async\" class=\"swiper-slide-image\" src=\"https:\/\/bylama.eu\/wp-content\/uploads\/2025\/05\/Projekt-bez-nazwy-18.webp\" alt=\"Projekt-bez-nazwy-18\" \/><\/figure><\/div><div class=\"swiper-slide\" role=\"group\" aria-roledescription=\"slide\" aria-label=\"4 z 4\" data-no-translation-aria-label=\"\"><figure class=\"swiper-slide-inner\"><img decoding=\"async\" class=\"swiper-slide-image\" src=\"https:\/\/bylama.eu\/wp-content\/uploads\/2025\/05\/2.webp\" alt=\"2\" \/><\/figure><\/div>\t\t\t<\/div>\n\t\t\t\t\t\t\t\t\t\t\t\t<div class=\"elementor-swiper-button elementor-swiper-button-prev\" role=\"button\" tabindex=\"0\">\n\t\t\t\t\t\t<svg aria-hidden=\"true\" class=\"e-font-icon-svg e-eicon-chevron-left\" viewbox=\"0 0 1000 1000\" xmlns=\"http:\/\/www.w3.org\/2000\/svg\"><path d=\"M646 125C629 125 613 133 604 142L308 442C296 454 292 471 292 487 292 504 296 521 308 533L604 854C617 867 629 875 646 875 663 875 679 871 692 858 704 846 713 829 713 812 713 796 708 779 692 767L438 487 692 225C700 217 708 204 708 187 708 171 704 154 692 142 675 129 663 125 646 125Z\"><\/path><\/svg>\t\t\t\t\t<\/div>\n\t\t\t\t\t<div class=\"elementor-swiper-button elementor-swiper-button-next\" role=\"button\" tabindex=\"0\">\n\t\t\t\t\t\t<svg aria-hidden=\"true\" class=\"e-font-icon-svg e-eicon-chevron-right\" viewbox=\"0 0 1000 1000\" xmlns=\"http:\/\/www.w3.org\/2000\/svg\"><path d=\"M696 533C708 521 713 504 713 487 713 471 708 454 696 446L400 146C388 133 375 125 354 125 338 125 325 129 313 142 300 154 292 171 292 187 292 204 296 221 308 233L563 492 304 771C292 783 288 800 288 817 288 833 296 850 308 863 321 871 338 875 354 875 371 875 388 867 400 854L696 533Z\"><\/path><\/svg>\t\t\t\t\t<\/div>\n\t\t\t\t\n\t\t\t\t\t\t\t\t\t<div class=\"swiper-pagination\"><\/div>\n\t\t\t\t\t\t\t\t\t<\/div>\n\t\t\t\t\t\t<\/div>\n\t\t\t\t<\/div>\n\t\t\t\t\t<\/div>\n\t\t<\/div>\n\t\t\t\t\t<\/div>\n\t\t<\/section>\n\t\t\t\t<\/div>","protected":false},"excerpt":{"rendered":"<h4><strong>Luxuri\u00f6ses Winter-Set aus Alpakawolle f\u00fcr Kinder und Babys byLama\u2122 \u2013 Hypoallergen und ideal f\u00fcr k\u00fchle N\u00e4chte<\/strong><\/h4>\n<p>Das Winter-Kinderbettset byLama\u2122 bestehend aus einem Kissen und einer Decke ist die ideale L\u00f6sung f\u00fcr die Kleinsten und sorgt in den k\u00fchleren Monaten f\u00fcr einen gesunden und komfortablen Schlaf. Gef\u00fcllt mit 100\u202f% hochwertiger neuseel\u00e4ndischer Alpakawolle, bieten diese Produkte hervorragende temperaturregulierende und hypoallergene Eigenschaften, wodurch sie die perfekte Wahl f\u00fcr Babys, Kinder und auch Allergiker sind. Die Decke und das Kissen sind mit exklusiver, dicht gewebter Baumwolle umh\u00fcllt, was zus\u00e4tzlichen Komfort gew\u00e4hrleistet.<\/p>\n<p>Die Produkte sind sorgf\u00e4ltig mit einer Baumwollpaspel und dekorativem Garn verarbeitet, was ihnen einen eleganten Charakter verleiht. In den Ecken befinden sich Befestigungen mit B\u00e4ndchen aus naturbelassener Baumwolle, die es erm\u00f6glichen, die Sommer- und Winterdecke miteinander zu verbinden oder sie einfach in einem sch\u00fctzenden Bezug zu fixieren. Mit einer F\u00fcllung von 450\u202fg Alpakawolle pro m\u00b2 ist die Decke leicht, atmungsaktiv und sorgt f\u00fcr optimale W\u00e4rme, ohne dass ein Risiko der \u00dcberhitzung des Kindes besteht.<\/p>\n<ul>\n<li>15\u202f% Rabatt beim Kauf des Winter- und Sommer-Kinderbettsets.<\/li>\n<\/ul>\n<p>Sorgen Sie f\u00fcr einen komfortablen und gesunden Schlaf Ihres Kindes das ganze Jahr \u00fcber mit dem Winter-Kinderbettset byLama\u2122!<\/p>","protected":false},"featured_media":9455,"comment_status":"closed","ping_status":"closed","template":"","meta":[],"product_brand":[],"product_cat":[73,70],"product_tag":[558,557,553,560,559,551,552,556],"class_list":{"0":"post-6133","1":"product","2":"type-product","3":"status-publish","4":"has-post-thumbnail","6":"product_cat-dla-dzieci","7":"product_cat-komplety","8":"product_tag-ciepla-posciel-dla-dzieci","9":"product_tag-dziecieca-koldra-zimowa","10":"product_tag-hipoalergiczna-posciel","11":"product_tag-komfortowy-sen-dziecka-zima","12":"product_tag-naturalna-posciel-zimowa","13":"product_tag-poduszka-dziecieca","14":"product_tag-posciel-z-alpaki","15":"product_tag-zestaw-dzieciecy-zimowy","17":"first","18":"instock","19":"shipping-taxable","20":"purchasable","21":"product-type-variable"},"yoast_head":"<!-- This site is optimized with the Yoast SEO Premium plugin v25.0 (Yoast SEO v26.7) - https:\/\/yoast.com\/wordpress\/plugins\/seo\/ -->\n<title>Luksusowe Produkty z Alpaki | Zestaw zimowy dla Dzieci - byLama<\/title>\n<meta name=\"description\" content=\"Dzieci\u0119cy zestaw zimowy z ko\u0142dr\u0105 i poduszk\u0105 z alpaki. Gwarancja ciep\u0142a, naturalno\u015bci i komfortu dla Twojego dziecka w ch\u0142odne noce.\" \/>\n<meta name=\"robots\" content=\"index, follow, max-snippet:-1, max-image-preview:large, max-video-preview:-1\" \/>\n<link rel=\"canonical\" href=\"https:\/\/bylama.eu\/de\/produkt\/dzieciecy-komplet-zimowy\/\" \/>\n<meta property=\"og:locale\" content=\"de_DE\" \/>\n<meta property=\"og:type\" content=\"article\" \/>\n<meta property=\"og:title\" content=\"Dzieci\u0119ca po\u015bciel z alpaki (wersja na zim\u0119)\" \/>\n<meta property=\"og:description\" content=\"Dzieci\u0119cy zestaw zimowy z ko\u0142dr\u0105 i poduszk\u0105 z alpaki. Gwarancja ciep\u0142a, naturalno\u015bci i komfortu dla Twojego dziecka w ch\u0142odne noce.\" \/>\n<meta property=\"og:url\" content=\"https:\/\/bylama.eu\/de\/produkt\/dzieciecy-komplet-zimowy\/\" \/>\n<meta property=\"og:site_name\" content=\"byLama\" \/>\n<meta property=\"article:publisher\" content=\"https:\/\/www.facebook.com\/bylama.eu\" \/>\n<meta property=\"article:modified_time\" content=\"2025-07-28T17:00:05+00:00\" \/>\n<meta property=\"og:image\" content=\"https:\/\/bylama.eu\/wp-content\/uploads\/2022\/12\/Startowe.png_11zon-scaled-1.webp\" \/>\n\t<meta property=\"og:image:width\" content=\"2560\" \/>\n\t<meta property=\"og:image:height\" content=\"2146\" \/>\n\t<meta property=\"og:image:type\" content=\"image\/webp\" \/>\n<meta name=\"twitter:card\" content=\"summary_large_image\" \/>\n<meta name=\"twitter:label1\" content=\"Gesch\u00e4tzte Lesezeit\" \/>\n\t<meta name=\"twitter:data1\" content=\"4\u00a0Minuten\" \/>\n<script type=\"application\/ld+json\" class=\"yoast-schema-graph\">{\"@context\":\"https:\/\/schema.org\",\"@graph\":[{\"@type\":\"WebPage\",\"@id\":\"https:\/\/bylama.eu\/produkt\/dzieciecy-komplet-zimowy\/\",\"url\":\"https:\/\/bylama.eu\/produkt\/dzieciecy-komplet-zimowy\/\",\"name\":\"Luksusowe Produkty z Alpaki | Zestaw zimowy dla Dzieci - byLama\",\"isPartOf\":{\"@id\":\"https:\/\/bylama.eu\/#website\"},\"primaryImageOfPage\":{\"@id\":\"https:\/\/bylama.eu\/produkt\/dzieciecy-komplet-zimowy\/#primaryimage\"},\"image\":{\"@id\":\"https:\/\/bylama.eu\/produkt\/dzieciecy-komplet-zimowy\/#primaryimage\"},\"thumbnailUrl\":\"https:\/\/bylama.eu\/wp-content\/uploads\/2022\/12\/Startowe.png_11zon-scaled-1.webp\",\"datePublished\":\"2024-02-19T15:27:33+00:00\",\"dateModified\":\"2025-07-28T17:00:05+00:00\",\"description\":\"Dzieci\u0119cy zestaw zimowy z ko\u0142dr\u0105 i poduszk\u0105 z alpaki. Gwarancja ciep\u0142a, naturalno\u015bci i komfortu dla Twojego dziecka w ch\u0142odne noce.\",\"breadcrumb\":{\"@id\":\"https:\/\/bylama.eu\/produkt\/dzieciecy-komplet-zimowy\/#breadcrumb\"},\"inLanguage\":\"de\",\"potentialAction\":[{\"@type\":\"ReadAction\",\"target\":[\"https:\/\/bylama.eu\/produkt\/dzieciecy-komplet-zimowy\/\"]}]},{\"@type\":\"ImageObject\",\"inLanguage\":\"de\",\"@id\":\"https:\/\/bylama.eu\/produkt\/dzieciecy-komplet-zimowy\/#primaryimage\",\"url\":\"https:\/\/bylama.eu\/wp-content\/uploads\/2022\/12\/Startowe.png_11zon-scaled-1.webp\",\"contentUrl\":\"https:\/\/bylama.eu\/wp-content\/uploads\/2022\/12\/Startowe.png_11zon-scaled-1.webp\",\"width\":2560,\"height\":2146},{\"@type\":\"BreadcrumbList\",\"@id\":\"https:\/\/bylama.eu\/produkt\/dzieciecy-komplet-zimowy\/#breadcrumb\",\"itemListElement\":[{\"@type\":\"ListItem\",\"position\":1,\"name\":\"Home\",\"item\":\"https:\/\/bylama.eu\/\"},{\"@type\":\"ListItem\",\"position\":2,\"name\":\"Sklep byLama\",\"item\":\"https:\/\/bylama.eu\/sklep\/\"},{\"@type\":\"ListItem\",\"position\":3,\"name\":\"Zestaw zimowy dla Dzieci byLama\"}]},{\"@type\":\"WebSite\",\"@id\":\"https:\/\/bylama.eu\/#website\",\"url\":\"https:\/\/bylama.eu\/\",\"name\":\"byLama\",\"description\":\"Naturalny Komfort Snu\",\"publisher\":{\"@id\":\"https:\/\/bylama.eu\/#organization\"},\"alternateName\":\"byLama.eu\",\"potentialAction\":[{\"@type\":\"SearchAction\",\"target\":{\"@type\":\"EntryPoint\",\"urlTemplate\":\"https:\/\/bylama.eu\/?s={search_term_string}\"},\"query-input\":{\"@type\":\"PropertyValueSpecification\",\"valueRequired\":true,\"valueName\":\"search_term_string\"}}],\"inLanguage\":\"de\"},{\"@type\":\"Organization\",\"@id\":\"https:\/\/bylama.eu\/#organization\",\"name\":\"byLama\",\"alternateName\":\"bylama.eu\",\"url\":\"https:\/\/bylama.eu\/\",\"logo\":{\"@type\":\"ImageObject\",\"inLanguage\":\"de\",\"@id\":\"https:\/\/bylama.eu\/#\/schema\/logo\/image\/\",\"url\":\"https:\/\/bylama.eu\/wp-content\/uploads\/2024\/09\/Logo.jpeg\",\"contentUrl\":\"https:\/\/bylama.eu\/wp-content\/uploads\/2024\/09\/Logo.jpeg\",\"width\":2000,\"height\":2000,\"caption\":\"byLama\"},\"image\":{\"@id\":\"https:\/\/bylama.eu\/#\/schema\/logo\/image\/\"},\"sameAs\":[\"https:\/\/www.facebook.com\/bylama.eu\",\"https:\/\/www.instagram.com\/bylama.eu\"]}]}<\/script>\n<!-- \/ Yoast SEO Premium plugin. -->","yoast_head_json":{"title":"Luksusowe Produkty z Alpaki | Zestaw zimowy dla Dzieci - byLama","description":"Dzieci\u0119cy zestaw zimowy z ko\u0142dr\u0105 i poduszk\u0105 z alpaki. Gwarancja ciep\u0142a, naturalno\u015bci i komfortu dla Twojego dziecka w ch\u0142odne noce.","robots":{"index":"index","follow":"follow","max-snippet":"max-snippet:-1","max-image-preview":"max-image-preview:large","max-video-preview":"max-video-preview:-1"},"canonical":"https:\/\/bylama.eu\/de\/produkt\/dzieciecy-komplet-zimowy\/","og_locale":"de_DE","og_type":"article","og_title":"Dzieci\u0119ca po\u015bciel z alpaki (wersja na zim\u0119)","og_description":"Dzieci\u0119cy zestaw zimowy z ko\u0142dr\u0105 i poduszk\u0105 z alpaki. Gwarancja ciep\u0142a, naturalno\u015bci i komfortu dla Twojego dziecka w ch\u0142odne noce.","og_url":"https:\/\/bylama.eu\/de\/produkt\/dzieciecy-komplet-zimowy\/","og_site_name":"byLama","article_publisher":"https:\/\/www.facebook.com\/bylama.eu","article_modified_time":"2025-07-28T17:00:05+00:00","og_image":[{"width":2560,"height":2146,"url":"https:\/\/bylama.eu\/wp-content\/uploads\/2022\/12\/Startowe.png_11zon-scaled-1.webp","type":"image\/webp"}],"twitter_card":"summary_large_image","twitter_misc":{"Gesch\u00e4tzte Lesezeit":"4\u00a0Minuten"},"schema":{"@context":"https:\/\/schema.org","@graph":[{"@type":"WebPage","@id":"https:\/\/bylama.eu\/produkt\/dzieciecy-komplet-zimowy\/","url":"https:\/\/bylama.eu\/produkt\/dzieciecy-komplet-zimowy\/","name":"Luksusowe Produkty z Alpaki | Zestaw zimowy dla Dzieci - byLama","isPartOf":{"@id":"https:\/\/bylama.eu\/#website"},"primaryImageOfPage":{"@id":"https:\/\/bylama.eu\/produkt\/dzieciecy-komplet-zimowy\/#primaryimage"},"image":{"@id":"https:\/\/bylama.eu\/produkt\/dzieciecy-komplet-zimowy\/#primaryimage"},"thumbnailUrl":"https:\/\/bylama.eu\/wp-content\/uploads\/2022\/12\/Startowe.png_11zon-scaled-1.webp","datePublished":"2024-02-19T15:27:33+00:00","dateModified":"2025-07-28T17:00:05+00:00","description":"Dzieci\u0119cy zestaw zimowy z ko\u0142dr\u0105 i poduszk\u0105 z alpaki. Gwarancja ciep\u0142a, naturalno\u015bci i komfortu dla Twojego dziecka w ch\u0142odne noce.","breadcrumb":{"@id":"https:\/\/bylama.eu\/produkt\/dzieciecy-komplet-zimowy\/#breadcrumb"},"inLanguage":"de","potentialAction":[{"@type":"ReadAction","target":["https:\/\/bylama.eu\/produkt\/dzieciecy-komplet-zimowy\/"]}]},{"@type":"ImageObject","inLanguage":"de","@id":"https:\/\/bylama.eu\/produkt\/dzieciecy-komplet-zimowy\/#primaryimage","url":"https:\/\/bylama.eu\/wp-content\/uploads\/2022\/12\/Startowe.png_11zon-scaled-1.webp","contentUrl":"https:\/\/bylama.eu\/wp-content\/uploads\/2022\/12\/Startowe.png_11zon-scaled-1.webp","width":2560,"height":2146},{"@type":"BreadcrumbList","@id":"https:\/\/bylama.eu\/produkt\/dzieciecy-komplet-zimowy\/#breadcrumb","itemListElement":[{"@type":"ListItem","position":1,"name":"Home","item":"https:\/\/bylama.eu\/"},{"@type":"ListItem","position":2,"name":"Sklep byLama","item":"https:\/\/bylama.eu\/sklep\/"},{"@type":"ListItem","position":3,"name":"Zestaw zimowy dla Dzieci byLama"}]},{"@type":"WebSite","@id":"https:\/\/bylama.eu\/#website","url":"https:\/\/bylama.eu\/","name":"byLama","description":"Naturalny Komfort Snu","publisher":{"@id":"https:\/\/bylama.eu\/#organization"},"alternateName":"byLama.eu","potentialAction":[{"@type":"SearchAction","target":{"@type":"EntryPoint","urlTemplate":"https:\/\/bylama.eu\/?s={search_term_string}"},"query-input":{"@type":"PropertyValueSpecification","valueRequired":true,"valueName":"search_term_string"}}],"inLanguage":"de"},{"@type":"Organization","@id":"https:\/\/bylama.eu\/#organization","name":"byLama","alternateName":"bylama.eu","url":"https:\/\/bylama.eu\/","logo":{"@type":"ImageObject","inLanguage":"de","@id":"https:\/\/bylama.eu\/#\/schema\/logo\/image\/","url":"https:\/\/bylama.eu\/wp-content\/uploads\/2024\/09\/Logo.jpeg","contentUrl":"https:\/\/bylama.eu\/wp-content\/uploads\/2024\/09\/Logo.jpeg","width":2000,"height":2000,"caption":"byLama"},"image":{"@id":"https:\/\/bylama.eu\/#\/schema\/logo\/image\/"},"sameAs":["https:\/\/www.facebook.com\/bylama.eu","https:\/\/www.instagram.com\/bylama.eu"]}]}},"_links":{"self":[{"href":"https:\/\/bylama.eu\/de\/wp-json\/wp\/v2\/product\/6133","targetHints":{"allow":["GET"]}}],"collection":[{"href":"https:\/\/bylama.eu\/de\/wp-json\/wp\/v2\/product"}],"about":[{"href":"https:\/\/bylama.eu\/de\/wp-json\/wp\/v2\/types\/product"}],"replies":[{"embeddable":true,"href":"https:\/\/bylama.eu\/de\/wp-json\/wp\/v2\/comments?post=6133"}],"version-history":[{"count":8,"href":"https:\/\/bylama.eu\/de\/wp-json\/wp\/v2\/product\/6133\/revisions"}],"predecessor-version":[{"id":9609,"href":"https:\/\/bylama.eu\/de\/wp-json\/wp\/v2\/product\/6133\/revisions\/9609"}],"wp:featuredmedia":[{"embeddable":true,"href":"https:\/\/bylama.eu\/de\/wp-json\/wp\/v2\/media\/9455"}],"wp:attachment":[{"href":"https:\/\/bylama.eu\/de\/wp-json\/wp\/v2\/media?parent=6133"}],"wp:term":[{"taxonomy":"product_brand","embeddable":true,"href":"https:\/\/bylama.eu\/de\/wp-json\/wp\/v2\/product_brand?post=6133"},{"taxonomy":"product_cat","embeddable":true,"href":"https:\/\/bylama.eu\/de\/wp-json\/wp\/v2\/product_cat?post=6133"},{"taxonomy":"product_tag","embeddable":true,"href":"https:\/\/bylama.eu\/de\/wp-json\/wp\/v2\/product_tag?post=6133"}],"curies":[{"name":"wp","href":"https:\/\/api.w.org\/{rel}","templated":true}]}}