{"id":5263,"date":"2024-02-11T11:59:25","date_gmt":"2024-02-11T11:59:25","guid":{"rendered":"http:\/\/bylama.eu\/?page_id=5263"},"modified":"2024-09-21T23:07:05","modified_gmt":"2024-09-21T21:07:05","slug":"zwroty-i-reklamacje-bylama","status":"publish","type":"page","link":"https:\/\/bylama.eu\/de\/zwroty-i-reklamacje-bylama\/","title":{"rendered":"R\u00fcckgabe &amp; Reklamation"},"content":{"rendered":"<div data-elementor-type=\"wp-page\" data-elementor-id=\"5263\" class=\"elementor elementor-5263\" data-elementor-post-type=\"page\">\n\t\t\t\t<div class=\"elementor-element elementor-element-2de37873 e-flex e-con-boxed e-con e-parent\" data-id=\"2de37873\" data-element_type=\"container\">\n\t\t\t\t\t<div class=\"e-con-inner\">\n\t\t\t\t<div class=\"elementor-element elementor-element-316e2753 elementor-widget elementor-widget-text-editor\" data-id=\"316e2753\" data-element_type=\"widget\" data-widget_type=\"text-editor.default\">\n\t\t\t\t<div class=\"elementor-widget-container\">\n\t\t\t\t\t\t\t\t\t\n<h2 class=\"wp-block-heading\">R\u00fcckgabe &amp; Reklamation<\/h2>\n\n<h4><strong>Standardr\u00fcckgabe<\/strong><\/h4>\n<p>1.Die zur\u00fcckgesandte Ware darf keine Gebrauchsspuren aufweisen, muss ordnungsgem\u00e4\u00df gesichert und verpackt werden, und das R\u00fcckgabeformular ist beizulegen.<br \/>1. Die Ware ist an die Adresse des Gesch\u00e4fts zur\u00fcckzusenden:<\/p>\n<p><br \/>Franzo Group Sp. Z o.o.<br \/>ul. Lipowa 1<br \/>63-023 Sul\u0119cin, Poland<\/p>\n<p><br \/>3. Die Versandkosten tr\u00e4gt der K\u00e4ufer.<br \/>4. Der Verk\u00e4ufer wird den R\u00fcckgabeantrag so schnell wie m\u00f6glich bearbeiten, sp\u00e4testens jedoch innerhalb von 14 Kalendertagen ab dem Tag des Wareneingangs.<br \/>5. Gem\u00e4\u00df Art. 34 Abs. 4 des Verbraucherschutzgesetzes haftet der Verbraucher f\u00fcr eine Wertminderung der Ware, die durch eine Nutzung entsteht, die \u00fcber die zur Feststellung der Art, der Eigenschaften und der Funktionsweise der Ware erforderliche hinausgeht.<br \/>6. Die R\u00fcckerstattung erfolgt auf demselben Weg, auf dem die Zahlung erfolgt ist. Bei Nachnahmesendungen erfolgt die R\u00fcckerstattung auf das im R\u00fcckgabeformular angegebene Konto.<br \/>7. Die Grundlage f\u00fcr die Einleitung des R\u00fcckgabevorgangs ist ein korrekt ausgef\u00fclltes R\u00fcckgabeformular mit der Unterschrift der r\u00fccksendenden Person (Vor- und Nachname).<\/p>\n<p>Achtung! Bitte stellen Sie sicher, dass die an unseren Online-Shop gelieferten Artikel korrekt sind, da wir keine Verantwortung f\u00fcr Artikel \u00fcbernehmen, die nicht im Shop byLama.eu gekauft wurden.<\/p>\n<p><strong>Reklamation<\/strong><\/p>\n<ol type=\"1\">\n<li>Die im Rahmen einer Reklamation zur\u00fcckgesandte Ware muss sauber sein.<\/li>\n<li>Die reklamierte Ware ist ordnungsgem\u00e4\u00df zu sichern, zu verpacken und an die Adresse des Gesch\u00e4fts zur\u00fcckzusenden: <br \/><br \/>Franzo Group Sp. Z o.o.<br \/>ul. Lipowa 1<br \/>63-023 Sul\u0119cin, Poland<br \/><br \/>zusammen mit dem beigef\u00fcgten R\u00fcckgabeformular.\u00a0<\/li>\n<li>Der Verk\u00e4ufer wird die Reklamation so schnell wie m\u00f6glich bearbeiten, sp\u00e4testens jedoch innerhalb von 14 Kalendertagen ab dem Tag ihrer Einreichung.<\/li>\n<\/ol>\n<p>\u00a0<\/p>\n<p>Achtung! Grundlage f\u00fcr die Einleitung des Reklamationsverfahrens ist ein korrekt ausgef\u00fclltes R\u00fcckgabeformular mit der Unterschrift der reklamierenden Person (zusammen mit dem Hinweis, dass die R\u00fcckgabe des Produkts als Reklamation bearbeitet werden soll).<\/p>\n<h4><strong>Von der Reklamation ausgeschlossen sind<\/strong><\/h4>\n<ol type=\"1\">\n<li>Mechanische Besch\u00e4digungen wie: Auftrennen, Riss, Ausdehnung, Pilling, Abnutzung.<\/li>\n<li>Verf\u00e4rbung der Ware,<\/li>\n<li>Besch\u00e4digung von beweglichen Teilen wie: Rei\u00dfverschl\u00fcsse, Druckkn\u00f6pfe, Kn\u00f6pfe, Klettverschl\u00fcsse usw.<\/li>\n<li>Produkte, die unsachgem\u00e4\u00df gepflegt oder entgegen den auf dem Produktetikett angegebenen Anweisungen verwendet wurden,<\/li>\n<li>Risse in Aufdrucken,<\/li>\n<li>Unterschiede zwischen dem tats\u00e4chlichen Aussehen der gelieferten Ware und ihrem Foto im Online-Shop, sofern diese auf die individuellen Computereinstellungen des Kunden zur\u00fcckzuf\u00fchren sind \u2013 Farbe, Textur, Proportionen usw.<\/li>\n<\/ol>\n\t\t\t\t\t\t\t\t<\/div>\n\t\t\t\t<\/div>\n\t\t\t\t\t<\/div>\n\t\t\t\t<\/div>\n\t\t\t\t<\/div>","protected":false},"excerpt":{"rendered":"<p>Zwroty i Reklamacje Zwrot standardowy 1. Zwracany towar nie mo\u017ce nosi\u0107 \u015blad\u00f3w u\u017cytkowania, nale\u017cy go odpowiednio zabezpieczy\u0107 i\u00a0zapakowa\u0107 oraz do\u0142\u0105czy\u0107 formularz zwrotu.2. Towar nale\u017cy odes\u0142a\u0107 na adres sklepu: Franzo Group Sp. Z o.o.ul. Lipowa 163-023 Sul\u0119cin 3. Koszty wysy\u0142ek ponosi kupuj\u0105cy.4. Sprzedawca ustosunkuje si\u0119 do zwrotu w\u00a0mo\u017cliwie najkr\u00f3tszym terminie, nie p\u00f3\u017aniej ni\u017c 14 dni kalendarzowych, [&hellip;]<\/p>","protected":false},"author":1,"featured_media":0,"parent":0,"menu_order":0,"comment_status":"closed","ping_status":"closed","template":"","meta":{"footnotes":""},"class_list":["post-5263","page","type-page","status-publish","hentry"],"yoast_head":"<!-- This site is optimized with the Yoast SEO Premium plugin v25.0 (Yoast SEO v26.7) - https:\/\/yoast.com\/wordpress\/plugins\/seo\/ -->\n<title>Luksusowe Produkty z Alpaki | Ko\u0142dry i Poduszki na bylama.eu - byLama<\/title>\n<meta name=\"description\" content=\"Odkryj luksusowe produkty z alpaki na bylama.eu \u2013 ko\u0142dry, poduszki i po\u015bciel, kt\u00f3re zapewni\u0105 Ci zdrowy i komfortowy sen. Sprawd\u017a nasz\u0105 ofert\u0119 i zainwestuj w naturalne, hipoalergiczne rozwi\u0105zania dla Twojego domu.\" \/>\n<meta name=\"robots\" content=\"noindex, follow\" \/>\n<meta property=\"og:locale\" content=\"de_DE\" \/>\n<meta property=\"og:type\" content=\"article\" \/>\n<meta property=\"og:title\" content=\"Zwroty i Reklamacje\" \/>\n<meta property=\"og:description\" content=\"Odkryj luksusowe produkty z alpaki na bylama.eu \u2013 ko\u0142dry, poduszki i po\u015bciel, kt\u00f3re zapewni\u0105 Ci zdrowy i komfortowy sen. Sprawd\u017a nasz\u0105 ofert\u0119 i zainwestuj w naturalne, hipoalergiczne rozwi\u0105zania dla Twojego domu.\" \/>\n<meta property=\"og:url\" content=\"https:\/\/bylama.eu\/de\/zwroty-i-reklamacje-bylama\/\" \/>\n<meta property=\"og:site_name\" content=\"byLama\" \/>\n<meta property=\"article:publisher\" content=\"https:\/\/www.facebook.com\/bylama.eu\" \/>\n<meta property=\"article:modified_time\" content=\"2024-09-21T21:07:05+00:00\" \/>\n<meta name=\"twitter:card\" content=\"summary_large_image\" \/>\n<meta name=\"twitter:label1\" content=\"Gesch\u00e4tzte Lesezeit\" \/>\n\t<meta name=\"twitter:data1\" content=\"2\u00a0Minuten\" \/>\n<script type=\"application\/ld+json\" class=\"yoast-schema-graph\">{\"@context\":\"https:\/\/schema.org\",\"@graph\":[{\"@type\":\"WebPage\",\"@id\":\"https:\/\/bylama.eu\/zwroty-i-reklamacje-bylama\/\",\"url\":\"https:\/\/bylama.eu\/zwroty-i-reklamacje-bylama\/\",\"name\":\"Luksusowe Produkty z Alpaki | Ko\u0142dry i Poduszki na bylama.eu - byLama\",\"isPartOf\":{\"@id\":\"https:\/\/bylama.eu\/#website\"},\"datePublished\":\"2024-02-11T11:59:25+00:00\",\"dateModified\":\"2024-09-21T21:07:05+00:00\",\"description\":\"Odkryj luksusowe produkty z alpaki na bylama.eu \u2013 ko\u0142dry, poduszki i po\u015bciel, kt\u00f3re zapewni\u0105 Ci zdrowy i komfortowy sen. Sprawd\u017a nasz\u0105 ofert\u0119 i zainwestuj w naturalne, hipoalergiczne rozwi\u0105zania dla Twojego domu.\",\"breadcrumb\":{\"@id\":\"https:\/\/bylama.eu\/zwroty-i-reklamacje-bylama\/#breadcrumb\"},\"inLanguage\":\"de\",\"potentialAction\":[{\"@type\":\"ReadAction\",\"target\":[\"https:\/\/bylama.eu\/zwroty-i-reklamacje-bylama\/\"]}]},{\"@type\":\"BreadcrumbList\",\"@id\":\"https:\/\/bylama.eu\/zwroty-i-reklamacje-bylama\/#breadcrumb\",\"itemListElement\":[{\"@type\":\"ListItem\",\"position\":1,\"name\":\"Home\",\"item\":\"https:\/\/bylama.eu\/\"},{\"@type\":\"ListItem\",\"position\":2,\"name\":\"Zwroty i Reklamacje\"}]},{\"@type\":\"WebSite\",\"@id\":\"https:\/\/bylama.eu\/#website\",\"url\":\"https:\/\/bylama.eu\/\",\"name\":\"byLama\",\"description\":\"Naturalny Komfort Snu\",\"publisher\":{\"@id\":\"https:\/\/bylama.eu\/#organization\"},\"alternateName\":\"byLama.eu\",\"potentialAction\":[{\"@type\":\"SearchAction\",\"target\":{\"@type\":\"EntryPoint\",\"urlTemplate\":\"https:\/\/bylama.eu\/?s={search_term_string}\"},\"query-input\":{\"@type\":\"PropertyValueSpecification\",\"valueRequired\":true,\"valueName\":\"search_term_string\"}}],\"inLanguage\":\"de\"},{\"@type\":\"Organization\",\"@id\":\"https:\/\/bylama.eu\/#organization\",\"name\":\"byLama\",\"alternateName\":\"bylama.eu\",\"url\":\"https:\/\/bylama.eu\/\",\"logo\":{\"@type\":\"ImageObject\",\"inLanguage\":\"de\",\"@id\":\"https:\/\/bylama.eu\/#\/schema\/logo\/image\/\",\"url\":\"https:\/\/bylama.eu\/wp-content\/uploads\/2024\/09\/Logo.jpeg\",\"contentUrl\":\"https:\/\/bylama.eu\/wp-content\/uploads\/2024\/09\/Logo.jpeg\",\"width\":2000,\"height\":2000,\"caption\":\"byLama\"},\"image\":{\"@id\":\"https:\/\/bylama.eu\/#\/schema\/logo\/image\/\"},\"sameAs\":[\"https:\/\/www.facebook.com\/bylama.eu\",\"https:\/\/www.instagram.com\/bylama.eu\"]}]}<\/script>\n<!-- \/ Yoast SEO Premium plugin. -->","yoast_head_json":{"title":"Luksusowe Produkty z Alpaki | Ko\u0142dry i Poduszki na bylama.eu - byLama","description":"Odkryj luksusowe produkty z alpaki na bylama.eu \u2013 ko\u0142dry, poduszki i po\u015bciel, kt\u00f3re zapewni\u0105 Ci zdrowy i komfortowy sen. Sprawd\u017a nasz\u0105 ofert\u0119 i zainwestuj w naturalne, hipoalergiczne rozwi\u0105zania dla Twojego domu.","robots":{"index":"noindex","follow":"follow"},"og_locale":"de_DE","og_type":"article","og_title":"Zwroty i Reklamacje","og_description":"Odkryj luksusowe produkty z alpaki na bylama.eu \u2013 ko\u0142dry, poduszki i po\u015bciel, kt\u00f3re zapewni\u0105 Ci zdrowy i komfortowy sen. Sprawd\u017a nasz\u0105 ofert\u0119 i zainwestuj w naturalne, hipoalergiczne rozwi\u0105zania dla Twojego domu.","og_url":"https:\/\/bylama.eu\/de\/zwroty-i-reklamacje-bylama\/","og_site_name":"byLama","article_publisher":"https:\/\/www.facebook.com\/bylama.eu","article_modified_time":"2024-09-21T21:07:05+00:00","twitter_card":"summary_large_image","twitter_misc":{"Gesch\u00e4tzte Lesezeit":"2\u00a0Minuten"},"schema":{"@context":"https:\/\/schema.org","@graph":[{"@type":"WebPage","@id":"https:\/\/bylama.eu\/zwroty-i-reklamacje-bylama\/","url":"https:\/\/bylama.eu\/zwroty-i-reklamacje-bylama\/","name":"Luksusowe Produkty z Alpaki | Ko\u0142dry i Poduszki na bylama.eu - byLama","isPartOf":{"@id":"https:\/\/bylama.eu\/#website"},"datePublished":"2024-02-11T11:59:25+00:00","dateModified":"2024-09-21T21:07:05+00:00","description":"Odkryj luksusowe produkty z alpaki na bylama.eu \u2013 ko\u0142dry, poduszki i po\u015bciel, kt\u00f3re zapewni\u0105 Ci zdrowy i komfortowy sen. Sprawd\u017a nasz\u0105 ofert\u0119 i zainwestuj w naturalne, hipoalergiczne rozwi\u0105zania dla Twojego domu.","breadcrumb":{"@id":"https:\/\/bylama.eu\/zwroty-i-reklamacje-bylama\/#breadcrumb"},"inLanguage":"de","potentialAction":[{"@type":"ReadAction","target":["https:\/\/bylama.eu\/zwroty-i-reklamacje-bylama\/"]}]},{"@type":"BreadcrumbList","@id":"https:\/\/bylama.eu\/zwroty-i-reklamacje-bylama\/#breadcrumb","itemListElement":[{"@type":"ListItem","position":1,"name":"Home","item":"https:\/\/bylama.eu\/"},{"@type":"ListItem","position":2,"name":"Zwroty i Reklamacje"}]},{"@type":"WebSite","@id":"https:\/\/bylama.eu\/#website","url":"https:\/\/bylama.eu\/","name":"byLama","description":"Naturalny Komfort Snu","publisher":{"@id":"https:\/\/bylama.eu\/#organization"},"alternateName":"byLama.eu","potentialAction":[{"@type":"SearchAction","target":{"@type":"EntryPoint","urlTemplate":"https:\/\/bylama.eu\/?s={search_term_string}"},"query-input":{"@type":"PropertyValueSpecification","valueRequired":true,"valueName":"search_term_string"}}],"inLanguage":"de"},{"@type":"Organization","@id":"https:\/\/bylama.eu\/#organization","name":"byLama","alternateName":"bylama.eu","url":"https:\/\/bylama.eu\/","logo":{"@type":"ImageObject","inLanguage":"de","@id":"https:\/\/bylama.eu\/#\/schema\/logo\/image\/","url":"https:\/\/bylama.eu\/wp-content\/uploads\/2024\/09\/Logo.jpeg","contentUrl":"https:\/\/bylama.eu\/wp-content\/uploads\/2024\/09\/Logo.jpeg","width":2000,"height":2000,"caption":"byLama"},"image":{"@id":"https:\/\/bylama.eu\/#\/schema\/logo\/image\/"},"sameAs":["https:\/\/www.facebook.com\/bylama.eu","https:\/\/www.instagram.com\/bylama.eu"]}]}},"_links":{"self":[{"href":"https:\/\/bylama.eu\/de\/wp-json\/wp\/v2\/pages\/5263","targetHints":{"allow":["GET"]}}],"collection":[{"href":"https:\/\/bylama.eu\/de\/wp-json\/wp\/v2\/pages"}],"about":[{"href":"https:\/\/bylama.eu\/de\/wp-json\/wp\/v2\/types\/page"}],"author":[{"embeddable":true,"href":"https:\/\/bylama.eu\/de\/wp-json\/wp\/v2\/users\/1"}],"replies":[{"embeddable":true,"href":"https:\/\/bylama.eu\/de\/wp-json\/wp\/v2\/comments?post=5263"}],"version-history":[{"count":0,"href":"https:\/\/bylama.eu\/de\/wp-json\/wp\/v2\/pages\/5263\/revisions"}],"wp:attachment":[{"href":"https:\/\/bylama.eu\/de\/wp-json\/wp\/v2\/media?parent=5263"}],"curies":[{"name":"wp","href":"https:\/\/api.w.org\/{rel}","templated":true}]}}