{"id":5247,"date":"2024-02-11T11:46:42","date_gmt":"2024-02-11T11:46:42","guid":{"rendered":"http:\/\/bylama.eu\/?page_id=5247"},"modified":"2024-09-21T23:03:06","modified_gmt":"2024-09-21T21:03:06","slug":"polityka-cookies-bylama","status":"publish","type":"page","link":"https:\/\/bylama.eu\/de\/polityka-cookies-bylama\/","title":{"rendered":"Cookie-Richtlinie"},"content":{"rendered":"<div data-elementor-type=\"wp-page\" data-elementor-id=\"5247\" class=\"elementor elementor-5247\" data-elementor-post-type=\"page\">\n\t\t\t\t<div class=\"elementor-element elementor-element-2de37873 e-flex e-con-boxed e-con e-parent\" data-id=\"2de37873\" data-element_type=\"container\">\n\t\t\t\t\t<div class=\"e-con-inner\">\n\t\t\t\t<div class=\"elementor-element elementor-element-316e2753 elementor-widget elementor-widget-text-editor\" data-id=\"316e2753\" data-element_type=\"widget\" data-widget_type=\"text-editor.default\">\n\t\t\t\t<div class=\"elementor-widget-container\">\n\t\t\t\t\t\t\t\t\t\n<h2 class=\"wp-block-heading\">Cookie-Richtlinie<\/h2>\n\n<p style=\"font-weight: 400;\">Diese Cookie-Richtlinie (im Folgenden: \u201eRichtlinie\u201c) gilt f\u00fcr die Website, die unter der Adresse <strong>www.byLama.eu<\/strong>(im Folgenden: \u201eWebsite\u201c) und dient dazu, die Nutzer \u00fcber die auf der Website verwendeten Arten von Cookies, deren Verwendungszwecke und die M\u00f6glichkeiten zur Deaktivierung von Cookies im Internetbrowser zu informieren.<\/p>\n<p style=\"font-weight: 400;\"><b>DEFINITIONEN<\/b><\/p>\n<ol>\n<li>Benutzer \u2013 jede nat\u00fcrliche Person, die die Website besucht oder eine oder mehrere ihrer Dienstleistungen oder Funktionen nutzt.<\/li>\n<li>Cookies \u2013 Textdateien, die von der Website \u00fcbertragen und auf der Festplatte des Computers, Smartphones oder eines anderen Endger\u00e4ts gespeichert werden, mit dem der Benutzer eine Verbindung zum Internet herstellt.<\/li>\n<li>Portale \u2013 soziale Netzwerke, insbesondere Facebook und Instagram, deren Plugins verwendet werden, um dem Benutzer das Anklicken der Schaltfl\u00e4chen \u201eGef\u00e4llt mir\u201c oder \u201eTeilen\u201c zu erm\u00f6glichen.<\/li>\n<\/ol>\n<p style=\"font-weight: 400;\"><b>ARTEN VON COOKIES, DIE AUF DER WEBSITE VERWENDET WERDEN<\/b><\/p>\n<ol>\n<li>Auf der Website werden zwei Hauptarten von Cookies verwendet: \u201eSitzungs-Cookies\u201c und \u201edauerhafte Cookies\u201c.\n<ol>\n<li>\u201eSitzungs-Cookies\u201c sind tempor\u00e4re Dateien, die auf dem Ger\u00e4t des Benutzers gespeichert werden, bis er sich abmeldet, die Website verl\u00e4sst oder die Software (den Internetbrowser) schlie\u00dft.<\/li>\n<li>\u201eDauerhafte\u201c Cookies werden auf dem Ger\u00e4t des Benutzers f\u00fcr die in den Cookie-Parametern festgelegte Zeit oder bis zu ihrer L\u00f6schung durch den Benutzer gespeichert.<\/li>\n<\/ol>\n<\/li>\n<li>Im Rahmen der Website werden auch die folgenden spezifischen Arten von Cookies verwendet:\n<ol>\n<li>Eigene \u2013 von der Website stammend,<\/li>\n<li>Externe \u2013 von externen Websites stammend,<\/li>\n<li>Konfigurations-Cookies \u2013 erm\u00f6glichen die Einstellung von Funktionen auf der Website,<\/li>\n<li>Funktionale Cookies \u2013 erm\u00f6glichen es, sich die vom Benutzer bevorzugten Funktionen zu merken,<\/li>\n<li>Notwendige Cookies \u2013 erm\u00f6glichen die Nutzung der auf der Website verf\u00fcgbaren Dienste,<\/li>\n<li>Werbe-Cookies \u2013 erm\u00f6glichen die Bereitstellung von Werbeinhalten, die auf die Interessen des Benutzers zugeschnitten sind.<\/li>\n<\/ol>\n<\/li>\n<\/ol>\n<p style=\"font-weight: 400;\"><b>\u00a0<\/b><\/p>\n<p style=\"font-weight: 400;\"><b>ZWECKE DER VERWENDUNG VON COOKIES<\/b><\/p>\n<p style=\"font-weight: 400;\">Cookies werden zu folgenden Zwecken verwendet:<\/p>\n<ol>\n<li>Speicherung des Logins,<\/li>\n<li>Speicherung des Inhalts des Benutzerwarenkorbs,<\/li>\n<li>Speicherung der Anzeigeeinstellungen der Website,<\/li>\n<li>Erstellung von Statistiken und Berichten \u00fcber die Nutzung und Funktionsweise der Website,<\/li>\n<li>Personalisierung des Erscheinungsbildes der Website durch die Anzeige von f\u00fcr den Benutzer interessanten Produkten auf der Grundlage der gesammelten Informationen \u00fcber seine vorherige Aktivit\u00e4t auf der Website.<\/li>\n<\/ol>\n<p style=\"font-weight: 400;\"><b>GOOGLE ANALYTICS<\/b><\/p>\n<ol>\n<li>Google Analytics verwendet die \u201eCookie\u201c-Technologie, um der Website die Analyse der Nutzung ihrer Internetseite durch den Benutzer zu erm\u00f6glichen.<\/li>\n<li>Google sammelt auf seinen Servern Daten, die durch das Platzieren von Cookies auf den Ger\u00e4ten gewonnen werden, und nutzt diese Informationen zur Erstellung von Berichten sowie zur Erbringung anderer Dienstleistungen im Zusammenhang mit dem Internetverkehr und der Internetnutzung.<\/li>\n<li>Detaillierte Informationen zum Datenschutz findet der Benutzer unter der Adresse:<\/li>\n<\/ol>\n<p style=\"font-weight: 400;\"><b>SOZIALE PLUGINS<\/b><\/p>\n<ol>\n<li>Die Website verwendet Plugins, die von den folgenden Portalen bereitgestellt werden:<\/li>\n<\/ol>\n<ul>\n<li>Facebook,<\/li>\n<li>Instagram,<\/li>\n<\/ul>\n<ol>\n<li>Die oben genannten Plugins erm\u00f6glichen die Verbindung der Website mit den Portalen, sodass der Benutzer die Schaltfl\u00e4chen \u201eGef\u00e4llt mir\u201c oder \u201eTeilen\u201c anklicken kann.<\/li>\n<li>Wenn der Benutzer bei den Portalen angemeldet ist, k\u00f6nnen diese das Benutzerprofil mit seinem Profil auf diesen Portalen verkn\u00fcpfen und die Information erhalten, dass der Benutzer die Website besucht hat.<\/li>\n<li>Wenn der Benutzer nicht bei den Portalen angemeldet ist, k\u00f6nnen diese ebenfalls die Benutzerdaten erhalten.<\/li>\n<li>Wenn der Benutzer die Plugins verwendet, indem er die Schaltfl\u00e4chen \u201eGef\u00e4llt mir\u201c oder \u201eTeilen\u201c anklickt, wird die Information \u00fcber die Nutzung dieser Schaltfl\u00e4chen ebenfalls an die Server der Portale \u00fcbermittelt.<\/li>\n<li>Wenn der Benutzer nicht m\u00f6chte, dass seine Daten mit den Profilen auf den Portalen verkn\u00fcpft werden, kann er sich von den Portalen abmelden. Der Benutzer kann au\u00dferdem Plugins installieren, die das Erfassen seiner Daten durch die Portale verhindern.<\/li>\n<\/ol>\n<p style=\"font-weight: 400;\"><b>VIDEO-WIEDERGABE-PLUGIN<\/b><\/p>\n<ol>\n<li>Um den Benutzern die Wiedergabe von Videodateien zu erm\u00f6glichen, werden auf der Website Plugins des Dienstes YouTube verwendet.<\/li>\n<li>Nach dem \u00d6ffnen der Website durch den Benutzer und dem Anklicken der Plugin-Schaltfl\u00e4che wird eine Verbindung zu den Servern von YouTube hergestellt. Der Server von YouTube erh\u00e4lt die Information, dass der Benutzer die Website besucht hat.<\/li>\n<li>Wenn der Benutzer nicht m\u00f6chte, dass YouTube die Information erh\u00e4lt, dass er die Website besucht hat, kann er sich von seinem YouTube-Konto abmelden und au\u00dferdem Plugins installieren, die das Erfassen seiner Daten durch YouTube verhindern.<\/li>\n<li>Weitere Informationen \u00fcber die Datenverarbeitung durch YouTube findet der Benutzer auf der Seite: <b><em>https:\/\/www.byLama.eu\/polityka-cookies\/<\/em><\/b><\/li>\n<\/ol>\n<p style=\"font-weight: 400;\"><b>GOOGLE ADS<\/b><\/p>\n<ol>\n<li>Google Ads verwendet die \u201eCookie\u201c-Technologie, um der Website die Bewertung der Richtigkeit und Wirksamkeit ihrer Werbema\u00dfnahmen \u00fcber das Ads-Netzwerk zu erm\u00f6glichen.<\/li>\n<li>Google sammelt auf seinen Servern Daten, die durch das Platzieren von Cookies auf den Ger\u00e4ten gewonnen werden, und nutzt diese Informationen zur Erstellung von Berichten sowie zur Erbringung anderer Dienstleistungen im Zusammenhang mit dem Internetverkehr und der Internetnutzung.<\/li>\n<li>Diese Daten werden niemals mit den personenbezogenen Daten des Benutzers zusammengef\u00fchrt und dienen lediglich als Grundlage f\u00fcr statistische Analysen und Mechanismen zur Korrektur von Systemfehlern.<\/li>\n<li>Die Daten werden 12 Monate nach der letzten Aktivit\u00e4t verarbeitet, danach wird das Cookie gel\u00f6scht.<\/li>\n<li>Der Benutzer kann die f\u00fcr Marketingzwecke verwendeten Cookies in den Einstellungen seines Google-Kontos deaktivieren. Dar\u00fcber hinaus kann der Benutzer in den Cookie-Einstellungen auf der Website die Verwendung von Cookies f\u00fcr Marketingzwecke deaktivieren.<\/li>\n<li>Weitere Informationen \u00fcber die Datenverarbeitung im Rahmen von Google Ads findet der Benutzer auf der Seite:<\/li>\n<\/ol>\n<p style=\"font-weight: 400;\"><b>DEAKTIVIERUNG DER COOKIES<\/b><\/p>\n<ol>\n<li>Der Benutzer kann die Verwendung von Cookies deaktivieren, indem er die Einstellungen des von ihm verwendeten Browsers aufruft.<\/li>\n<li>Detaillierte Informationen zur Deaktivierung von Cookies findet der Benutzer im Bereich \u201eHilfe\u201c des Browsers, den er durch Dr\u00fccken der Taste F1 im Browser aufrufen kann.<\/li>\n<li>Die Deaktivierung von Cookies kann die Nutzung der Funktionen der Website unm\u00f6glich machen.<\/li>\n<\/ol>\n\t\t\t\t\t\t\t\t<\/div>\n\t\t\t\t<\/div>\n\t\t\t\t\t<\/div>\n\t\t\t\t<\/div>\n\t\t\t\t<\/div>","protected":false},"excerpt":{"rendered":"<p>Polityka Cookies Niniejsza polityka Cookies (dalej jako: \u201ePolityka\u201d) dotyczy strony internetowej dzia\u0142aj\u0105cej pod adresem www.byLama.eu: (dalej jako: \u201eStrona Internetowa\u201d) i s\u0142u\u017cy poinformowaniu U\u017cytkownik\u00f3w o rodzajach plik\u00f3w Cookies wykorzystywanych na stronie internetowej, celach ich wykorzystywania i sposobach wy\u0142\u0105czenia obs\u0142ugi plik\u00f3w Cookies w przegl\u0105darce internetowej. DEFINICJE U\u017cytkownik \u2013 ka\u017cda osoba fizyczna odwiedzaj\u0105ca stron\u0119 internetow\u0105 lub\u00a0korzystaj\u0105ca z\u00a0jednej albo\u00a0kilku [&hellip;]<\/p>","protected":false},"author":1,"featured_media":0,"parent":0,"menu_order":0,"comment_status":"closed","ping_status":"closed","template":"","meta":{"footnotes":""},"class_list":["post-5247","page","type-page","status-publish","hentry"],"yoast_head":"<!-- This site is optimized with the Yoast SEO Premium plugin v25.0 (Yoast SEO v26.7) - https:\/\/yoast.com\/wordpress\/plugins\/seo\/ -->\n<title>Luksusowe Produkty z Alpaki | Ko\u0142dry i Poduszki na bylama.eu - byLama<\/title>\n<meta name=\"description\" content=\"Odkryj luksusowe produkty z alpaki na bylama.eu \u2013 ko\u0142dry, poduszki i po\u015bciel, kt\u00f3re zapewni\u0105 Ci zdrowy i komfortowy sen. Sprawd\u017a nasz\u0105 ofert\u0119 i zainwestuj w naturalne, hipoalergiczne rozwi\u0105zania dla Twojego domu.\" \/>\n<meta name=\"robots\" content=\"noindex, follow\" \/>\n<meta property=\"og:locale\" content=\"de_DE\" \/>\n<meta property=\"og:type\" content=\"article\" \/>\n<meta property=\"og:title\" content=\"Polityka Cookies\" \/>\n<meta property=\"og:description\" content=\"Odkryj luksusowe produkty z alpaki na bylama.eu \u2013 ko\u0142dry, poduszki i po\u015bciel, kt\u00f3re zapewni\u0105 Ci zdrowy i komfortowy sen. Sprawd\u017a nasz\u0105 ofert\u0119 i zainwestuj w naturalne, hipoalergiczne rozwi\u0105zania dla Twojego domu.\" \/>\n<meta property=\"og:url\" content=\"https:\/\/bylama.eu\/de\/polityka-cookies-bylama\/\" \/>\n<meta property=\"og:site_name\" content=\"byLama\" \/>\n<meta property=\"article:publisher\" content=\"https:\/\/www.facebook.com\/bylama.eu\" \/>\n<meta property=\"article:modified_time\" content=\"2024-09-21T21:03:06+00:00\" \/>\n<meta name=\"twitter:card\" content=\"summary_large_image\" \/>\n<meta name=\"twitter:label1\" content=\"Gesch\u00e4tzte Lesezeit\" \/>\n\t<meta name=\"twitter:data1\" content=\"5\u00a0Minuten\" \/>\n<script type=\"application\/ld+json\" class=\"yoast-schema-graph\">{\"@context\":\"https:\/\/schema.org\",\"@graph\":[{\"@type\":\"WebPage\",\"@id\":\"https:\/\/bylama.eu\/polityka-cookies-bylama\/\",\"url\":\"https:\/\/bylama.eu\/polityka-cookies-bylama\/\",\"name\":\"Luksusowe Produkty z Alpaki | Ko\u0142dry i Poduszki na bylama.eu - byLama\",\"isPartOf\":{\"@id\":\"https:\/\/bylama.eu\/#website\"},\"datePublished\":\"2024-02-11T11:46:42+00:00\",\"dateModified\":\"2024-09-21T21:03:06+00:00\",\"description\":\"Odkryj luksusowe produkty z alpaki na bylama.eu \u2013 ko\u0142dry, poduszki i po\u015bciel, kt\u00f3re zapewni\u0105 Ci zdrowy i komfortowy sen. Sprawd\u017a nasz\u0105 ofert\u0119 i zainwestuj w naturalne, hipoalergiczne rozwi\u0105zania dla Twojego domu.\",\"breadcrumb\":{\"@id\":\"https:\/\/bylama.eu\/polityka-cookies-bylama\/#breadcrumb\"},\"inLanguage\":\"de\",\"potentialAction\":[{\"@type\":\"ReadAction\",\"target\":[\"https:\/\/bylama.eu\/polityka-cookies-bylama\/\"]}]},{\"@type\":\"BreadcrumbList\",\"@id\":\"https:\/\/bylama.eu\/polityka-cookies-bylama\/#breadcrumb\",\"itemListElement\":[{\"@type\":\"ListItem\",\"position\":1,\"name\":\"Home\",\"item\":\"https:\/\/bylama.eu\/\"},{\"@type\":\"ListItem\",\"position\":2,\"name\":\"Polityka Cookies\"}]},{\"@type\":\"WebSite\",\"@id\":\"https:\/\/bylama.eu\/#website\",\"url\":\"https:\/\/bylama.eu\/\",\"name\":\"byLama\",\"description\":\"Naturalny Komfort Snu\",\"publisher\":{\"@id\":\"https:\/\/bylama.eu\/#organization\"},\"alternateName\":\"byLama.eu\",\"potentialAction\":[{\"@type\":\"SearchAction\",\"target\":{\"@type\":\"EntryPoint\",\"urlTemplate\":\"https:\/\/bylama.eu\/?s={search_term_string}\"},\"query-input\":{\"@type\":\"PropertyValueSpecification\",\"valueRequired\":true,\"valueName\":\"search_term_string\"}}],\"inLanguage\":\"de\"},{\"@type\":\"Organization\",\"@id\":\"https:\/\/bylama.eu\/#organization\",\"name\":\"byLama\",\"alternateName\":\"bylama.eu\",\"url\":\"https:\/\/bylama.eu\/\",\"logo\":{\"@type\":\"ImageObject\",\"inLanguage\":\"de\",\"@id\":\"https:\/\/bylama.eu\/#\/schema\/logo\/image\/\",\"url\":\"https:\/\/bylama.eu\/wp-content\/uploads\/2024\/09\/Logo.jpeg\",\"contentUrl\":\"https:\/\/bylama.eu\/wp-content\/uploads\/2024\/09\/Logo.jpeg\",\"width\":2000,\"height\":2000,\"caption\":\"byLama\"},\"image\":{\"@id\":\"https:\/\/bylama.eu\/#\/schema\/logo\/image\/\"},\"sameAs\":[\"https:\/\/www.facebook.com\/bylama.eu\",\"https:\/\/www.instagram.com\/bylama.eu\"]}]}<\/script>\n<!-- \/ Yoast SEO Premium plugin. -->","yoast_head_json":{"title":"Luksusowe Produkty z Alpaki | Ko\u0142dry i Poduszki na bylama.eu - byLama","description":"Odkryj luksusowe produkty z alpaki na bylama.eu \u2013 ko\u0142dry, poduszki i po\u015bciel, kt\u00f3re zapewni\u0105 Ci zdrowy i komfortowy sen. Sprawd\u017a nasz\u0105 ofert\u0119 i zainwestuj w naturalne, hipoalergiczne rozwi\u0105zania dla Twojego domu.","robots":{"index":"noindex","follow":"follow"},"og_locale":"de_DE","og_type":"article","og_title":"Polityka Cookies","og_description":"Odkryj luksusowe produkty z alpaki na bylama.eu \u2013 ko\u0142dry, poduszki i po\u015bciel, kt\u00f3re zapewni\u0105 Ci zdrowy i komfortowy sen. Sprawd\u017a nasz\u0105 ofert\u0119 i zainwestuj w naturalne, hipoalergiczne rozwi\u0105zania dla Twojego domu.","og_url":"https:\/\/bylama.eu\/de\/polityka-cookies-bylama\/","og_site_name":"byLama","article_publisher":"https:\/\/www.facebook.com\/bylama.eu","article_modified_time":"2024-09-21T21:03:06+00:00","twitter_card":"summary_large_image","twitter_misc":{"Gesch\u00e4tzte Lesezeit":"5\u00a0Minuten"},"schema":{"@context":"https:\/\/schema.org","@graph":[{"@type":"WebPage","@id":"https:\/\/bylama.eu\/polityka-cookies-bylama\/","url":"https:\/\/bylama.eu\/polityka-cookies-bylama\/","name":"Luksusowe Produkty z Alpaki | Ko\u0142dry i Poduszki na bylama.eu - byLama","isPartOf":{"@id":"https:\/\/bylama.eu\/#website"},"datePublished":"2024-02-11T11:46:42+00:00","dateModified":"2024-09-21T21:03:06+00:00","description":"Odkryj luksusowe produkty z alpaki na bylama.eu \u2013 ko\u0142dry, poduszki i po\u015bciel, kt\u00f3re zapewni\u0105 Ci zdrowy i komfortowy sen. Sprawd\u017a nasz\u0105 ofert\u0119 i zainwestuj w naturalne, hipoalergiczne rozwi\u0105zania dla Twojego domu.","breadcrumb":{"@id":"https:\/\/bylama.eu\/polityka-cookies-bylama\/#breadcrumb"},"inLanguage":"de","potentialAction":[{"@type":"ReadAction","target":["https:\/\/bylama.eu\/polityka-cookies-bylama\/"]}]},{"@type":"BreadcrumbList","@id":"https:\/\/bylama.eu\/polityka-cookies-bylama\/#breadcrumb","itemListElement":[{"@type":"ListItem","position":1,"name":"Home","item":"https:\/\/bylama.eu\/"},{"@type":"ListItem","position":2,"name":"Polityka Cookies"}]},{"@type":"WebSite","@id":"https:\/\/bylama.eu\/#website","url":"https:\/\/bylama.eu\/","name":"byLama","description":"Naturalny Komfort Snu","publisher":{"@id":"https:\/\/bylama.eu\/#organization"},"alternateName":"byLama.eu","potentialAction":[{"@type":"SearchAction","target":{"@type":"EntryPoint","urlTemplate":"https:\/\/bylama.eu\/?s={search_term_string}"},"query-input":{"@type":"PropertyValueSpecification","valueRequired":true,"valueName":"search_term_string"}}],"inLanguage":"de"},{"@type":"Organization","@id":"https:\/\/bylama.eu\/#organization","name":"byLama","alternateName":"bylama.eu","url":"https:\/\/bylama.eu\/","logo":{"@type":"ImageObject","inLanguage":"de","@id":"https:\/\/bylama.eu\/#\/schema\/logo\/image\/","url":"https:\/\/bylama.eu\/wp-content\/uploads\/2024\/09\/Logo.jpeg","contentUrl":"https:\/\/bylama.eu\/wp-content\/uploads\/2024\/09\/Logo.jpeg","width":2000,"height":2000,"caption":"byLama"},"image":{"@id":"https:\/\/bylama.eu\/#\/schema\/logo\/image\/"},"sameAs":["https:\/\/www.facebook.com\/bylama.eu","https:\/\/www.instagram.com\/bylama.eu"]}]}},"_links":{"self":[{"href":"https:\/\/bylama.eu\/de\/wp-json\/wp\/v2\/pages\/5247","targetHints":{"allow":["GET"]}}],"collection":[{"href":"https:\/\/bylama.eu\/de\/wp-json\/wp\/v2\/pages"}],"about":[{"href":"https:\/\/bylama.eu\/de\/wp-json\/wp\/v2\/types\/page"}],"author":[{"embeddable":true,"href":"https:\/\/bylama.eu\/de\/wp-json\/wp\/v2\/users\/1"}],"replies":[{"embeddable":true,"href":"https:\/\/bylama.eu\/de\/wp-json\/wp\/v2\/comments?post=5247"}],"version-history":[{"count":0,"href":"https:\/\/bylama.eu\/de\/wp-json\/wp\/v2\/pages\/5247\/revisions"}],"wp:attachment":[{"href":"https:\/\/bylama.eu\/de\/wp-json\/wp\/v2\/media?parent=5247"}],"curies":[{"name":"wp","href":"https:\/\/api.w.org\/{rel}","templated":true}]}}