{"id":12,"date":"2024-01-30T18:38:07","date_gmt":"2024-01-30T18:38:07","guid":{"rendered":"http:\/\/bylama.eu\/index.php\/cart\/"},"modified":"2024-09-21T22:58:24","modified_gmt":"2024-09-21T20:58:24","slug":"koszyk-bylama","status":"publish","type":"page","link":"https:\/\/bylama.eu\/de\/koszyk-bylama\/","title":{"rendered":"Koszyk"},"content":{"rendered":"","protected":false},"excerpt":{"rendered":"","protected":false},"author":1,"featured_media":0,"parent":0,"menu_order":0,"comment_status":"closed","ping_status":"closed","template":"","meta":{"footnotes":""},"class_list":["post-12","page","type-page","status-publish","hentry"],"yoast_head":"<!-- This site is optimized with the Yoast SEO Premium plugin v25.0 (Yoast SEO v26.7) - https:\/\/yoast.com\/wordpress\/plugins\/seo\/ -->\n<title>Luksusowe Produkty z Alpaki | Ko\u0142dry i Poduszki na bylama.eu - byLama<\/title>\n<meta name=\"description\" content=\"Odkryj luksusowe produkty z alpaki na bylama.eu \u2013 ko\u0142dry, poduszki i po\u015bciel, kt\u00f3re zapewni\u0105 Ci zdrowy i komfortowy sen. Sprawd\u017a nasz\u0105 ofert\u0119 i zainwestuj w naturalne, hipoalergiczne rozwi\u0105zania dla Twojego domu.\" \/>\n<meta name=\"robots\" content=\"noindex, follow\" \/>\n<meta property=\"og:locale\" content=\"de_DE\" \/>\n<meta property=\"og:type\" content=\"article\" \/>\n<meta property=\"og:title\" content=\"Koszyk\" \/>\n<meta property=\"og:description\" content=\"Odkryj luksusowe produkty z alpaki na bylama.eu \u2013 ko\u0142dry, poduszki i po\u015bciel, kt\u00f3re zapewni\u0105 Ci zdrowy i komfortowy sen. Sprawd\u017a nasz\u0105 ofert\u0119 i zainwestuj w naturalne, hipoalergiczne rozwi\u0105zania dla Twojego domu.\" \/>\n<meta property=\"og:url\" content=\"https:\/\/bylama.eu\/de\/koszyk-bylama\/\" \/>\n<meta property=\"og:site_name\" content=\"byLama\" \/>\n<meta property=\"article:publisher\" content=\"https:\/\/www.facebook.com\/bylama.eu\" \/>\n<meta property=\"article:modified_time\" content=\"2024-09-21T20:58:24+00:00\" \/>\n<meta name=\"twitter:card\" content=\"summary_large_image\" \/>\n<script type=\"application\/ld+json\" class=\"yoast-schema-graph\">{\"@context\":\"https:\/\/schema.org\",\"@graph\":[{\"@type\":\"WebPage\",\"@id\":\"https:\/\/bylama.eu\/koszyk-bylama\/\",\"url\":\"https:\/\/bylama.eu\/koszyk-bylama\/\",\"name\":\"Luksusowe Produkty z Alpaki | Ko\u0142dry i Poduszki na bylama.eu - byLama\",\"isPartOf\":{\"@id\":\"https:\/\/bylama.eu\/#website\"},\"datePublished\":\"2024-01-30T18:38:07+00:00\",\"dateModified\":\"2024-09-21T20:58:24+00:00\",\"description\":\"Odkryj luksusowe produkty z alpaki na bylama.eu \u2013 ko\u0142dry, poduszki i po\u015bciel, kt\u00f3re zapewni\u0105 Ci zdrowy i komfortowy sen. Sprawd\u017a nasz\u0105 ofert\u0119 i zainwestuj w naturalne, hipoalergiczne rozwi\u0105zania dla Twojego domu.\",\"breadcrumb\":{\"@id\":\"https:\/\/bylama.eu\/koszyk-bylama\/#breadcrumb\"},\"inLanguage\":\"de\",\"potentialAction\":[{\"@type\":\"ReadAction\",\"target\":[\"https:\/\/bylama.eu\/koszyk-bylama\/\"]}]},{\"@type\":\"BreadcrumbList\",\"@id\":\"https:\/\/bylama.eu\/koszyk-bylama\/#breadcrumb\",\"itemListElement\":[{\"@type\":\"ListItem\",\"position\":1,\"name\":\"Home\",\"item\":\"https:\/\/bylama.eu\/\"},{\"@type\":\"ListItem\",\"position\":2,\"name\":\"Koszyk\"}]},{\"@type\":\"WebSite\",\"@id\":\"https:\/\/bylama.eu\/#website\",\"url\":\"https:\/\/bylama.eu\/\",\"name\":\"byLama\",\"description\":\"Naturalny Komfort Snu\",\"publisher\":{\"@id\":\"https:\/\/bylama.eu\/#organization\"},\"alternateName\":\"byLama.eu\",\"potentialAction\":[{\"@type\":\"SearchAction\",\"target\":{\"@type\":\"EntryPoint\",\"urlTemplate\":\"https:\/\/bylama.eu\/?s={search_term_string}\"},\"query-input\":{\"@type\":\"PropertyValueSpecification\",\"valueRequired\":true,\"valueName\":\"search_term_string\"}}],\"inLanguage\":\"de\"},{\"@type\":\"Organization\",\"@id\":\"https:\/\/bylama.eu\/#organization\",\"name\":\"byLama\",\"alternateName\":\"bylama.eu\",\"url\":\"https:\/\/bylama.eu\/\",\"logo\":{\"@type\":\"ImageObject\",\"inLanguage\":\"de\",\"@id\":\"https:\/\/bylama.eu\/#\/schema\/logo\/image\/\",\"url\":\"https:\/\/bylama.eu\/wp-content\/uploads\/2024\/09\/Logo.jpeg\",\"contentUrl\":\"https:\/\/bylama.eu\/wp-content\/uploads\/2024\/09\/Logo.jpeg\",\"width\":2000,\"height\":2000,\"caption\":\"byLama\"},\"image\":{\"@id\":\"https:\/\/bylama.eu\/#\/schema\/logo\/image\/\"},\"sameAs\":[\"https:\/\/www.facebook.com\/bylama.eu\",\"https:\/\/www.instagram.com\/bylama.eu\"]}]}<\/script>\n<!-- \/ Yoast SEO Premium plugin. -->","yoast_head_json":{"title":"Luksusowe Produkty z Alpaki | Ko\u0142dry i Poduszki na bylama.eu - byLama","description":"Odkryj luksusowe produkty z alpaki na bylama.eu \u2013 ko\u0142dry, poduszki i po\u015bciel, kt\u00f3re zapewni\u0105 Ci zdrowy i komfortowy sen. Sprawd\u017a nasz\u0105 ofert\u0119 i zainwestuj w naturalne, hipoalergiczne rozwi\u0105zania dla Twojego domu.","robots":{"index":"noindex","follow":"follow"},"og_locale":"de_DE","og_type":"article","og_title":"Koszyk","og_description":"Odkryj luksusowe produkty z alpaki na bylama.eu \u2013 ko\u0142dry, poduszki i po\u015bciel, kt\u00f3re zapewni\u0105 Ci zdrowy i komfortowy sen. Sprawd\u017a nasz\u0105 ofert\u0119 i zainwestuj w naturalne, hipoalergiczne rozwi\u0105zania dla Twojego domu.","og_url":"https:\/\/bylama.eu\/de\/koszyk-bylama\/","og_site_name":"byLama","article_publisher":"https:\/\/www.facebook.com\/bylama.eu","article_modified_time":"2024-09-21T20:58:24+00:00","twitter_card":"summary_large_image","schema":{"@context":"https:\/\/schema.org","@graph":[{"@type":"WebPage","@id":"https:\/\/bylama.eu\/koszyk-bylama\/","url":"https:\/\/bylama.eu\/koszyk-bylama\/","name":"Luksusowe Produkty z Alpaki | Ko\u0142dry i Poduszki na bylama.eu - byLama","isPartOf":{"@id":"https:\/\/bylama.eu\/#website"},"datePublished":"2024-01-30T18:38:07+00:00","dateModified":"2024-09-21T20:58:24+00:00","description":"Odkryj luksusowe produkty z alpaki na bylama.eu \u2013 ko\u0142dry, poduszki i po\u015bciel, kt\u00f3re zapewni\u0105 Ci zdrowy i komfortowy sen. Sprawd\u017a nasz\u0105 ofert\u0119 i zainwestuj w naturalne, hipoalergiczne rozwi\u0105zania dla Twojego domu.","breadcrumb":{"@id":"https:\/\/bylama.eu\/koszyk-bylama\/#breadcrumb"},"inLanguage":"de","potentialAction":[{"@type":"ReadAction","target":["https:\/\/bylama.eu\/koszyk-bylama\/"]}]},{"@type":"BreadcrumbList","@id":"https:\/\/bylama.eu\/koszyk-bylama\/#breadcrumb","itemListElement":[{"@type":"ListItem","position":1,"name":"Home","item":"https:\/\/bylama.eu\/"},{"@type":"ListItem","position":2,"name":"Koszyk"}]},{"@type":"WebSite","@id":"https:\/\/bylama.eu\/#website","url":"https:\/\/bylama.eu\/","name":"byLama","description":"Naturalny Komfort Snu","publisher":{"@id":"https:\/\/bylama.eu\/#organization"},"alternateName":"byLama.eu","potentialAction":[{"@type":"SearchAction","target":{"@type":"EntryPoint","urlTemplate":"https:\/\/bylama.eu\/?s={search_term_string}"},"query-input":{"@type":"PropertyValueSpecification","valueRequired":true,"valueName":"search_term_string"}}],"inLanguage":"de"},{"@type":"Organization","@id":"https:\/\/bylama.eu\/#organization","name":"byLama","alternateName":"bylama.eu","url":"https:\/\/bylama.eu\/","logo":{"@type":"ImageObject","inLanguage":"de","@id":"https:\/\/bylama.eu\/#\/schema\/logo\/image\/","url":"https:\/\/bylama.eu\/wp-content\/uploads\/2024\/09\/Logo.jpeg","contentUrl":"https:\/\/bylama.eu\/wp-content\/uploads\/2024\/09\/Logo.jpeg","width":2000,"height":2000,"caption":"byLama"},"image":{"@id":"https:\/\/bylama.eu\/#\/schema\/logo\/image\/"},"sameAs":["https:\/\/www.facebook.com\/bylama.eu","https:\/\/www.instagram.com\/bylama.eu"]}]}},"_links":{"self":[{"href":"https:\/\/bylama.eu\/de\/wp-json\/wp\/v2\/pages\/12","targetHints":{"allow":["GET"]}}],"collection":[{"href":"https:\/\/bylama.eu\/de\/wp-json\/wp\/v2\/pages"}],"about":[{"href":"https:\/\/bylama.eu\/de\/wp-json\/wp\/v2\/types\/page"}],"author":[{"embeddable":true,"href":"https:\/\/bylama.eu\/de\/wp-json\/wp\/v2\/users\/1"}],"replies":[{"embeddable":true,"href":"https:\/\/bylama.eu\/de\/wp-json\/wp\/v2\/comments?post=12"}],"version-history":[{"count":0,"href":"https:\/\/bylama.eu\/de\/wp-json\/wp\/v2\/pages\/12\/revisions"}],"wp:attachment":[{"href":"https:\/\/bylama.eu\/de\/wp-json\/wp\/v2\/media?parent=12"}],"curies":[{"name":"wp","href":"https:\/\/api.w.org\/{rel}","templated":true}]}}